{"id":1309,"date":"2024-06-21T09:26:12","date_gmt":"2024-06-21T09:26:12","guid":{"rendered":"https:\/\/www.safavifinancial.com\/carrieres-au-cabinet-safavi\/"},"modified":"2024-07-06T09:09:19","modified_gmt":"2024-07-06T09:09:19","slug":"carrieres-au-cabinet-safavi","status":"publish","type":"page","link":"http:\/\/www.safavifinancial.com\/fr\/carrieres-au-cabinet-safavi\/","title":{"rendered":"Carri\u00e8res au cabinet Safavi"},"content":{"rendered":"\t\t<div data-elementor-type=\"wp-page\" data-elementor-id=\"1309\" class=\"elementor elementor-1309 elementor-180\" data-elementor-post-type=\"page\">\n\t\t\t\t<div class=\"elementor-element elementor-element-606de759 e-flex e-con-boxed e-con e-parent\" data-id=\"606de759\" data-element_type=\"container\" data-settings=\"{&quot;background_background&quot;:&quot;classic&quot;}\">\n\t\t\t\t\t<div class=\"e-con-inner\">\n\t\t<div class=\"elementor-element elementor-element-9e614ed e-flex e-con-boxed e-con e-child\" data-id=\"9e614ed\" data-element_type=\"container\">\n\t\t\t\t\t<div class=\"e-con-inner\">\n\t\t\t\t<div class=\"elementor-element elementor-element-464a46f6 elementor-widget elementor-widget-heading\" data-id=\"464a46f6\" data-element_type=\"widget\" data-widget_type=\"heading.default\">\n\t\t\t\t<div class=\"elementor-widget-container\">\n\t\t\t\t\t<h1 class=\"elementor-heading-title elementor-size-default\">Carri\u00e8res au cabinet Safavi<\/h1>\t\t\t\t<\/div>\n\t\t\t\t<\/div>\n\t\t\t\t<div class=\"elementor-element elementor-element-3604428c elementor-widget elementor-widget-heading\" data-id=\"3604428c\" data-element_type=\"widget\" data-widget_type=\"heading.default\">\n\t\t\t\t<div class=\"elementor-widget-container\">\n\t\t\t\t\t<h4 class=\"elementor-heading-title elementor-size-default\">nous croyons que notre force r\u00e9side dans notre personnel<\/h4>\t\t\t\t<\/div>\n\t\t\t\t<\/div>\n\t\t\t\t\t<\/div>\n\t\t\t\t<\/div>\n\t\t\t\t\t<\/div>\n\t\t\t\t<\/div>\n\t\t<div class=\"elementor-element elementor-element-209439a4 e-flex e-con-boxed e-con e-parent\" data-id=\"209439a4\" data-element_type=\"container\" data-settings=\"{&quot;background_background&quot;:&quot;classic&quot;}\">\n\t\t\t\t\t<div class=\"e-con-inner\">\n\t\t<div class=\"elementor-element elementor-element-403fd9e1 e-con-full e-flex e-con e-child\" data-id=\"403fd9e1\" data-element_type=\"container\" data-settings=\"{&quot;background_background&quot;:&quot;classic&quot;}\">\n\t\t\t\t<div class=\"elementor-element elementor-element-69732f97 elementor-widget elementor-widget-image\" data-id=\"69732f97\" data-element_type=\"widget\" data-widget_type=\"image.default\">\n\t\t\t\t<div class=\"elementor-widget-container\">\n\t\t\t\t\t\t\t\t\t\t\t\t\t\t\t<img fetchpriority=\"high\" decoding=\"async\" width=\"1280\" height=\"848\" src=\"http:\/\/www.safavifinancial.com\/wp-content\/uploads\/2024\/06\/17-1.jpg\" class=\"attachment-full size-full wp-image-1155\" alt=\"\" srcset=\"http:\/\/www.safavifinancial.com\/wp-content\/uploads\/2024\/06\/17-1.jpg 1280w, http:\/\/www.safavifinancial.com\/wp-content\/uploads\/2024\/06\/17-1-300x199.jpg 300w, http:\/\/www.safavifinancial.com\/wp-content\/uploads\/2024\/06\/17-1-1024x678.jpg 1024w, http:\/\/www.safavifinancial.com\/wp-content\/uploads\/2024\/06\/17-1-768x509.jpg 768w\" sizes=\"(max-width: 1280px) 100vw, 1280px\" \/>\t\t\t\t\t\t\t\t\t\t\t\t\t\t\t<\/div>\n\t\t\t\t<\/div>\n\t\t\t\t<\/div>\n\t\t<div class=\"elementor-element elementor-element-353b8eea e-con-full e-flex e-con e-child\" data-id=\"353b8eea\" data-element_type=\"container\" data-settings=\"{&quot;background_background&quot;:&quot;classic&quot;}\">\n\t\t\t\t<div class=\"elementor-element elementor-element-8155ad1 elementor-widget elementor-widget-heading\" data-id=\"8155ad1\" data-element_type=\"widget\" data-widget_type=\"heading.default\">\n\t\t\t\t<div class=\"elementor-widget-container\">\n\t\t\t\t\t<h6 class=\"elementor-heading-title elementor-size-default\">Carri\u00e8res au cabinet Safavi<\/h6>\t\t\t\t<\/div>\n\t\t\t\t<\/div>\n\t\t\t\t<div class=\"elementor-element elementor-element-3254a67d elementor-widget elementor-widget-heading\" data-id=\"3254a67d\" data-element_type=\"widget\" data-widget_type=\"heading.default\">\n\t\t\t\t<div class=\"elementor-widget-container\">\n\t\t\t\t\t<h2 class=\"elementor-heading-title elementor-size-default\">Chez Safavi Financial Firm, nous pensons que notre force r\u00e9side dans notre personnel.<\/h2>\t\t\t\t<\/div>\n\t\t\t\t<\/div>\n\t\t\t\t<div class=\"elementor-element elementor-element-270cc5c elementor-widget elementor-widget-text-editor\" data-id=\"270cc5c\" data-element_type=\"widget\" data-widget_type=\"text-editor.default\">\n\t\t\t\t<div class=\"elementor-widget-container\">\n\t\t\t\t\t\t\t\t\t<p>Les membres de notre \u00e9quipe sont encourag\u00e9s \u00e0 apporter des id\u00e9es nouvelles, \u00e0 remettre en question les pratiques conventionnelles et \u00e0 contribuer \u00e0 notre am\u00e9lioration continue. Nous misons sur la technologie et la cr\u00e9ativit\u00e9 pour rester \u00e0 l&rsquo;avant-garde d&rsquo;un paysage financier en constante \u00e9volution.<\/p>\n<p>Si vous \u00eates passionn\u00e9(e) par les services financiers et que vous cherchez \u00e0 \u00e9voluer dans un environnement stimulant, nous serions ravis de vous conna\u00eetre. Safavi Financial Firm est toujours \u00e0 la recherche de personnes talentueuses qui partagent nos valeurs d&rsquo;int\u00e9grit\u00e9, d&rsquo;innovation et d&rsquo;inclusion. D\u00e9couvrez nos offres d&#8217;emploi actuelles sur notre page Carri\u00e8res et voyez comment vous pouvez contribuer \u00e0 notre mission, qui est de fournir des services financiers exceptionnels.<\/p>\n\t\t\t\t\t\t\t\t<\/div>\n\t\t\t\t<\/div>\n\t\t\t\t<\/div>\n\t\t\t\t\t<\/div>\n\t\t\t\t<\/div>\n\t\t\t\t<\/div>\n\t\t","protected":false},"excerpt":{"rendered":"<p>nous croyons que notre force r\u00e9side dans notre personnel Carri\u00e8res au cabinet Safavi Chez Safavi Financial Firm, nous pensons que notre force r\u00e9side dans notre personnel. Les membres de notre \u00e9quipe sont encourag\u00e9s \u00e0 apporter des id\u00e9es nouvelles, \u00e0 remettre en question les pratiques conventionnelles et \u00e0 contribuer \u00e0 notre am\u00e9lioration continue. Nous misons sur [&hellip;]<\/p>\n","protected":false},"author":1,"featured_media":0,"parent":0,"menu_order":0,"comment_status":"closed","ping_status":"closed","template":"elementor_header_footer","meta":{"footnotes":""},"class_list":["post-1309","page","type-page","status-publish","hentry"],"_links":{"self":[{"href":"http:\/\/www.safavifinancial.com\/fr\/wp-json\/wp\/v2\/pages\/1309","targetHints":{"allow":["GET"]}}],"collection":[{"href":"http:\/\/www.safavifinancial.com\/fr\/wp-json\/wp\/v2\/pages"}],"about":[{"href":"http:\/\/www.safavifinancial.com\/fr\/wp-json\/wp\/v2\/types\/page"}],"author":[{"embeddable":true,"href":"http:\/\/www.safavifinancial.com\/fr\/wp-json\/wp\/v2\/users\/1"}],"replies":[{"embeddable":true,"href":"http:\/\/www.safavifinancial.com\/fr\/wp-json\/wp\/v2\/comments?post=1309"}],"version-history":[{"count":0,"href":"http:\/\/www.safavifinancial.com\/fr\/wp-json\/wp\/v2\/pages\/1309\/revisions"}],"wp:attachment":[{"href":"http:\/\/www.safavifinancial.com\/fr\/wp-json\/wp\/v2\/media?parent=1309"}],"curies":[{"name":"wp","href":"https:\/\/api.w.org\/{rel}","templated":true}]}}