{"id":1328,"date":"2024-06-21T09:29:19","date_gmt":"2024-06-21T09:29:19","guid":{"rendered":"https:\/\/www.safavifinancial.com\/services-dintegration-financiere-des-immigrants\/"},"modified":"2025-04-29T14:49:54","modified_gmt":"2025-04-29T14:49:54","slug":"services-dintegration-financiere-des-immigrants","status":"publish","type":"page","link":"http:\/\/www.safavifinancial.com\/fr\/services-dintegration-financiere-des-immigrants\/","title":{"rendered":"Services d&rsquo;int\u00e9gration financi\u00e8re des immigrants"},"content":{"rendered":"\t\t<div data-elementor-type=\"wp-page\" data-elementor-id=\"1328\" class=\"elementor elementor-1328 elementor-190\" data-elementor-post-type=\"page\">\n\t\t\t\t<div class=\"elementor-element elementor-element-106a6f46 e-flex e-con-boxed e-con e-parent\" data-id=\"106a6f46\" data-element_type=\"container\" data-settings=\"{&quot;background_background&quot;:&quot;classic&quot;}\">\n\t\t\t\t\t<div class=\"e-con-inner\">\n\t\t<div class=\"elementor-element elementor-element-6e20a7df e-flex e-con-boxed e-con e-child\" data-id=\"6e20a7df\" data-element_type=\"container\">\n\t\t\t\t\t<div class=\"e-con-inner\">\n\t\t\t\t<div class=\"elementor-element elementor-element-29c88309 elementor-widget elementor-widget-heading\" data-id=\"29c88309\" data-element_type=\"widget\" data-widget_type=\"heading.default\">\n\t\t\t\t<div class=\"elementor-widget-container\">\n\t\t\t\t\t<h1 class=\"elementor-heading-title elementor-size-default\">Services d&rsquo;int\u00e9gration financi\u00e8re des immigrants<\/h1>\t\t\t\t<\/div>\n\t\t\t\t<\/div>\n\t\t\t\t<div class=\"elementor-element elementor-element-3f67e63d elementor-widget elementor-widget-heading\" data-id=\"3f67e63d\" data-element_type=\"widget\" data-widget_type=\"heading.default\">\n\t\t\t\t<div class=\"elementor-widget-container\">\n\t\t\t\t\t<h4 class=\"elementor-heading-title elementor-size-default\">services financiers pour les immigrants Canada<\/h4>\t\t\t\t<\/div>\n\t\t\t\t<\/div>\n\t\t\t\t\t<\/div>\n\t\t\t\t<\/div>\n\t\t\t\t\t<\/div>\n\t\t\t\t<\/div>\n\t\t<div class=\"elementor-element elementor-element-37a3c6c8 e-flex e-con-boxed e-con e-parent\" data-id=\"37a3c6c8\" data-element_type=\"container\" data-settings=\"{&quot;background_background&quot;:&quot;classic&quot;}\">\n\t\t\t\t\t<div class=\"e-con-inner\">\n\t\t<div class=\"elementor-element elementor-element-33c22d8a e-con-full e-flex e-con e-child\" data-id=\"33c22d8a\" data-element_type=\"container\">\n\t\t\t\t<div class=\"elementor-element elementor-element-5d07546a elementor-widget elementor-widget-heading\" data-id=\"5d07546a\" data-element_type=\"widget\" data-widget_type=\"heading.default\">\n\t\t\t\t<div class=\"elementor-widget-container\">\n\t\t\t\t\t<h6 class=\"elementor-heading-title elementor-size-default\">Services d'int\u00e9gration financi\u00e8re des immigrants<\/h6>\t\t\t\t<\/div>\n\t\t\t\t<\/div>\n\t\t\t\t<div class=\"elementor-element elementor-element-764ce96b elementor-widget elementor-widget-heading\" data-id=\"764ce96b\" data-element_type=\"widget\" data-widget_type=\"heading.default\">\n\t\t\t\t<div class=\"elementor-widget-container\">\n\t\t\t\t\t<h2 class=\"elementor-heading-title elementor-size-default\">services financiers pour les immigrants Canada<\/h2>\t\t\t\t<\/div>\n\t\t\t\t<\/div>\n\t\t\t\t<div class=\"elementor-element elementor-element-1f888419 elementor-widget elementor-widget-heading\" data-id=\"1f888419\" data-element_type=\"widget\" data-widget_type=\"heading.default\">\n\t\t\t\t<div class=\"elementor-widget-container\">\n\t\t\t\t\t<div class=\"elementor-heading-title elementor-size-default\">\nS'orienter dans un nouveau syst\u00e8me financier peut \u00eatre d\u00e9courageant pour les immigrants. Nos services d'int\u00e9gration financi\u00e8re des immigrants sont sp\u00e9cialement con\u00e7us pour aider les nouveaux arrivants \u00e0 \u00e9tablir une base financi\u00e8re au Canada. Nous vous conseillons sur tous les sujets, de l'ouverture d'un compte bancaire \u00e0 la compr\u00e9hension des lois financi\u00e8res canadiennes, en passant par l'optimisation du cr\u00e9dit. En outre, nous proposons des strat\u00e9gies compl\u00e8tes de gestion des risques par le biais de diverses options d'assurance, y compris une assurance voyage adapt\u00e9e aux nouveaux arrivants. Nos services comprennent \u00e9galement des opportunit\u00e9s d'investissement, vous aidant \u00e0 accro\u00eetre vos ressources financi\u00e8res au fur et \u00e0 mesure que vous vous installez dans votre nouvelle vie. <\/div>\t\t\t\t<\/div>\n\t\t\t\t<\/div>\n\t\t\t\t<div class=\"elementor-element elementor-element-19629fe2 elementor-widget elementor-widget-button\" data-id=\"19629fe2\" data-element_type=\"widget\" data-widget_type=\"button.default\">\n\t\t\t\t<div class=\"elementor-widget-container\">\n\t\t\t\t\t\t\t\t\t<div class=\"elementor-button-wrapper\">\n\t\t\t\t\t<a class=\"elementor-button elementor-button-link elementor-size-md\" href=\"https:\/\/www.safavifinancial.com\/online-consultation-scheduling\/\">\n\t\t\t\t\t\t<span class=\"elementor-button-content-wrapper\">\n\t\t\t\t\t\t\t\t\t<span class=\"elementor-button-text\">En savoir plus<\/span>\n\t\t\t\t\t<\/span>\n\t\t\t\t\t<\/a>\n\t\t\t\t<\/div>\n\t\t\t\t\t\t\t\t<\/div>\n\t\t\t\t<\/div>\n\t\t\t\t<\/div>\n\t\t<div class=\"elementor-element elementor-element-7bd3048a e-con-full e-flex e-con e-child\" data-id=\"7bd3048a\" data-element_type=\"container\">\n\t\t\t\t<div class=\"elementor-element elementor-element-8e1bf7c elementor-widget elementor-widget-image\" data-id=\"8e1bf7c\" data-element_type=\"widget\" data-widget_type=\"image.default\">\n\t\t\t\t<div class=\"elementor-widget-container\">\n\t\t\t\t\t\t\t\t\t\t\t\t\t\t\t<img fetchpriority=\"high\" decoding=\"async\" width=\"1280\" height=\"848\" src=\"http:\/\/www.safavifinancial.com\/wp-content\/uploads\/2024\/06\/29.jpg\" class=\"attachment-full size-full wp-image-1164\" alt=\"\" srcset=\"http:\/\/www.safavifinancial.com\/wp-content\/uploads\/2024\/06\/29.jpg 1280w, http:\/\/www.safavifinancial.com\/wp-content\/uploads\/2024\/06\/29-300x199.jpg 300w, http:\/\/www.safavifinancial.com\/wp-content\/uploads\/2024\/06\/29-1024x678.jpg 1024w, http:\/\/www.safavifinancial.com\/wp-content\/uploads\/2024\/06\/29-768x509.jpg 768w\" sizes=\"(max-width: 1280px) 100vw, 1280px\" \/>\t\t\t\t\t\t\t\t\t\t\t\t\t\t\t<\/div>\n\t\t\t\t<\/div>\n\t\t\t\t<\/div>\n\t\t\t\t\t<\/div>\n\t\t\t\t<\/div>\n\t\t\t\t<\/div>\n\t\t","protected":false},"excerpt":{"rendered":"<p>services financiers pour les immigrants Canada Services d&rsquo;int\u00e9gration financi\u00e8re des immigrants services financiers pour les immigrants Canada S&rsquo;orienter dans un nouveau syst\u00e8me financier peut \u00eatre d\u00e9courageant pour les immigrants. Nos services d&rsquo;int\u00e9gration financi\u00e8re des immigrants sont sp\u00e9cialement con\u00e7us pour aider les nouveaux arrivants \u00e0 \u00e9tablir une base financi\u00e8re au Canada. Nous vous conseillons sur tous [&hellip;]<\/p>\n","protected":false},"author":1,"featured_media":0,"parent":0,"menu_order":0,"comment_status":"closed","ping_status":"closed","template":"elementor_header_footer","meta":{"footnotes":""},"class_list":["post-1328","page","type-page","status-publish","hentry"],"_links":{"self":[{"href":"http:\/\/www.safavifinancial.com\/fr\/wp-json\/wp\/v2\/pages\/1328","targetHints":{"allow":["GET"]}}],"collection":[{"href":"http:\/\/www.safavifinancial.com\/fr\/wp-json\/wp\/v2\/pages"}],"about":[{"href":"http:\/\/www.safavifinancial.com\/fr\/wp-json\/wp\/v2\/types\/page"}],"author":[{"embeddable":true,"href":"http:\/\/www.safavifinancial.com\/fr\/wp-json\/wp\/v2\/users\/1"}],"replies":[{"embeddable":true,"href":"http:\/\/www.safavifinancial.com\/fr\/wp-json\/wp\/v2\/comments?post=1328"}],"version-history":[{"count":2,"href":"http:\/\/www.safavifinancial.com\/fr\/wp-json\/wp\/v2\/pages\/1328\/revisions"}],"predecessor-version":[{"id":3889,"href":"http:\/\/www.safavifinancial.com\/fr\/wp-json\/wp\/v2\/pages\/1328\/revisions\/3889"}],"wp:attachment":[{"href":"http:\/\/www.safavifinancial.com\/fr\/wp-json\/wp\/v2\/media?parent=1328"}],"curies":[{"name":"wp","href":"https:\/\/api.w.org\/{rel}","templated":true}]}}