{"id":1374,"date":"2024-06-21T09:35:48","date_gmt":"2024-06-21T09:35:48","guid":{"rendered":"https:\/\/www.safavifinancial.com\/gestion-des-risques\/"},"modified":"2024-07-06T09:09:30","modified_gmt":"2024-07-06T09:09:30","slug":"gestion-des-risques","status":"publish","type":"page","link":"http:\/\/www.safavifinancial.com\/fr\/gestion-des-risques\/","title":{"rendered":"Gestion des risques"},"content":{"rendered":"\t\t<div data-elementor-type=\"wp-page\" data-elementor-id=\"1374\" class=\"elementor elementor-1374 elementor-215\" data-elementor-post-type=\"page\">\n\t\t\t\t<div class=\"elementor-element elementor-element-30d7e069 e-flex e-con-boxed e-con e-parent\" data-id=\"30d7e069\" data-element_type=\"container\" data-settings=\"{&quot;background_background&quot;:&quot;classic&quot;}\">\n\t\t\t\t\t<div class=\"e-con-inner\">\n\t\t<div class=\"elementor-element elementor-element-72be1db8 e-flex e-con-boxed e-con e-child\" data-id=\"72be1db8\" data-element_type=\"container\">\n\t\t\t\t\t<div class=\"e-con-inner\">\n\t\t\t\t<div class=\"elementor-element elementor-element-4c4de1ae elementor-widget elementor-widget-heading\" data-id=\"4c4de1ae\" data-element_type=\"widget\" data-widget_type=\"heading.default\">\n\t\t\t\t<div class=\"elementor-widget-container\">\n\t\t\t\t\t<h1 class=\"elementor-heading-title elementor-size-default\">Gestion des risques<\/h1>\t\t\t\t<\/div>\n\t\t\t\t<\/div>\n\t\t\t\t<div class=\"elementor-element elementor-element-7c0a57fb elementor-widget elementor-widget-heading\" data-id=\"7c0a57fb\" data-element_type=\"widget\" data-widget_type=\"heading.default\">\n\t\t\t\t<div class=\"elementor-widget-container\">\n\t\t\t\t\t<h4 class=\"elementor-heading-title elementor-size-default\">Prot\u00e9gez ce qui compte le plus avec Safavi Financial Firm<\/h4>\t\t\t\t<\/div>\n\t\t\t\t<\/div>\n\t\t\t\t\t<\/div>\n\t\t\t\t<\/div>\n\t\t\t\t\t<\/div>\n\t\t\t\t<\/div>\n\t\t<div class=\"elementor-element elementor-element-82dfe97 e-flex e-con-boxed e-con e-parent\" data-id=\"82dfe97\" data-element_type=\"container\" data-settings=\"{&quot;background_background&quot;:&quot;classic&quot;}\">\n\t\t\t\t\t<div class=\"e-con-inner\">\n\t\t<div class=\"elementor-element elementor-element-1b07ae46 e-con-full e-flex e-con e-child\" data-id=\"1b07ae46\" data-element_type=\"container\">\n\t\t\t\t<div class=\"elementor-element elementor-element-5c65886f elementor-widget elementor-widget-heading\" data-id=\"5c65886f\" data-element_type=\"widget\" data-widget_type=\"heading.default\">\n\t\t\t\t<div class=\"elementor-widget-container\">\n\t\t\t\t\t<h6 class=\"elementor-heading-title elementor-size-default\">la gestion des risques<\/h6>\t\t\t\t<\/div>\n\t\t\t\t<\/div>\n\t\t\t\t<div class=\"elementor-element elementor-element-406c5aa9 elementor-widget elementor-widget-heading\" data-id=\"406c5aa9\" data-element_type=\"widget\" data-widget_type=\"heading.default\">\n\t\t\t\t<div class=\"elementor-widget-container\">\n\t\t\t\t\t<h2 class=\"elementor-heading-title elementor-size-default\">Prot\u00e9gez ce qui compte le plus avec Safavi Financial Firm<\/h2>\t\t\t\t<\/div>\n\t\t\t\t<\/div>\n\t\t\t\t<div class=\"elementor-element elementor-element-5ced1215 elementor-widget elementor-widget-heading\" data-id=\"5ced1215\" data-element_type=\"widget\" data-widget_type=\"heading.default\">\n\t\t\t\t<div class=\"elementor-widget-container\">\n\t\t\t\t\t<div class=\"elementor-heading-title elementor-size-default\">Prot\u00e9gez ce qui compte le plus avec le cabinet financier Safavi. Nos services de gestion des risques comprennent une large gamme de solutions d\u2019assurance con\u00e7ues pour prot\u00e9ger votre bien-\u00eatre financier et personnel. De l\u2019assurance vie compl\u00e8te \u00e0 la couverture des maladies graves et de l\u2019invalidit\u00e9, nous avons les polices pour couvrir tous les aspects de votre vie. Vous trouverez ici des informations d\u00e9taill\u00e9es sur nos produits d'assurance<\/div>\t\t\t\t<\/div>\n\t\t\t\t<\/div>\n\t\t\t\t<\/div>\n\t\t<div class=\"elementor-element elementor-element-2ca24ee e-con-full e-flex e-con e-child\" data-id=\"2ca24ee\" data-element_type=\"container\">\n\t\t\t\t<div class=\"elementor-element elementor-element-feebaba elementor-widget elementor-widget-image\" data-id=\"feebaba\" data-element_type=\"widget\" data-widget_type=\"image.default\">\n\t\t\t\t<div class=\"elementor-widget-container\">\n\t\t\t\t\t\t\t\t\t\t\t\t\t\t\t<img fetchpriority=\"high\" decoding=\"async\" width=\"1280\" height=\"848\" src=\"http:\/\/www.safavifinancial.com\/wp-content\/uploads\/2024\/06\/45.jpg\" class=\"attachment-full size-full wp-image-1184\" alt=\"\" srcset=\"http:\/\/www.safavifinancial.com\/wp-content\/uploads\/2024\/06\/45.jpg 1280w, http:\/\/www.safavifinancial.com\/wp-content\/uploads\/2024\/06\/45-300x199.jpg 300w, http:\/\/www.safavifinancial.com\/wp-content\/uploads\/2024\/06\/45-1024x678.jpg 1024w, http:\/\/www.safavifinancial.com\/wp-content\/uploads\/2024\/06\/45-768x509.jpg 768w\" sizes=\"(max-width: 1280px) 100vw, 1280px\" \/>\t\t\t\t\t\t\t\t\t\t\t\t\t\t\t<\/div>\n\t\t\t\t<\/div>\n\t\t\t\t<\/div>\n\t\t\t\t\t<\/div>\n\t\t\t\t<\/div>\n\t\t<div class=\"elementor-element elementor-element-7e6a2496 e-flex e-con-boxed e-con e-child\" data-id=\"7e6a2496\" data-element_type=\"container\" data-settings=\"{&quot;background_background&quot;:&quot;classic&quot;}\">\n\t\t\t\t\t<div class=\"e-con-inner\">\n\t\t<div class=\"elementor-element elementor-element-5abe3aee e-flex e-con-boxed e-con e-child\" data-id=\"5abe3aee\" data-element_type=\"container\">\n\t\t\t\t\t<div class=\"e-con-inner\">\n\t\t\t\t<div class=\"elementor-element elementor-element-4642f0 elementor-widget elementor-widget-heading\" data-id=\"4642f0\" data-element_type=\"widget\" data-widget_type=\"heading.default\">\n\t\t\t\t<div class=\"elementor-widget-container\">\n\t\t\t\t\t<h6 class=\"elementor-heading-title elementor-size-default\">Ce que nous proposons<\/h6>\t\t\t\t<\/div>\n\t\t\t\t<\/div>\n\t\t\t\t<div class=\"elementor-element elementor-element-219494e5 elementor-widget elementor-widget-heading\" data-id=\"219494e5\" data-element_type=\"widget\" data-widget_type=\"heading.default\">\n\t\t\t\t<div class=\"elementor-widget-container\">\n\t\t\t\t\t<h2 class=\"elementor-heading-title elementor-size-default\">Prot\u00e9gez ce qui compte le plus avec Safavi Financial Firm<\/h2>\t\t\t\t<\/div>\n\t\t\t\t<\/div>\n\t\t\t\t\t<\/div>\n\t\t\t\t<\/div>\n\t\t<div class=\"elementor-element elementor-element-590dd611 e-flex e-con-boxed e-con e-child\" data-id=\"590dd611\" data-element_type=\"container\">\n\t\t\t\t\t<div class=\"e-con-inner\">\n\t\t<div class=\"elementor-element elementor-element-31674c5f e-con-full e-flex e-con e-child\" data-id=\"31674c5f\" data-element_type=\"container\" data-settings=\"{&quot;background_background&quot;:&quot;classic&quot;}\">\n\t\t\t\t<div class=\"elementor-element elementor-element-7d2b2057 elementor-view-stacked elementor-position-left elementor-tablet-position-top elementor-shape-circle elementor-mobile-position-top elementor-widget elementor-widget-icon-box\" data-id=\"7d2b2057\" data-element_type=\"widget\" data-widget_type=\"icon-box.default\">\n\t\t\t\t<div class=\"elementor-widget-container\">\n\t\t\t\t\t\t\t<div class=\"elementor-icon-box-wrapper\">\n\n\t\t\t\t\t\t<div class=\"elementor-icon-box-icon\">\n\t\t\t\t<span  class=\"elementor-icon\">\n\t\t\t\t<svg aria-hidden=\"true\" class=\"e-font-icon-svg e-fab-gripfire\" viewBox=\"0 0 384 512\" xmlns=\"http:\/\/www.w3.org\/2000\/svg\"><path d=\"M112.5 301.4c0-73.8 105.1-122.5 105.1-203 0-47.1-34-88-39.1-90.4.4 3.3.6 6.7.6 10C179.1 110.1 32 171.9 32 286.6c0 49.8 32.2 79.2 66.5 108.3 65.1 46.7 78.1 71.4 78.1 86.6 0 10.1-4.8 17-4.8 22.3 13.1-16.7 17.4-31.9 17.5-46.4 0-29.6-21.7-56.3-44.2-86.5-16-22.3-32.6-42.6-32.6-69.5zm205.3-39c-12.1-66.8-78-124.4-94.7-130.9l4 7.2c2.4 5.1 3.4 10.9 3.4 17.1 0 44.7-54.2 111.2-56.6 116.7-2.2 5.1-3.2 10.5-3.2 15.8 0 20.1 15.2 42.1 17.9 42.1 2.4 0 56.6-55.4 58.1-87.7 6.4 11.7 9.1 22.6 9.1 33.4 0 41.2-41.8 96.9-41.8 96.9 0 11.6 31.9 53.2 35.5 53.2 1 0 2.2-1.4 3.2-2.4 37.9-39.3 67.3-85 67.3-136.8 0-8-.7-16.2-2.2-24.6z\"><\/path><\/svg>\t\t\t\t<\/span>\n\t\t\t<\/div>\n\t\t\t\n\t\t\t\t\t\t<div class=\"elementor-icon-box-content\">\n\n\t\t\t\t\t\t\t\t\t<div class=\"elementor-icon-box-title\">\n\t\t\t\t\t\t<span  >\n\t\t\t\t\t\t\tSolutions d'assurance\t\t\t\t\t\t<\/span>\n\t\t\t\t\t<\/div>\n\t\t\t\t\n\t\t\t\t\t\t\t\t\t<p class=\"elementor-icon-box-description\">\n\t\t\t\t\t\tProt\u00e9gez-vous et prot\u00e9gez vos biens gr\u00e2ce \u00e0 notre vaste gamme de solutions d'assurance. De l'assurance vie et sant\u00e9 \u00e0 la couverture sp\u00e9cialis\u00e9e pour les maladies graves et les invalidit\u00e9s, nous veillons \u00e0 ce que vous disposiez de la protection dont vous avez besoin en p\u00e9riode d'incertitude.\t\t\t\t\t<\/p>\n\t\t\t\t\n\t\t\t<\/div>\n\t\t\t\n\t\t<\/div>\n\t\t\t\t\t\t<\/div>\n\t\t\t\t<\/div>\n\t\t\t\t<div class=\"elementor-element elementor-element-792f2ac1 elementor-align-left elementor-widget elementor-widget-button\" data-id=\"792f2ac1\" data-element_type=\"widget\" data-widget_type=\"button.default\">\n\t\t\t\t<div class=\"elementor-widget-container\">\n\t\t\t\t\t\t\t\t\t<div class=\"elementor-button-wrapper\">\n\t\t\t\t\t<a class=\"elementor-button elementor-button-link elementor-size-xs\" href=\"https:\/\/www.safavifinancial.com\/insurance-solutions\/\">\n\t\t\t\t\t\t<span class=\"elementor-button-content-wrapper\">\n\t\t\t\t\t\t\t\t\t<span class=\"elementor-button-text\">En savoir plus<\/span>\n\t\t\t\t\t<\/span>\n\t\t\t\t\t<\/a>\n\t\t\t\t<\/div>\n\t\t\t\t\t\t\t\t<\/div>\n\t\t\t\t<\/div>\n\t\t\t\t<\/div>\n\t\t<div class=\"elementor-element elementor-element-2d48c0ec e-con-full e-flex e-con e-child\" data-id=\"2d48c0ec\" data-element_type=\"container\" data-settings=\"{&quot;background_background&quot;:&quot;classic&quot;}\">\n\t\t\t\t<div class=\"elementor-element elementor-element-2c1b95d1 elementor-view-stacked elementor-position-left elementor-tablet-position-top elementor-shape-circle elementor-mobile-position-top elementor-widget elementor-widget-icon-box\" data-id=\"2c1b95d1\" data-element_type=\"widget\" data-widget_type=\"icon-box.default\">\n\t\t\t\t<div class=\"elementor-widget-container\">\n\t\t\t\t\t\t\t<div class=\"elementor-icon-box-wrapper\">\n\n\t\t\t\t\t\t<div class=\"elementor-icon-box-icon\">\n\t\t\t\t<span  class=\"elementor-icon\">\n\t\t\t\t<i aria-hidden=\"true\" class=\"icon icon-Consultancy\"><\/i>\t\t\t\t<\/span>\n\t\t\t<\/div>\n\t\t\t\n\t\t\t\t\t\t<div class=\"elementor-icon-box-content\">\n\n\t\t\t\t\t\t\t\t\t<div class=\"elementor-icon-box-title\">\n\t\t\t\t\t\t<span  >\n\t\t\t\t\t\t\tSolutions d'assurance compl\u00e8tes\t\t\t\t\t\t<\/span>\n\t\t\t\t\t<\/div>\n\t\t\t\t\n\t\t\t\t\t\t\t\t\t<p class=\"elementor-icon-box-description\">\n\t\t\t\t\t\tNos solutions d'assurance compl\u00e8tes couvrent tous les aspects de la gestion des risques, vous garantissant, ainsi qu'\u00e0 vos proches, une protection contre les charges financi\u00e8res dans les moments critiques. Nous concevons des formules d'assurance sur mesure pour r\u00e9pondre \u00e0 vos besoins et \u00e0 votre situation sp\u00e9cifiques.\t\t\t\t\t<\/p>\n\t\t\t\t\n\t\t\t<\/div>\n\t\t\t\n\t\t<\/div>\n\t\t\t\t\t\t<\/div>\n\t\t\t\t<\/div>\n\t\t\t\t<div class=\"elementor-element elementor-element-4643aea8 elementor-align-left elementor-widget elementor-widget-button\" data-id=\"4643aea8\" data-element_type=\"widget\" data-widget_type=\"button.default\">\n\t\t\t\t<div class=\"elementor-widget-container\">\n\t\t\t\t\t\t\t\t\t<div class=\"elementor-button-wrapper\">\n\t\t\t\t\t<a class=\"elementor-button elementor-button-link elementor-size-xs\" href=\"https:\/\/www.safavifinancial.com\/comprehensive-insurance-solutions\/\">\n\t\t\t\t\t\t<span class=\"elementor-button-content-wrapper\">\n\t\t\t\t\t\t\t\t\t<span class=\"elementor-button-text\">En savoir plus<\/span>\n\t\t\t\t\t<\/span>\n\t\t\t\t\t<\/a>\n\t\t\t\t<\/div>\n\t\t\t\t\t\t\t\t<\/div>\n\t\t\t\t<\/div>\n\t\t\t\t<\/div>\n\t\t<div class=\"elementor-element elementor-element-664fd80e e-con-full e-flex e-con e-child\" data-id=\"664fd80e\" data-element_type=\"container\" data-settings=\"{&quot;background_background&quot;:&quot;classic&quot;}\">\n\t\t\t\t<div class=\"elementor-element elementor-element-5d48dfda elementor-view-stacked elementor-position-left elementor-tablet-position-top elementor-shape-circle elementor-mobile-position-top elementor-widget elementor-widget-icon-box\" data-id=\"5d48dfda\" data-element_type=\"widget\" data-widget_type=\"icon-box.default\">\n\t\t\t\t<div class=\"elementor-widget-container\">\n\t\t\t\t\t\t\t<div class=\"elementor-icon-box-wrapper\">\n\n\t\t\t\t\t\t<div class=\"elementor-icon-box-icon\">\n\t\t\t\t<span  class=\"elementor-icon\">\n\t\t\t\t<i aria-hidden=\"true\" class=\"icon icon-consut2\"><\/i>\t\t\t\t<\/span>\n\t\t\t<\/div>\n\t\t\t\n\t\t\t\t\t\t<div class=\"elementor-icon-box-content\">\n\n\t\t\t\t\t\t\t\t\t<div class=\"elementor-icon-box-title\">\n\t\t\t\t\t\t<span  >\n\t\t\t\t\t\t\tAssurance maladie et assurance dentaire :  \t\t\t\t\t\t<\/span>\n\t\t\t\t\t<\/div>\n\t\t\t\t\n\t\t\t\t\t\t\t\t\t<p class=\"elementor-icon-box-description\">\n\t\t\t\t\t\tLes d\u00e9penses de sant\u00e9 peuvent \u00eatre importantes, surtout lorsqu'elles sont inattendues. Nos r\u00e9gimes d'assurance maladie et dentaire couvrent une gamme de services m\u00e9dicaux, dentaires et m\u00eame de soins de la vue, vous aidant \u00e0 g\u00e9rer les co\u00fbts des soins pr\u00e9ventifs ainsi que des traitements et des urgences.\t\t\t\t\t<\/p>\n\t\t\t\t\n\t\t\t<\/div>\n\t\t\t\n\t\t<\/div>\n\t\t\t\t\t\t<\/div>\n\t\t\t\t<\/div>\n\t\t\t\t<div class=\"elementor-element elementor-element-51ca97d0 elementor-align-left elementor-widget elementor-widget-button\" data-id=\"51ca97d0\" data-element_type=\"widget\" data-widget_type=\"button.default\">\n\t\t\t\t<div class=\"elementor-widget-container\">\n\t\t\t\t\t\t\t\t\t<div class=\"elementor-button-wrapper\">\n\t\t\t\t\t<a class=\"elementor-button elementor-button-link elementor-size-xs\" href=\"https:\/\/www.safavifinancial.com\/health-and-dental-insurance\/\">\n\t\t\t\t\t\t<span class=\"elementor-button-content-wrapper\">\n\t\t\t\t\t\t\t\t\t<span class=\"elementor-button-text\">En savoir plus<\/span>\n\t\t\t\t\t<\/span>\n\t\t\t\t\t<\/a>\n\t\t\t\t<\/div>\n\t\t\t\t\t\t\t\t<\/div>\n\t\t\t\t<\/div>\n\t\t\t\t<\/div>\n\t\t<div class=\"elementor-element elementor-element-7197d10a e-con-full e-flex e-con e-child\" data-id=\"7197d10a\" data-element_type=\"container\" data-settings=\"{&quot;background_background&quot;:&quot;classic&quot;}\">\n\t\t\t\t<div class=\"elementor-element elementor-element-1ca55b01 elementor-view-stacked elementor-position-left elementor-tablet-position-top elementor-shape-circle elementor-mobile-position-top elementor-widget elementor-widget-icon-box\" data-id=\"1ca55b01\" data-element_type=\"widget\" data-widget_type=\"icon-box.default\">\n\t\t\t\t<div class=\"elementor-widget-container\">\n\t\t\t\t\t\t\t<div class=\"elementor-icon-box-wrapper\">\n\n\t\t\t\t\t\t<div class=\"elementor-icon-box-icon\">\n\t\t\t\t<span  class=\"elementor-icon\">\n\t\t\t\t<i aria-hidden=\"true\" class=\"icon icon-Money-2\"><\/i>\t\t\t\t<\/span>\n\t\t\t<\/div>\n\t\t\t\n\t\t\t\t\t\t<div class=\"elementor-icon-box-content\">\n\n\t\t\t\t\t\t\t\t\t<div class=\"elementor-icon-box-title\">\n\t\t\t\t\t\t<span  >\n\t\t\t\t\t\t\tAssurance maladie grave\t\t\t\t\t\t<\/span>\n\t\t\t\t\t<\/div>\n\t\t\t\t\n\t\t\t\t\t\t\t\t\t<p class=\"elementor-icon-box-description\">\n\t\t\t\t\t\tFaire face \u00e0 une maladie grave peut \u00eatre une source de stress, non seulement sur le plan \u00e9motionnel et physique, mais aussi sur le plan financier. L'assurance maladies graves de Safavi Financial Firm pr\u00e9voit le versement d'une somme forfaitaire en cas de diagnostic d'une des maladies graves couvertes par la police.\t\t\t\t\t<\/p>\n\t\t\t\t\n\t\t\t<\/div>\n\t\t\t\n\t\t<\/div>\n\t\t\t\t\t\t<\/div>\n\t\t\t\t<\/div>\n\t\t\t\t<div class=\"elementor-element elementor-element-8b7c19f elementor-align-left elementor-widget elementor-widget-button\" data-id=\"8b7c19f\" data-element_type=\"widget\" data-widget_type=\"button.default\">\n\t\t\t\t<div class=\"elementor-widget-container\">\n\t\t\t\t\t\t\t\t\t<div class=\"elementor-button-wrapper\">\n\t\t\t\t\t<a class=\"elementor-button elementor-button-link elementor-size-xs\" href=\"https:\/\/www.safavifinancial.com\/critical-illness-insurance\/\">\n\t\t\t\t\t\t<span class=\"elementor-button-content-wrapper\">\n\t\t\t\t\t\t\t\t\t<span class=\"elementor-button-text\">En savoir plus<\/span>\n\t\t\t\t\t<\/span>\n\t\t\t\t\t<\/a>\n\t\t\t\t<\/div>\n\t\t\t\t\t\t\t\t<\/div>\n\t\t\t\t<\/div>\n\t\t\t\t<\/div>\n\t\t<div class=\"elementor-element elementor-element-23d940a8 e-con-full e-flex e-con e-child\" data-id=\"23d940a8\" data-element_type=\"container\" data-settings=\"{&quot;background_background&quot;:&quot;classic&quot;}\">\n\t\t\t\t<div class=\"elementor-element elementor-element-1aa01099 elementor-view-stacked elementor-position-left elementor-tablet-position-top elementor-shape-circle elementor-mobile-position-top elementor-widget elementor-widget-icon-box\" data-id=\"1aa01099\" data-element_type=\"widget\" data-widget_type=\"icon-box.default\">\n\t\t\t\t<div class=\"elementor-widget-container\">\n\t\t\t\t\t\t\t<div class=\"elementor-icon-box-wrapper\">\n\n\t\t\t\t\t\t<div class=\"elementor-icon-box-icon\">\n\t\t\t\t<span  class=\"elementor-icon\">\n\t\t\t\t<i aria-hidden=\"true\" class=\"icon icon-handshake\"><\/i>\t\t\t\t<\/span>\n\t\t\t<\/div>\n\t\t\t\n\t\t\t\t\t\t<div class=\"elementor-icon-box-content\">\n\n\t\t\t\t\t\t\t\t\t<div class=\"elementor-icon-box-title\">\n\t\t\t\t\t\t<span  >\n\t\t\t\t\t\t\tAssurance invalidit\u00e9\t\t\t\t\t\t<\/span>\n\t\t\t\t\t<\/div>\n\t\t\t\t\n\t\t\t\t\t\t\t\t\t<p class=\"elementor-icon-box-description\">\n\t\t\t\t\t\tSi vous \u00eates dans l'incapacit\u00e9 de travailler en raison d'une invalidit\u00e9, l'assurance invalidit\u00e9 vous offre un revenu de remplacement, ce qui vous permet de conserver votre stabilit\u00e9 financi\u00e8re. Nos polices sont con\u00e7ues pour vous aider \u00e0 couvrir vos d\u00e9penses essentielles jusqu'\u00e0 ce que vous puissiez reprendre le travail ou jusqu'\u00e0 la retraite.\t\t\t\t\t<\/p>\n\t\t\t\t\n\t\t\t<\/div>\n\t\t\t\n\t\t<\/div>\n\t\t\t\t\t\t<\/div>\n\t\t\t\t<\/div>\n\t\t\t\t<div class=\"elementor-element elementor-element-1f68cb4b elementor-align-left elementor-widget elementor-widget-button\" data-id=\"1f68cb4b\" data-element_type=\"widget\" data-widget_type=\"button.default\">\n\t\t\t\t<div class=\"elementor-widget-container\">\n\t\t\t\t\t\t\t\t\t<div class=\"elementor-button-wrapper\">\n\t\t\t\t\t<a class=\"elementor-button elementor-button-link elementor-size-xs\" href=\"https:\/\/www.safavifinancial.com\/disability-insurance\/\">\n\t\t\t\t\t\t<span class=\"elementor-button-content-wrapper\">\n\t\t\t\t\t\t\t\t\t<span class=\"elementor-button-text\">En savoir plus<\/span>\n\t\t\t\t\t<\/span>\n\t\t\t\t\t<\/a>\n\t\t\t\t<\/div>\n\t\t\t\t\t\t\t\t<\/div>\n\t\t\t\t<\/div>\n\t\t\t\t<\/div>\n\t\t<div class=\"elementor-element elementor-element-47a65d50 e-con-full e-flex e-con e-child\" data-id=\"47a65d50\" data-element_type=\"container\" data-settings=\"{&quot;background_background&quot;:&quot;classic&quot;}\">\n\t\t\t\t<div class=\"elementor-element elementor-element-5c4763c7 elementor-view-stacked elementor-position-left elementor-tablet-position-top elementor-shape-circle elementor-mobile-position-top elementor-widget elementor-widget-icon-box\" data-id=\"5c4763c7\" data-element_type=\"widget\" data-widget_type=\"icon-box.default\">\n\t\t\t\t<div class=\"elementor-widget-container\">\n\t\t\t\t\t\t\t<div class=\"elementor-icon-box-wrapper\">\n\n\t\t\t\t\t\t<div class=\"elementor-icon-box-icon\">\n\t\t\t\t<span  class=\"elementor-icon\">\n\t\t\t\t<i aria-hidden=\"true\" class=\"icon icon-money-bag3\"><\/i>\t\t\t\t<\/span>\n\t\t\t<\/div>\n\t\t\t\n\t\t\t\t\t\t<div class=\"elementor-icon-box-content\">\n\n\t\t\t\t\t\t\t\t\t<div class=\"elementor-icon-box-title\">\n\t\t\t\t\t\t<span  >\n\t\t\t\t\t\t\tAssurance vie\t\t\t\t\t\t<\/span>\n\t\t\t\t\t<\/div>\n\t\t\t\t\n\t\t\t\t\t\t\t\t\t<p class=\"elementor-icon-box-description\">\n\t\t\t\t\t\tAssurer l'avenir de vos proches est une pr\u00e9occupation majeure pour beaucoup. Nos polices d'assurance vie sont con\u00e7ues pour offrir une s\u00e9curit\u00e9 financi\u00e8re \u00e0 votre famille en cas de d\u00e9c\u00e8s pr\u00e9matur\u00e9.\t\t\t\t\t<\/p>\n\t\t\t\t\n\t\t\t<\/div>\n\t\t\t\n\t\t<\/div>\n\t\t\t\t\t\t<\/div>\n\t\t\t\t<\/div>\n\t\t\t\t<div class=\"elementor-element elementor-element-907ac91 elementor-align-left elementor-widget elementor-widget-button\" data-id=\"907ac91\" data-element_type=\"widget\" data-widget_type=\"button.default\">\n\t\t\t\t<div class=\"elementor-widget-container\">\n\t\t\t\t\t\t\t\t\t<div class=\"elementor-button-wrapper\">\n\t\t\t\t\t<a class=\"elementor-button elementor-button-link elementor-size-xs\" href=\"https:\/\/www.safavifinancial.com\/life-insurance\/\">\n\t\t\t\t\t\t<span class=\"elementor-button-content-wrapper\">\n\t\t\t\t\t\t\t\t\t<span class=\"elementor-button-text\">En savoir plus<\/span>\n\t\t\t\t\t<\/span>\n\t\t\t\t\t<\/a>\n\t\t\t\t<\/div>\n\t\t\t\t\t\t\t\t<\/div>\n\t\t\t\t<\/div>\n\t\t\t\t<\/div>\n\t\t\t\t\t<\/div>\n\t\t\t\t<\/div>\n\t\t\t\t\t<\/div>\n\t\t\t\t<\/div>\n\t\t\t\t<\/div>\n\t\t","protected":false},"excerpt":{"rendered":"<p>Prot\u00e9gez ce qui compte le plus avec Safavi Financial Firm la gestion des risques Prot\u00e9gez ce qui compte le plus avec Safavi Financial Firm Prot\u00e9gez ce qui compte le plus avec le cabinet financier Safavi. Nos services de gestion des risques comprennent une large gamme de solutions d\u2019assurance con\u00e7ues pour prot\u00e9ger votre bien-\u00eatre financier et [&hellip;]<\/p>\n","protected":false},"author":1,"featured_media":0,"parent":0,"menu_order":0,"comment_status":"closed","ping_status":"closed","template":"elementor_header_footer","meta":{"footnotes":""},"class_list":["post-1374","page","type-page","status-publish","hentry"],"_links":{"self":[{"href":"http:\/\/www.safavifinancial.com\/fr\/wp-json\/wp\/v2\/pages\/1374","targetHints":{"allow":["GET"]}}],"collection":[{"href":"http:\/\/www.safavifinancial.com\/fr\/wp-json\/wp\/v2\/pages"}],"about":[{"href":"http:\/\/www.safavifinancial.com\/fr\/wp-json\/wp\/v2\/types\/page"}],"author":[{"embeddable":true,"href":"http:\/\/www.safavifinancial.com\/fr\/wp-json\/wp\/v2\/users\/1"}],"replies":[{"embeddable":true,"href":"http:\/\/www.safavifinancial.com\/fr\/wp-json\/wp\/v2\/comments?post=1374"}],"version-history":[{"count":0,"href":"http:\/\/www.safavifinancial.com\/fr\/wp-json\/wp\/v2\/pages\/1374\/revisions"}],"wp:attachment":[{"href":"http:\/\/www.safavifinancial.com\/fr\/wp-json\/wp\/v2\/media?parent=1374"}],"curies":[{"name":"wp","href":"https:\/\/api.w.org\/{rel}","templated":true}]}}