{"id":1379,"date":"2024-06-21T09:37:23","date_gmt":"2024-06-21T09:37:23","guid":{"rendered":"https:\/\/www.safavifinancial.com\/assurance-invalidite\/"},"modified":"2024-07-06T09:11:27","modified_gmt":"2024-07-06T09:11:27","slug":"assurance-invalidite","status":"publish","type":"page","link":"http:\/\/www.safavifinancial.com\/fr\/assurance-invalidite\/","title":{"rendered":"Assurance invalidit\u00e9"},"content":{"rendered":"\t\t<div data-elementor-type=\"wp-page\" data-elementor-id=\"1379\" class=\"elementor elementor-1379 elementor-227\" data-elementor-post-type=\"page\">\n\t\t\t\t<div class=\"elementor-element elementor-element-50cdeaec e-flex e-con-boxed e-con e-parent\" data-id=\"50cdeaec\" data-element_type=\"container\" data-settings=\"{&quot;background_background&quot;:&quot;classic&quot;}\">\n\t\t\t\t\t<div class=\"e-con-inner\">\n\t\t<div class=\"elementor-element elementor-element-1b459ad8 e-flex e-con-boxed e-con e-child\" data-id=\"1b459ad8\" data-element_type=\"container\">\n\t\t\t\t\t<div class=\"e-con-inner\">\n\t\t\t\t<div class=\"elementor-element elementor-element-74775ecf elementor-widget elementor-widget-heading\" data-id=\"74775ecf\" data-element_type=\"widget\" data-widget_type=\"heading.default\">\n\t\t\t\t<div class=\"elementor-widget-container\">\n\t\t\t\t\t<h1 class=\"elementor-heading-title elementor-size-default\">Assurance invalidit\u00e9<\/h1>\t\t\t\t<\/div>\n\t\t\t\t<\/div>\n\t\t\t\t<div class=\"elementor-element elementor-element-6b11dc29 elementor-widget elementor-widget-heading\" data-id=\"6b11dc29\" data-element_type=\"widget\" data-widget_type=\"heading.default\">\n\t\t\t\t<div class=\"elementor-widget-container\">\n\t\t\t\t\t<h4 class=\"elementor-heading-title elementor-size-default\">L'assurance invalidit\u00e9 offre un revenu de remplacement,  <br>veiller \u00e0 ce que vous conserviez une stabilit\u00e9 financi\u00e8re<\/h4>\t\t\t\t<\/div>\n\t\t\t\t<\/div>\n\t\t\t\t\t<\/div>\n\t\t\t\t<\/div>\n\t\t\t\t\t<\/div>\n\t\t\t\t<\/div>\n\t\t<div class=\"elementor-element elementor-element-6ec9be1f e-flex e-con-boxed e-con e-parent\" data-id=\"6ec9be1f\" data-element_type=\"container\" data-settings=\"{&quot;background_background&quot;:&quot;classic&quot;}\">\n\t\t\t\t\t<div class=\"e-con-inner\">\n\t\t<div class=\"elementor-element elementor-element-14992055 e-con-full e-flex e-con e-child\" data-id=\"14992055\" data-element_type=\"container\">\n\t\t\t\t<div class=\"elementor-element elementor-element-4997ed54 elementor-widget elementor-widget-heading\" data-id=\"4997ed54\" data-element_type=\"widget\" data-widget_type=\"heading.default\">\n\t\t\t\t<div class=\"elementor-widget-container\">\n\t\t\t\t\t<h6 class=\"elementor-heading-title elementor-size-default\">assurance invalidit\u00e9 Canada<\/h6>\t\t\t\t<\/div>\n\t\t\t\t<\/div>\n\t\t\t\t<div class=\"elementor-element elementor-element-57ce6e9d elementor-widget elementor-widget-heading\" data-id=\"57ce6e9d\" data-element_type=\"widget\" data-widget_type=\"heading.default\">\n\t\t\t\t<div class=\"elementor-widget-container\">\n\t\t\t\t\t<h2 class=\"elementor-heading-title elementor-size-default\">Fa\u00e7onner les entreprises, transformer les vies<\/h2>\t\t\t\t<\/div>\n\t\t\t\t<\/div>\n\t\t\t\t<div class=\"elementor-element elementor-element-26bf380a elementor-widget elementor-widget-heading\" data-id=\"26bf380a\" data-element_type=\"widget\" data-widget_type=\"heading.default\">\n\t\t\t\t<div class=\"elementor-widget-container\">\n\t\t\t\t\t<div class=\"elementor-heading-title elementor-size-default\">Si vous \u00eates dans l'incapacit\u00e9 de travailler en raison d'une invalidit\u00e9, l'assurance invalidit\u00e9 vous offre un revenu de remplacement, ce qui vous permet de conserver votre stabilit\u00e9 financi\u00e8re.  <br>Nos polices sont con\u00e7ues pour vous aider \u00e0 couvrir vos d\u00e9penses essentielles jusqu'\u00e0 ce que vous puissiez reprendre le travail ou jusqu'\u00e0 la retraite.  <br>Nous proposons des options d'invalidit\u00e9 de courte et de longue dur\u00e9e, en fonction de votre emploi et de vos besoins de couverture, afin de vous aider \u00e0 prot\u00e9ger vos revenus, quels que soient les al\u00e9as de la vie.<\/div>\t\t\t\t<\/div>\n\t\t\t\t<\/div>\n\t\t\t\t<div class=\"elementor-element elementor-element-f9a1b64 elementor-widget elementor-widget-button\" data-id=\"f9a1b64\" data-element_type=\"widget\" data-widget_type=\"button.default\">\n\t\t\t\t<div class=\"elementor-widget-container\">\n\t\t\t\t\t\t\t\t\t<div class=\"elementor-button-wrapper\">\n\t\t\t\t\t<a class=\"elementor-button elementor-button-link elementor-size-md\" href=\"https:\/\/www.safavifinancial.com\/online-consultation-scheduling\/\">\n\t\t\t\t\t\t<span class=\"elementor-button-content-wrapper\">\n\t\t\t\t\t\t\t\t\t<span class=\"elementor-button-text\">D\u00e9couvrir plus<\/span>\n\t\t\t\t\t<\/span>\n\t\t\t\t\t<\/a>\n\t\t\t\t<\/div>\n\t\t\t\t\t\t\t\t<\/div>\n\t\t\t\t<\/div>\n\t\t\t\t<\/div>\n\t\t<div class=\"elementor-element elementor-element-6be9995a e-con-full e-flex e-con e-child\" data-id=\"6be9995a\" data-element_type=\"container\">\n\t\t\t\t<div class=\"elementor-element elementor-element-41f1e59b elementor-widget elementor-widget-image\" data-id=\"41f1e59b\" data-element_type=\"widget\" data-widget_type=\"image.default\">\n\t\t\t\t<div class=\"elementor-widget-container\">\n\t\t\t\t\t\t\t\t\t\t\t\t\t\t\t<img fetchpriority=\"high\" decoding=\"async\" width=\"1280\" height=\"848\" src=\"http:\/\/www.safavifinancial.com\/wp-content\/uploads\/2024\/06\/55.jpg\" class=\"attachment-full size-full wp-image-1193\" alt=\"\" srcset=\"http:\/\/www.safavifinancial.com\/wp-content\/uploads\/2024\/06\/55.jpg 1280w, http:\/\/www.safavifinancial.com\/wp-content\/uploads\/2024\/06\/55-300x199.jpg 300w, http:\/\/www.safavifinancial.com\/wp-content\/uploads\/2024\/06\/55-1024x678.jpg 1024w, http:\/\/www.safavifinancial.com\/wp-content\/uploads\/2024\/06\/55-768x509.jpg 768w\" sizes=\"(max-width: 1280px) 100vw, 1280px\" \/>\t\t\t\t\t\t\t\t\t\t\t\t\t\t\t<\/div>\n\t\t\t\t<\/div>\n\t\t\t\t<\/div>\n\t\t\t\t\t<\/div>\n\t\t\t\t<\/div>\n\t\t\t\t<\/div>\n\t\t","protected":false},"excerpt":{"rendered":"<p>L&rsquo;assurance invalidit\u00e9 offre un revenu de remplacement, veiller \u00e0 ce que vous conserviez une stabilit\u00e9 financi\u00e8re assurance invalidit\u00e9 Canada Fa\u00e7onner les entreprises, transformer les vies Si vous \u00eates dans l&rsquo;incapacit\u00e9 de travailler en raison d&rsquo;une invalidit\u00e9, l&rsquo;assurance invalidit\u00e9 vous offre un revenu de remplacement, ce qui vous permet de conserver votre stabilit\u00e9 financi\u00e8re. Nos polices [&hellip;]<\/p>\n","protected":false},"author":1,"featured_media":0,"parent":0,"menu_order":0,"comment_status":"closed","ping_status":"closed","template":"elementor_header_footer","meta":{"footnotes":""},"class_list":["post-1379","page","type-page","status-publish","hentry"],"_links":{"self":[{"href":"http:\/\/www.safavifinancial.com\/fr\/wp-json\/wp\/v2\/pages\/1379","targetHints":{"allow":["GET"]}}],"collection":[{"href":"http:\/\/www.safavifinancial.com\/fr\/wp-json\/wp\/v2\/pages"}],"about":[{"href":"http:\/\/www.safavifinancial.com\/fr\/wp-json\/wp\/v2\/types\/page"}],"author":[{"embeddable":true,"href":"http:\/\/www.safavifinancial.com\/fr\/wp-json\/wp\/v2\/users\/1"}],"replies":[{"embeddable":true,"href":"http:\/\/www.safavifinancial.com\/fr\/wp-json\/wp\/v2\/comments?post=1379"}],"version-history":[{"count":0,"href":"http:\/\/www.safavifinancial.com\/fr\/wp-json\/wp\/v2\/pages\/1379\/revisions"}],"wp:attachment":[{"href":"http:\/\/www.safavifinancial.com\/fr\/wp-json\/wp\/v2\/media?parent=1379"}],"curies":[{"name":"wp","href":"https:\/\/api.w.org\/{rel}","templated":true}]}}