{"id":1466,"date":"2024-06-21T09:39:54","date_gmt":"2024-06-21T09:39:54","guid":{"rendered":"https:\/\/www.safavifinancial.com\/investissement-du-groupe\/"},"modified":"2024-07-06T09:12:05","modified_gmt":"2024-07-06T09:12:05","slug":"investissement-du-groupe","status":"publish","type":"page","link":"http:\/\/www.safavifinancial.com\/fr\/investissement-du-groupe\/","title":{"rendered":"Investissement du groupe"},"content":{"rendered":"\t\t<div data-elementor-type=\"wp-page\" data-elementor-id=\"1466\" class=\"elementor elementor-1466 elementor-241\" data-elementor-post-type=\"page\">\n\t\t\t\t<div class=\"elementor-element elementor-element-47ec04a1 e-flex e-con-boxed e-con e-parent\" data-id=\"47ec04a1\" data-element_type=\"container\" data-settings=\"{&quot;background_background&quot;:&quot;classic&quot;}\">\n\t\t\t\t\t<div class=\"e-con-inner\">\n\t\t<div class=\"elementor-element elementor-element-702cc28 e-flex e-con-boxed e-con e-child\" data-id=\"702cc28\" data-element_type=\"container\">\n\t\t\t\t\t<div class=\"e-con-inner\">\n\t\t\t\t<div class=\"elementor-element elementor-element-3fd74f5e elementor-widget elementor-widget-heading\" data-id=\"3fd74f5e\" data-element_type=\"widget\" data-widget_type=\"heading.default\">\n\t\t\t\t<div class=\"elementor-widget-container\">\n\t\t\t\t\t<h1 class=\"elementor-heading-title elementor-size-default\">Investissement du groupe<\/h1>\t\t\t\t<\/div>\n\t\t\t\t<\/div>\n\t\t\t\t<div class=\"elementor-element elementor-element-15181fa7 elementor-widget elementor-widget-heading\" data-id=\"15181fa7\" data-element_type=\"widget\" data-widget_type=\"heading.default\">\n\t\t\t\t<div class=\"elementor-widget-container\">\n\t\t\t\t\t<h4 class=\"elementor-heading-title elementor-size-default\">Am\u00e9liorer la situation financi\u00e8re de vos employ\u00e9s\n  le bien-\u00eatre avec nos plans d'investissement collectifs<\/h4>\t\t\t\t<\/div>\n\t\t\t\t<\/div>\n\t\t\t\t\t<\/div>\n\t\t\t\t<\/div>\n\t\t\t\t\t<\/div>\n\t\t\t\t<\/div>\n\t\t<div class=\"elementor-element elementor-element-5c84c484 e-flex e-con-boxed e-con e-parent\" data-id=\"5c84c484\" data-element_type=\"container\" data-settings=\"{&quot;background_background&quot;:&quot;classic&quot;}\">\n\t\t\t\t\t<div class=\"e-con-inner\">\n\t\t<div class=\"elementor-element elementor-element-31105f7c e-con-full e-flex e-con e-child\" data-id=\"31105f7c\" data-element_type=\"container\">\n\t\t\t\t<div class=\"elementor-element elementor-element-45c4d74c elementor-widget elementor-widget-heading\" data-id=\"45c4d74c\" data-element_type=\"widget\" data-widget_type=\"heading.default\">\n\t\t\t\t<div class=\"elementor-widget-container\">\n\t\t\t\t\t<h6 class=\"elementor-heading-title elementor-size-default\">Investissement du groupe<\/h6>\t\t\t\t<\/div>\n\t\t\t\t<\/div>\n\t\t\t\t<div class=\"elementor-element elementor-element-19943a60 elementor-widget elementor-widget-heading\" data-id=\"19943a60\" data-element_type=\"widget\" data-widget_type=\"heading.default\">\n\t\t\t\t<div class=\"elementor-widget-container\">\n\t\t\t\t\t<h2 class=\"elementor-heading-title elementor-size-default\">Votre partenaire pour la croissance et la s\u00e9curit\u00e9 financi\u00e8res<\/h2>\t\t\t\t<\/div>\n\t\t\t\t<\/div>\n\t\t\t\t<div class=\"elementor-element elementor-element-7d03294b elementor-widget elementor-widget-heading\" data-id=\"7d03294b\" data-element_type=\"widget\" data-widget_type=\"heading.default\">\n\t\t\t\t<div class=\"elementor-widget-container\">\n\t\t\t\t\t<div class=\"elementor-heading-title elementor-size-default\">Investir en groupe offre de nombreux avantages, notamment des frais r\u00e9duits et une meilleure diversification du portefeuille. Les services d'investissement collectif de Safavi Financial Firm permettent aux employ\u00e9s de cotiser collectivement \u00e0 des fonds communs de placement, \u00e0 des actions et \u00e0 des obligations.  <br>Cette approche commune permet non seulement de r\u00e9duire les co\u00fbts d'investissement, mais aussi de cr\u00e9er un sentiment de communaut\u00e9 et de partage des objectifs financiers au sein de votre entreprise. Nous aidons \u00e0 g\u00e9rer ces investissements en mettant l'accent sur l'obtention de rendements optimaux, adapt\u00e9s \u00e0 la tol\u00e9rance au risque et aux horizons temporels du groupe.<\/div>\t\t\t\t<\/div>\n\t\t\t\t<\/div>\n\t\t\t\t<div class=\"elementor-element elementor-element-7daa558e elementor-widget elementor-widget-button\" data-id=\"7daa558e\" data-element_type=\"widget\" data-widget_type=\"button.default\">\n\t\t\t\t<div class=\"elementor-widget-container\">\n\t\t\t\t\t\t\t\t\t<div class=\"elementor-button-wrapper\">\n\t\t\t\t\t<a class=\"elementor-button elementor-button-link elementor-size-md\" href=\"https:\/\/www.safavifinancial.com\/online-consultation-scheduling\/\">\n\t\t\t\t\t\t<span class=\"elementor-button-content-wrapper\">\n\t\t\t\t\t\t\t\t\t<span class=\"elementor-button-text\">D\u00e9couvrir plus<\/span>\n\t\t\t\t\t<\/span>\n\t\t\t\t\t<\/a>\n\t\t\t\t<\/div>\n\t\t\t\t\t\t\t\t<\/div>\n\t\t\t\t<\/div>\n\t\t\t\t<\/div>\n\t\t<div class=\"elementor-element elementor-element-101fb242 e-con-full e-flex e-con e-child\" data-id=\"101fb242\" data-element_type=\"container\">\n\t\t\t\t<div class=\"elementor-element elementor-element-1fa3ec27 elementor-widget elementor-widget-image\" data-id=\"1fa3ec27\" data-element_type=\"widget\" data-widget_type=\"image.default\">\n\t\t\t\t<div class=\"elementor-widget-container\">\n\t\t\t\t\t\t\t\t\t\t\t\t\t\t\t<img fetchpriority=\"high\" decoding=\"async\" width=\"1280\" height=\"848\" src=\"http:\/\/www.safavifinancial.com\/wp-content\/uploads\/2024\/06\/61.jpg\" class=\"attachment-full size-full wp-image-1199\" alt=\"\" srcset=\"http:\/\/www.safavifinancial.com\/wp-content\/uploads\/2024\/06\/61.jpg 1280w, http:\/\/www.safavifinancial.com\/wp-content\/uploads\/2024\/06\/61-300x199.jpg 300w, http:\/\/www.safavifinancial.com\/wp-content\/uploads\/2024\/06\/61-1024x678.jpg 1024w, http:\/\/www.safavifinancial.com\/wp-content\/uploads\/2024\/06\/61-768x509.jpg 768w\" sizes=\"(max-width: 1280px) 100vw, 1280px\" \/>\t\t\t\t\t\t\t\t\t\t\t\t\t\t\t<\/div>\n\t\t\t\t<\/div>\n\t\t\t\t<\/div>\n\t\t\t\t\t<\/div>\n\t\t\t\t<\/div>\n\t\t\t\t<\/div>\n\t\t","protected":false},"excerpt":{"rendered":"<p>Am\u00e9liorer la situation financi\u00e8re de vos employ\u00e9s le bien-\u00eatre avec nos plans d&rsquo;investissement collectifs Investissement du groupe Votre partenaire pour la croissance et la s\u00e9curit\u00e9 financi\u00e8res Investir en groupe offre de nombreux avantages, notamment des frais r\u00e9duits et une meilleure diversification du portefeuille. Les services d&rsquo;investissement collectif de Safavi Financial Firm permettent aux employ\u00e9s de [&hellip;]<\/p>\n","protected":false},"author":1,"featured_media":0,"parent":0,"menu_order":0,"comment_status":"closed","ping_status":"closed","template":"elementor_header_footer","meta":{"footnotes":""},"class_list":["post-1466","page","type-page","status-publish","hentry"],"_links":{"self":[{"href":"http:\/\/www.safavifinancial.com\/fr\/wp-json\/wp\/v2\/pages\/1466","targetHints":{"allow":["GET"]}}],"collection":[{"href":"http:\/\/www.safavifinancial.com\/fr\/wp-json\/wp\/v2\/pages"}],"about":[{"href":"http:\/\/www.safavifinancial.com\/fr\/wp-json\/wp\/v2\/types\/page"}],"author":[{"embeddable":true,"href":"http:\/\/www.safavifinancial.com\/fr\/wp-json\/wp\/v2\/users\/1"}],"replies":[{"embeddable":true,"href":"http:\/\/www.safavifinancial.com\/fr\/wp-json\/wp\/v2\/comments?post=1466"}],"version-history":[{"count":0,"href":"http:\/\/www.safavifinancial.com\/fr\/wp-json\/wp\/v2\/pages\/1466\/revisions"}],"wp:attachment":[{"href":"http:\/\/www.safavifinancial.com\/fr\/wp-json\/wp\/v2\/media?parent=1466"}],"curies":[{"name":"wp","href":"https:\/\/api.w.org\/{rel}","templated":true}]}}