{"id":1502,"date":"2024-06-21T09:36:21","date_gmt":"2024-06-21T09:36:21","guid":{"rendered":"https:\/\/www.safavifinancial.com\/solutions-dassurance-completes\/"},"modified":"2024-07-06T09:12:11","modified_gmt":"2024-07-06T09:12:11","slug":"solutions-dassurance-completes","status":"publish","type":"page","link":"http:\/\/www.safavifinancial.com\/fr\/solutions-dassurance-completes\/","title":{"rendered":"Solutions d&rsquo;assurance compl\u00e8tes"},"content":{"rendered":"\t\t<div data-elementor-type=\"wp-page\" data-elementor-id=\"1502\" class=\"elementor elementor-1502 elementor-219\" data-elementor-post-type=\"page\">\n\t\t\t\t<div class=\"elementor-element elementor-element-2ca7228b e-flex e-con-boxed e-con e-parent\" data-id=\"2ca7228b\" data-element_type=\"container\" data-settings=\"{&quot;background_background&quot;:&quot;classic&quot;}\">\n\t\t\t\t\t<div class=\"e-con-inner\">\n\t\t<div class=\"elementor-element elementor-element-7a720cef e-flex e-con-boxed e-con e-child\" data-id=\"7a720cef\" data-element_type=\"container\">\n\t\t\t\t\t<div class=\"e-con-inner\">\n\t\t\t\t<div class=\"elementor-element elementor-element-ef4b087 elementor-widget elementor-widget-heading\" data-id=\"ef4b087\" data-element_type=\"widget\" data-widget_type=\"heading.default\">\n\t\t\t\t<div class=\"elementor-widget-container\">\n\t\t\t\t\t<h1 class=\"elementor-heading-title elementor-size-default\">Solutions d&rsquo;assurance compl\u00e8tes<\/h1>\t\t\t\t<\/div>\n\t\t\t\t<\/div>\n\t\t\t\t<div class=\"elementor-element elementor-element-496874e0 elementor-widget elementor-widget-heading\" data-id=\"496874e0\" data-element_type=\"widget\" data-widget_type=\"heading.default\">\n\t\t\t\t<div class=\"elementor-widget-container\">\n\t\t\t\t\t<h4 class=\"elementor-heading-title elementor-size-default\">Chez Safavi Financial Firm, nous comprenons que la protection de votre stabilit\u00e9 financi\u00e8re est essentielle.<\/h4>\t\t\t\t<\/div>\n\t\t\t\t<\/div>\n\t\t\t\t\t<\/div>\n\t\t\t\t<\/div>\n\t\t\t\t\t<\/div>\n\t\t\t\t<\/div>\n\t\t<div class=\"elementor-element elementor-element-3092101d e-flex e-con-boxed e-con e-parent\" data-id=\"3092101d\" data-element_type=\"container\" data-settings=\"{&quot;background_background&quot;:&quot;classic&quot;}\">\n\t\t\t\t\t<div class=\"e-con-inner\">\n\t\t<div class=\"elementor-element elementor-element-354ac1aa e-con-full e-flex e-con e-child\" data-id=\"354ac1aa\" data-element_type=\"container\">\n\t\t\t\t<div class=\"elementor-element elementor-element-3bc3a217 elementor-widget elementor-widget-heading\" data-id=\"3bc3a217\" data-element_type=\"widget\" data-widget_type=\"heading.default\">\n\t\t\t\t<div class=\"elementor-widget-container\">\n\t\t\t\t\t<h6 class=\"elementor-heading-title elementor-size-default\">Solutions d'assurance compl\u00e8tes<\/h6>\t\t\t\t<\/div>\n\t\t\t\t<\/div>\n\t\t\t\t<div class=\"elementor-element elementor-element-b8927d9 elementor-widget elementor-widget-heading\" data-id=\"b8927d9\" data-element_type=\"widget\" data-widget_type=\"heading.default\">\n\t\t\t\t<div class=\"elementor-widget-container\">\n\t\t\t\t\t<h2 class=\"elementor-heading-title elementor-size-default\">Solutions d'assurance compl\u00e8tes chez Safavi Financial Firm<\/h2>\t\t\t\t<\/div>\n\t\t\t\t<\/div>\n\t\t\t\t<div class=\"elementor-element elementor-element-4cfe11f5 elementor-widget elementor-widget-heading\" data-id=\"4cfe11f5\" data-element_type=\"widget\" data-widget_type=\"heading.default\">\n\t\t\t\t<div class=\"elementor-widget-container\">\n\t\t\t\t\t<div class=\"elementor-heading-title elementor-size-default\">Chez Safavi Financial Firm, nous comprenons que la protection de votre stabilit\u00e9 financi\u00e8re ne se limite pas \u00e0 la gestion de vos actifs et de vos investissements, mais qu'elle implique \u00e9galement de vous prot\u00e9ger, vous et vos proches, contre les circonstances impr\u00e9vues. Nos solutions d'assurance compl\u00e8te sont con\u00e7ues pour vous apporter la tranquillit\u00e9 d'esprit, en veillant \u00e0 ce que vous soyez prot\u00e9g\u00e9 en cas de besoin. D\u00e9couvrez notre gamme de produits d'assurance con\u00e7us pour r\u00e9pondre aux divers besoins de nos clients.<\/div>\t\t\t\t<\/div>\n\t\t\t\t<\/div>\n\t\t\t\t<div class=\"elementor-element elementor-element-7a14e7a8 elementor-widget elementor-widget-button\" data-id=\"7a14e7a8\" data-element_type=\"widget\" data-widget_type=\"button.default\">\n\t\t\t\t<div class=\"elementor-widget-container\">\n\t\t\t\t\t\t\t\t\t<div class=\"elementor-button-wrapper\">\n\t\t\t\t\t<a class=\"elementor-button elementor-button-link elementor-size-md\" href=\"https:\/\/www.safavifinancial.com\/online-consultation-scheduling\/\">\n\t\t\t\t\t\t<span class=\"elementor-button-content-wrapper\">\n\t\t\t\t\t\t\t\t\t<span class=\"elementor-button-text\">D\u00e9couvrir plus<\/span>\n\t\t\t\t\t<\/span>\n\t\t\t\t\t<\/a>\n\t\t\t\t<\/div>\n\t\t\t\t\t\t\t\t<\/div>\n\t\t\t\t<\/div>\n\t\t\t\t<\/div>\n\t\t<div class=\"elementor-element elementor-element-4839e366 e-con-full e-flex e-con e-child\" data-id=\"4839e366\" data-element_type=\"container\">\n\t\t\t\t<div class=\"elementor-element elementor-element-3a4f21e8 elementor-widget elementor-widget-image\" data-id=\"3a4f21e8\" data-element_type=\"widget\" data-widget_type=\"image.default\">\n\t\t\t\t<div class=\"elementor-widget-container\">\n\t\t\t\t\t\t\t\t\t\t\t\t\t\t\t<img fetchpriority=\"high\" decoding=\"async\" width=\"1280\" height=\"848\" src=\"http:\/\/www.safavifinancial.com\/wp-content\/uploads\/2024\/06\/48.jpg\" class=\"attachment-full size-full wp-image-1186\" alt=\"\" srcset=\"http:\/\/www.safavifinancial.com\/wp-content\/uploads\/2024\/06\/48.jpg 1280w, http:\/\/www.safavifinancial.com\/wp-content\/uploads\/2024\/06\/48-300x199.jpg 300w, http:\/\/www.safavifinancial.com\/wp-content\/uploads\/2024\/06\/48-1024x678.jpg 1024w, http:\/\/www.safavifinancial.com\/wp-content\/uploads\/2024\/06\/48-768x509.jpg 768w\" sizes=\"(max-width: 1280px) 100vw, 1280px\" \/>\t\t\t\t\t\t\t\t\t\t\t\t\t\t\t<\/div>\n\t\t\t\t<\/div>\n\t\t\t\t<\/div>\n\t\t\t\t\t<\/div>\n\t\t\t\t<\/div>\n\t\t\t\t<\/div>\n\t\t","protected":false},"excerpt":{"rendered":"<p>Chez Safavi Financial Firm, nous comprenons que la protection de votre stabilit\u00e9 financi\u00e8re est essentielle. Solutions d&rsquo;assurance compl\u00e8tes Solutions d&rsquo;assurance compl\u00e8tes chez Safavi Financial Firm Chez Safavi Financial Firm, nous comprenons que la protection de votre stabilit\u00e9 financi\u00e8re ne se limite pas \u00e0 la gestion de vos actifs et de vos investissements, mais qu&rsquo;elle implique [&hellip;]<\/p>\n","protected":false},"author":1,"featured_media":0,"parent":0,"menu_order":0,"comment_status":"closed","ping_status":"closed","template":"elementor_header_footer","meta":{"footnotes":""},"class_list":["post-1502","page","type-page","status-publish","hentry"],"_links":{"self":[{"href":"http:\/\/www.safavifinancial.com\/fr\/wp-json\/wp\/v2\/pages\/1502","targetHints":{"allow":["GET"]}}],"collection":[{"href":"http:\/\/www.safavifinancial.com\/fr\/wp-json\/wp\/v2\/pages"}],"about":[{"href":"http:\/\/www.safavifinancial.com\/fr\/wp-json\/wp\/v2\/types\/page"}],"author":[{"embeddable":true,"href":"http:\/\/www.safavifinancial.com\/fr\/wp-json\/wp\/v2\/users\/1"}],"replies":[{"embeddable":true,"href":"http:\/\/www.safavifinancial.com\/fr\/wp-json\/wp\/v2\/comments?post=1502"}],"version-history":[{"count":0,"href":"http:\/\/www.safavifinancial.com\/fr\/wp-json\/wp\/v2\/pages\/1502\/revisions"}],"wp:attachment":[{"href":"http:\/\/www.safavifinancial.com\/fr\/wp-json\/wp\/v2\/media?parent=1502"}],"curies":[{"name":"wp","href":"https:\/\/api.w.org\/{rel}","templated":true}]}}