{"id":1301,"date":"2024-06-21T09:24:49","date_gmt":"2024-06-21T09:24:49","guid":{"rendered":"https:\/\/www.safavifinancial.com\/presentation-de-lentreprise\/"},"modified":"2024-07-06T09:09:18","modified_gmt":"2024-07-06T09:09:18","slug":"presentation-de-lentreprise","status":"publish","type":"page","link":"https:\/\/www.safavifinancial.com\/fr\/presentation-de-lentreprise\/","title":{"rendered":"Pr\u00e9sentation de l&rsquo;entreprise"},"content":{"rendered":"\t\t<div data-elementor-type=\"wp-page\" data-elementor-id=\"1301\" class=\"elementor elementor-1301 elementor-170\" data-elementor-post-type=\"page\">\n\t\t\t\t<div class=\"elementor-element elementor-element-32c58b73 e-flex e-con-boxed e-con e-parent\" data-id=\"32c58b73\" data-element_type=\"container\" data-settings=\"{&quot;background_background&quot;:&quot;classic&quot;}\">\n\t\t\t\t\t<div class=\"e-con-inner\">\n\t\t<div class=\"elementor-element elementor-element-4adf50e8 e-flex e-con-boxed e-con e-child\" data-id=\"4adf50e8\" data-element_type=\"container\">\n\t\t\t\t\t<div class=\"e-con-inner\">\n\t\t\t\t<div class=\"elementor-element elementor-element-5dae3326 elementor-widget elementor-widget-heading\" data-id=\"5dae3326\" data-element_type=\"widget\" data-widget_type=\"heading.default\">\n\t\t\t\t<div class=\"elementor-widget-container\">\n\t\t\t\t\t<h1 class=\"elementor-heading-title elementor-size-default\">Pr\u00e9sentation de l&rsquo;entreprise<\/h1>\t\t\t\t<\/div>\n\t\t\t\t<\/div>\n\t\t\t\t<div class=\"elementor-element elementor-element-5174bdde elementor-widget elementor-widget-heading\" data-id=\"5174bdde\" data-element_type=\"widget\" data-widget_type=\"heading.default\">\n\t\t\t\t<div class=\"elementor-widget-container\">\n\t\t\t\t\t<h4 class=\"elementor-heading-title elementor-size-default\">Chez Safavi Financial Firm, nous comprenons que le parcours financier de chaque client est unique.<\/h4>\t\t\t\t<\/div>\n\t\t\t\t<\/div>\n\t\t\t\t\t<\/div>\n\t\t\t\t<\/div>\n\t\t\t\t\t<\/div>\n\t\t\t\t<\/div>\n\t\t<div class=\"elementor-element elementor-element-16c24014 e-flex e-con-boxed e-con e-parent\" data-id=\"16c24014\" data-element_type=\"container\" data-settings=\"{&quot;background_background&quot;:&quot;classic&quot;}\">\n\t\t\t\t\t<div class=\"e-con-inner\">\n\t\t<div class=\"elementor-element elementor-element-3692707a e-con-full e-flex e-con e-child\" data-id=\"3692707a\" data-element_type=\"container\" data-settings=\"{&quot;background_background&quot;:&quot;classic&quot;}\">\n\t\t\t\t<div class=\"elementor-element elementor-element-161b446 elementor-widget elementor-widget-image\" data-id=\"161b446\" data-element_type=\"widget\" data-widget_type=\"image.default\">\n\t\t\t\t<div class=\"elementor-widget-container\">\n\t\t\t\t\t\t\t\t\t\t\t\t\t\t\t<img fetchpriority=\"high\" decoding=\"async\" width=\"1280\" height=\"848\" src=\"https:\/\/www.safavifinancial.com\/wp-content\/uploads\/2024\/06\/Top-Image-1.jpg\" class=\"attachment-full size-full wp-image-1133\" alt=\"\" srcset=\"https:\/\/www.safavifinancial.com\/wp-content\/uploads\/2024\/06\/Top-Image-1.jpg 1280w, https:\/\/www.safavifinancial.com\/wp-content\/uploads\/2024\/06\/Top-Image-1-300x199.jpg 300w, https:\/\/www.safavifinancial.com\/wp-content\/uploads\/2024\/06\/Top-Image-1-1024x678.jpg 1024w, https:\/\/www.safavifinancial.com\/wp-content\/uploads\/2024\/06\/Top-Image-1-768x509.jpg 768w\" sizes=\"(max-width: 1280px) 100vw, 1280px\" \/>\t\t\t\t\t\t\t\t\t\t\t\t\t\t\t<\/div>\n\t\t\t\t<\/div>\n\t\t\t\t<\/div>\n\t\t<div class=\"elementor-element elementor-element-cb029f e-con-full e-flex e-con e-child\" data-id=\"cb029f\" data-element_type=\"container\" data-settings=\"{&quot;background_background&quot;:&quot;classic&quot;}\">\n\t\t\t\t<div class=\"elementor-element elementor-element-4ba8ffd4 elementor-widget elementor-widget-heading\" data-id=\"4ba8ffd4\" data-element_type=\"widget\" data-widget_type=\"heading.default\">\n\t\t\t\t<div class=\"elementor-widget-container\">\n\t\t\t\t\t<h6 class=\"elementor-heading-title elementor-size-default\">Qui sommes-nous ?<\/h6>\t\t\t\t<\/div>\n\t\t\t\t<\/div>\n\t\t\t\t<div class=\"elementor-element elementor-element-371cd12 elementor-widget elementor-widget-heading\" data-id=\"371cd12\" data-element_type=\"widget\" data-widget_type=\"heading.default\">\n\t\t\t\t<div class=\"elementor-widget-container\">\n\t\t\t\t\t<h2 class=\"elementor-heading-title elementor-size-default\">L\u00e0 o\u00f9 les id\u00e9es prosp\u00e8rent : D\u00e9couvrez notre r\u00f4le dans le capital-risque<\/h2>\t\t\t\t<\/div>\n\t\t\t\t<\/div>\n\t\t\t\t<div class=\"elementor-element elementor-element-40f1ad14 elementor-widget elementor-widget-text-editor\" data-id=\"40f1ad14\" data-element_type=\"widget\" data-widget_type=\"text-editor.default\">\n\t\t\t\t<div class=\"elementor-widget-container\">\n\t\t\t\t\t\t\t\t\t<p>Le cabinet financier Safavi, fond\u00e9 par Abdollah Safavi, expert du secteur, est rapidement devenu l&rsquo;un des noms les plus fiables dans le domaine des services de conseil financier au Canada. Sp\u00e9cialis\u00e9e dans la planification financi\u00e8re globale, la gestion des investissements et l&rsquo;\u00e9valuation des risques, notre soci\u00e9t\u00e9 a pour mission d&rsquo;aider les particuliers, les familles et les chefs d&rsquo;entreprise \u00e0 atteindre leurs objectifs financiers et \u00e0 assurer leur avenir.<\/p>\n<p>Chez Safavi Financial Firm, nous comprenons que le parcours financier de chaque client est unique. C&rsquo;est pourquoi nous adaptons nos services aux besoins et aux objectifs sp\u00e9cifiques de chaque client que nous servons. Qu&rsquo;il s&rsquo;agisse d&rsquo;aider les nouveaux immigrants \u00e0 \u00e9tablir une base financi\u00e8re solide au Canada ou d&rsquo;aider les entrepreneurs \u00e9tablis \u00e0 d\u00e9velopper leurs entreprises, notre cabinet couvre un large \u00e9ventail de services financiers.<\/p>\n\t\t\t\t\t\t\t\t<\/div>\n\t\t\t\t<\/div>\n\t\t\t\t<\/div>\n\t\t\t\t\t<\/div>\n\t\t\t\t<\/div>\n\t\t\t\t<\/div>\n\t\t","protected":false},"excerpt":{"rendered":"<p>Chez Safavi Financial Firm, nous comprenons que le parcours financier de chaque client est unique. Qui sommes-nous ? L\u00e0 o\u00f9 les id\u00e9es prosp\u00e8rent : D\u00e9couvrez notre r\u00f4le dans le capital-risque Le cabinet financier Safavi, fond\u00e9 par Abdollah Safavi, expert du secteur, est rapidement devenu l&rsquo;un des noms les plus fiables dans le domaine des services [&hellip;]<\/p>\n","protected":false},"author":1,"featured_media":0,"parent":0,"menu_order":0,"comment_status":"closed","ping_status":"closed","template":"elementor_header_footer","meta":{"footnotes":""},"class_list":["post-1301","page","type-page","status-publish","hentry"],"_links":{"self":[{"href":"https:\/\/www.safavifinancial.com\/fr\/wp-json\/wp\/v2\/pages\/1301","targetHints":{"allow":["GET"]}}],"collection":[{"href":"https:\/\/www.safavifinancial.com\/fr\/wp-json\/wp\/v2\/pages"}],"about":[{"href":"https:\/\/www.safavifinancial.com\/fr\/wp-json\/wp\/v2\/types\/page"}],"author":[{"embeddable":true,"href":"https:\/\/www.safavifinancial.com\/fr\/wp-json\/wp\/v2\/users\/1"}],"replies":[{"embeddable":true,"href":"https:\/\/www.safavifinancial.com\/fr\/wp-json\/wp\/v2\/comments?post=1301"}],"version-history":[{"count":0,"href":"https:\/\/www.safavifinancial.com\/fr\/wp-json\/wp\/v2\/pages\/1301\/revisions"}],"wp:attachment":[{"href":"https:\/\/www.safavifinancial.com\/fr\/wp-json\/wp\/v2\/media?parent=1301"}],"curies":[{"name":"wp","href":"https:\/\/api.w.org\/{rel}","templated":true}]}}