{"id":1326,"date":"2024-06-21T09:25:56","date_gmt":"2024-06-21T09:25:56","guid":{"rendered":"https:\/\/www.safavifinancial.com\/limplication-de-la-communaute\/"},"modified":"2024-07-06T09:09:23","modified_gmt":"2024-07-06T09:09:23","slug":"limplication-de-la-communaute","status":"publish","type":"page","link":"https:\/\/www.safavifinancial.com\/fr\/limplication-de-la-communaute\/","title":{"rendered":"L&rsquo;IMPLICATION DE LA COMMUNAUT\u00c9"},"content":{"rendered":"\t\t<div data-elementor-type=\"wp-page\" data-elementor-id=\"1326\" class=\"elementor elementor-1326 elementor-178\" data-elementor-post-type=\"page\">\n\t\t\t\t<div class=\"elementor-element elementor-element-64059382 e-flex e-con-boxed e-con e-parent\" data-id=\"64059382\" data-element_type=\"container\" data-settings=\"{&quot;background_background&quot;:&quot;classic&quot;}\">\n\t\t\t\t\t<div class=\"e-con-inner\">\n\t\t<div class=\"elementor-element elementor-element-6b399d0d e-flex e-con-boxed e-con e-child\" data-id=\"6b399d0d\" data-element_type=\"container\">\n\t\t\t\t\t<div class=\"e-con-inner\">\n\t\t\t\t<div class=\"elementor-element elementor-element-757af784 elementor-widget elementor-widget-heading\" data-id=\"757af784\" data-element_type=\"widget\" data-widget_type=\"heading.default\">\n\t\t\t\t<div class=\"elementor-widget-container\">\n\t\t\t\t\t<h1 class=\"elementor-heading-title elementor-size-default\">L&rsquo;IMPLICATION DE LA COMMUNAUT\u00c9<\/h1>\t\t\t\t<\/div>\n\t\t\t\t<\/div>\n\t\t\t\t<div class=\"elementor-element elementor-element-5e9c5bb5 elementor-widget elementor-widget-heading\" data-id=\"5e9c5bb5\" data-element_type=\"widget\" data-widget_type=\"heading.default\">\n\t\t\t\t<div class=\"elementor-widget-container\">\n\t\t\t\t\t<h4 class=\"elementor-heading-title elementor-size-default\">Chez Safavi Financial Firm, nous pensons que notre responsabilit\u00e9 va au-del\u00e0 de la fourniture d'excellents services financiers<\/h4>\t\t\t\t<\/div>\n\t\t\t\t<\/div>\n\t\t\t\t\t<\/div>\n\t\t\t\t<\/div>\n\t\t\t\t\t<\/div>\n\t\t\t\t<\/div>\n\t\t<div class=\"elementor-element elementor-element-590a4e7d e-flex e-con-boxed e-con e-parent\" data-id=\"590a4e7d\" data-element_type=\"container\" data-settings=\"{&quot;background_background&quot;:&quot;classic&quot;}\">\n\t\t\t\t\t<div class=\"e-con-inner\">\n\t\t<div class=\"elementor-element elementor-element-5a7bf5a4 e-con-full e-flex e-con e-child\" data-id=\"5a7bf5a4\" data-element_type=\"container\" data-settings=\"{&quot;background_background&quot;:&quot;classic&quot;}\">\n\t\t\t\t<div class=\"elementor-element elementor-element-3bda4371 elementor-widget elementor-widget-image\" data-id=\"3bda4371\" data-element_type=\"widget\" data-widget_type=\"image.default\">\n\t\t\t\t<div class=\"elementor-widget-container\">\n\t\t\t\t\t\t\t\t\t\t\t\t\t\t\t<img fetchpriority=\"high\" decoding=\"async\" width=\"1280\" height=\"848\" src=\"http:\/\/www.safavifinancial.com\/wp-content\/uploads\/2024\/06\/12.jpg\" class=\"attachment-full size-full wp-image-1149\" alt=\"\" srcset=\"http:\/\/www.safavifinancial.com\/wp-content\/uploads\/2024\/06\/12.jpg 1280w, http:\/\/www.safavifinancial.com\/wp-content\/uploads\/2024\/06\/12-300x199.jpg 300w, http:\/\/www.safavifinancial.com\/wp-content\/uploads\/2024\/06\/12-1024x678.jpg 1024w, http:\/\/www.safavifinancial.com\/wp-content\/uploads\/2024\/06\/12-768x509.jpg 768w\" sizes=\"(max-width: 1280px) 100vw, 1280px\" \/>\t\t\t\t\t\t\t\t\t\t\t\t\t\t\t<\/div>\n\t\t\t\t<\/div>\n\t\t\t\t<\/div>\n\t\t<div class=\"elementor-element elementor-element-aedbf7f e-con-full e-flex e-con e-child\" data-id=\"aedbf7f\" data-element_type=\"container\" data-settings=\"{&quot;background_background&quot;:&quot;classic&quot;}\">\n\t\t\t\t<div class=\"elementor-element elementor-element-3b27907 elementor-widget elementor-widget-heading\" data-id=\"3b27907\" data-element_type=\"widget\" data-widget_type=\"heading.default\">\n\t\t\t\t<div class=\"elementor-widget-container\">\n\t\t\t\t\t<h6 class=\"elementor-heading-title elementor-size-default\">Engagement communautaire<\/h6>\t\t\t\t<\/div>\n\t\t\t\t<\/div>\n\t\t\t\t<div class=\"elementor-element elementor-element-4534bf63 elementor-widget elementor-widget-heading\" data-id=\"4534bf63\" data-element_type=\"widget\" data-widget_type=\"heading.default\">\n\t\t\t\t<div class=\"elementor-widget-container\">\n\t\t\t\t\t<h2 class=\"elementor-heading-title elementor-size-default\">Notre engagement en faveur de la communaut\u00e9 est ancr\u00e9 dans notre entreprise  <\/h2>\t\t\t\t<\/div>\n\t\t\t\t<\/div>\n\t\t\t\t<div class=\"elementor-element elementor-element-55b3aea1 elementor-widget elementor-widget-text-editor\" data-id=\"55b3aea1\" data-element_type=\"widget\" data-widget_type=\"text-editor.default\">\n\t\t\t\t<div class=\"elementor-widget-container\">\n\t\t\t\t\t\t\t\t\t<p>Chez Safavi Financial Firm, nous pensons que notre responsabilit\u00e9 va au-del\u00e0 de la fourniture d&rsquo;excellents services financiers &#8211; elle implique d&rsquo;avoir un impact significatif sur les communaut\u00e9s que nous servons. Notre engagement en faveur de la communaut\u00e9 est profond\u00e9ment ancr\u00e9 dans notre culture d&rsquo;entreprise, et nous sommes fiers de notre participation active \u00e0 divers programmes et initiatives communautaires.<\/p>\n<p><strong>Soutenir les entreprises<\/strong> locales Nous nous engageons \u00e0 favoriser la croissance des entreprises locales par le biais de programmes cibl\u00e9s d&rsquo;\u00e9ducation financi\u00e8re et de conseil. En partenariat avec les chambres de commerce locales et les p\u00e9pini\u00e8res d&rsquo;entreprises, nous proposons des ateliers et des s\u00e9minaires con\u00e7us pour donner aux entrepreneurs locaux les outils financiers et les connaissances n\u00e9cessaires \u00e0 leur r\u00e9ussite.<\/p>\n\t\t\t\t\t\t\t\t<\/div>\n\t\t\t\t<\/div>\n\t\t\t\t<\/div>\n\t\t\t\t\t<\/div>\n\t\t\t\t<\/div>\n\t\t<div class=\"elementor-element elementor-element-4973855b e-flex e-con-boxed e-con e-parent\" data-id=\"4973855b\" data-element_type=\"container\" data-settings=\"{&quot;background_background&quot;:&quot;classic&quot;}\">\n\t\t\t\t\t<div class=\"e-con-inner\">\n\t\t<div class=\"elementor-element elementor-element-3c57104d e-con-full e-flex e-con e-child\" data-id=\"3c57104d\" data-element_type=\"container\">\n\t\t\t\t<div class=\"elementor-element elementor-element-33f37daa elementor-widget elementor-widget-heading\" data-id=\"33f37daa\" data-element_type=\"widget\" data-widget_type=\"heading.default\">\n\t\t\t\t<div class=\"elementor-widget-container\">\n\t\t\t\t\t<h2 class=\"elementor-heading-title elementor-size-default\">Initiatives caritatives\nCommunaut\u00e9 iranienne et canadienne<\/h2>\t\t\t\t<\/div>\n\t\t\t\t<\/div>\n\t\t\t\t<div class=\"elementor-element elementor-element-8bee6b0 elementor-widget elementor-widget-heading\" data-id=\"8bee6b0\" data-element_type=\"widget\" data-widget_type=\"heading.default\">\n\t\t\t\t<div class=\"elementor-widget-container\">\n\t\t\t\t\t<div class=\"elementor-heading-title elementor-size-default\">Chaque ann\u00e9e, Safavi Financial Firm participe et sponsorise une vari\u00e9t\u00e9 d'\u00e9v\u00e9nements caritatifs et de collectes de fonds. Qu'il s'agisse de collectes alimentaires locales ou de courses de charit\u00e9, nous sommes passionn\u00e9s par le soutien de causes qui font une diff\u00e9rence tangible dans la vie d'autrui. Les membres de notre \u00e9quipe sont encourag\u00e9s \u00e0 donner de leur temps et de leur expertise, renfor\u00e7ant ainsi notre engagement collectif \u00e0 rendre service.<\/div>\t\t\t\t<\/div>\n\t\t\t\t<\/div>\n\t\t\t\t<\/div>\n\t\t<div class=\"elementor-element elementor-element-1ab24943 e-con-full e-flex e-con e-child\" data-id=\"1ab24943\" data-element_type=\"container\">\n\t\t\t\t<div class=\"elementor-element elementor-element-42e0f1a4 elementor-widget elementor-widget-image\" data-id=\"42e0f1a4\" data-element_type=\"widget\" data-widget_type=\"image.default\">\n\t\t\t\t<div class=\"elementor-widget-container\">\n\t\t\t\t\t\t\t\t\t\t\t\t\t\t\t<img decoding=\"async\" width=\"1280\" height=\"848\" src=\"http:\/\/www.safavifinancial.com\/wp-content\/uploads\/2024\/06\/77.jpg\" class=\"attachment-full size-full wp-image-1235\" alt=\"\" srcset=\"http:\/\/www.safavifinancial.com\/wp-content\/uploads\/2024\/06\/77.jpg 1280w, http:\/\/www.safavifinancial.com\/wp-content\/uploads\/2024\/06\/77-300x199.jpg 300w, http:\/\/www.safavifinancial.com\/wp-content\/uploads\/2024\/06\/77-1024x678.jpg 1024w, http:\/\/www.safavifinancial.com\/wp-content\/uploads\/2024\/06\/77-768x509.jpg 768w\" sizes=\"(max-width: 1280px) 100vw, 1280px\" \/>\t\t\t\t\t\t\t\t\t\t\t\t\t\t\t<\/div>\n\t\t\t\t<\/div>\n\t\t\t\t<\/div>\n\t\t\t\t\t<\/div>\n\t\t\t\t<\/div>\n\t\t\t\t<\/div>\n\t\t","protected":false},"excerpt":{"rendered":"<p>Chez Safavi Financial Firm, nous pensons que notre responsabilit\u00e9 va au-del\u00e0 de la fourniture d&rsquo;excellents services financiers Engagement communautaire Notre engagement en faveur de la communaut\u00e9 est ancr\u00e9 dans notre entreprise Chez Safavi Financial Firm, nous pensons que notre responsabilit\u00e9 va au-del\u00e0 de la fourniture d&rsquo;excellents services financiers &#8211; elle implique d&rsquo;avoir un impact significatif [&hellip;]<\/p>\n","protected":false},"author":1,"featured_media":0,"parent":0,"menu_order":0,"comment_status":"closed","ping_status":"closed","template":"elementor_header_footer","meta":{"footnotes":""},"class_list":["post-1326","page","type-page","status-publish","hentry"],"_links":{"self":[{"href":"https:\/\/www.safavifinancial.com\/fr\/wp-json\/wp\/v2\/pages\/1326","targetHints":{"allow":["GET"]}}],"collection":[{"href":"https:\/\/www.safavifinancial.com\/fr\/wp-json\/wp\/v2\/pages"}],"about":[{"href":"https:\/\/www.safavifinancial.com\/fr\/wp-json\/wp\/v2\/types\/page"}],"author":[{"embeddable":true,"href":"https:\/\/www.safavifinancial.com\/fr\/wp-json\/wp\/v2\/users\/1"}],"replies":[{"embeddable":true,"href":"https:\/\/www.safavifinancial.com\/fr\/wp-json\/wp\/v2\/comments?post=1326"}],"version-history":[{"count":0,"href":"https:\/\/www.safavifinancial.com\/fr\/wp-json\/wp\/v2\/pages\/1326\/revisions"}],"wp:attachment":[{"href":"https:\/\/www.safavifinancial.com\/fr\/wp-json\/wp\/v2\/media?parent=1326"}],"curies":[{"name":"wp","href":"https:\/\/api.w.org\/{rel}","templated":true}]}}