{"id":1327,"date":"2024-06-21T09:28:49","date_gmt":"2024-06-21T09:28:49","guid":{"rendered":"https:\/\/www.safavifinancial.com\/planification-financiere-personnelle\/"},"modified":"2024-07-06T09:09:23","modified_gmt":"2024-07-06T09:09:23","slug":"planification-financiere-personnelle","status":"publish","type":"page","link":"https:\/\/www.safavifinancial.com\/fr\/planification-financiere-personnelle\/","title":{"rendered":"Planification financi\u00e8re personnelle"},"content":{"rendered":"\t\t<div data-elementor-type=\"wp-page\" data-elementor-id=\"1327\" class=\"elementor elementor-1327 elementor-186\" data-elementor-post-type=\"page\">\n\t\t\t\t<div class=\"elementor-element elementor-element-cad2f2d e-flex e-con-boxed e-con e-parent\" data-id=\"cad2f2d\" data-element_type=\"container\" data-settings=\"{&quot;background_background&quot;:&quot;classic&quot;}\">\n\t\t\t\t\t<div class=\"e-con-inner\">\n\t\t<div class=\"elementor-element elementor-element-8271afe e-flex e-con-boxed e-con e-child\" data-id=\"8271afe\" data-element_type=\"container\">\n\t\t\t\t\t<div class=\"e-con-inner\">\n\t\t\t\t<div class=\"elementor-element elementor-element-30302052 elementor-widget elementor-widget-heading\" data-id=\"30302052\" data-element_type=\"widget\" data-widget_type=\"heading.default\">\n\t\t\t\t<div class=\"elementor-widget-container\">\n\t\t\t\t\t<h1 class=\"elementor-heading-title elementor-size-default\">Planification financi\u00e8re personnelle<\/h1>\t\t\t\t<\/div>\n\t\t\t\t<\/div>\n\t\t\t\t<div class=\"elementor-element elementor-element-2036ce78 elementor-widget elementor-widget-heading\" data-id=\"2036ce78\" data-element_type=\"widget\" data-widget_type=\"heading.default\">\n\t\t\t\t<div class=\"elementor-widget-container\">\n\t\t\t\t\t<h4 class=\"elementor-heading-title elementor-size-default\">Planifier votre r\u00e9ussite, investir dans votre avenir<\/h4>\t\t\t\t<\/div>\n\t\t\t\t<\/div>\n\t\t\t\t\t<\/div>\n\t\t\t\t<\/div>\n\t\t\t\t\t<\/div>\n\t\t\t\t<\/div>\n\t\t<div class=\"elementor-element elementor-element-7a9ab3da e-flex e-con-boxed e-con e-parent\" data-id=\"7a9ab3da\" data-element_type=\"container\" data-settings=\"{&quot;background_background&quot;:&quot;classic&quot;}\">\n\t\t\t\t\t<div class=\"e-con-inner\">\n\t\t<div class=\"elementor-element elementor-element-6ab299e1 e-con-full e-flex e-con e-child\" data-id=\"6ab299e1\" data-element_type=\"container\">\n\t\t\t\t<div class=\"elementor-element elementor-element-434b4750 elementor-widget elementor-widget-heading\" data-id=\"434b4750\" data-element_type=\"widget\" data-widget_type=\"heading.default\">\n\t\t\t\t<div class=\"elementor-widget-container\">\n\t\t\t\t\t<h6 class=\"elementor-heading-title elementor-size-default\">Planification financi\u00e8re personnelle<\/h6>\t\t\t\t<\/div>\n\t\t\t\t<\/div>\n\t\t\t\t<div class=\"elementor-element elementor-element-730342a5 elementor-widget elementor-widget-heading\" data-id=\"730342a5\" data-element_type=\"widget\" data-widget_type=\"heading.default\">\n\t\t\t\t<div class=\"elementor-widget-container\">\n\t\t\t\t\t<h2 class=\"elementor-heading-title elementor-size-default\">Planification financi\u00e8re personnelle<\/h2>\t\t\t\t<\/div>\n\t\t\t\t<\/div>\n\t\t\t\t<div class=\"elementor-element elementor-element-38f2a607 elementor-widget elementor-widget-heading\" data-id=\"38f2a607\" data-element_type=\"widget\" data-widget_type=\"heading.default\">\n\t\t\t\t<div class=\"elementor-widget-container\">\n\t\t\t\t\t<div class=\"elementor-heading-title elementor-size-default\">Chez Safavi Financial Firm, nous comprenons que la planification financi\u00e8re personnelle est la pierre angulaire d'un avenir s\u00fbr. Nos services sont con\u00e7us pour vous aider \u00e0 atteindre vos objectifs financiers, qu'il s'agisse d'\u00e9pargner pour acheter la maison de vos r\u00eaves, d'investir judicieusement ou de planifier votre retraite. Nous travaillons en \u00e9troite collaboration avec vous afin d'\u00e9valuer votre situation financi\u00e8re, de comprendre vos objectifs et d'\u00e9laborer un plan personnalis\u00e9 qui correspond aux ambitions de votre vie.<\/div>\t\t\t\t<\/div>\n\t\t\t\t<\/div>\n\t\t\t\t<div class=\"elementor-element elementor-element-3a697b26 elementor-widget elementor-widget-button\" data-id=\"3a697b26\" data-element_type=\"widget\" data-widget_type=\"button.default\">\n\t\t\t\t<div class=\"elementor-widget-container\">\n\t\t\t\t\t\t\t\t\t<div class=\"elementor-button-wrapper\">\n\t\t\t\t\t<a class=\"elementor-button elementor-button-link elementor-size-md\" href=\"https:\/\/www.safavifinancial.com\/online-consultation-scheduling\/\">\n\t\t\t\t\t\t<span class=\"elementor-button-content-wrapper\">\n\t\t\t\t\t\t\t\t\t<span class=\"elementor-button-text\">D\u00e9couvrir plus<\/span>\n\t\t\t\t\t<\/span>\n\t\t\t\t\t<\/a>\n\t\t\t\t<\/div>\n\t\t\t\t\t\t\t\t<\/div>\n\t\t\t\t<\/div>\n\t\t\t\t<\/div>\n\t\t<div class=\"elementor-element elementor-element-1008e94c e-con-full e-flex e-con e-child\" data-id=\"1008e94c\" data-element_type=\"container\">\n\t\t\t\t<div class=\"elementor-element elementor-element-5819113 elementor-widget elementor-widget-image\" data-id=\"5819113\" data-element_type=\"widget\" data-widget_type=\"image.default\">\n\t\t\t\t<div class=\"elementor-widget-container\">\n\t\t\t\t\t\t\t\t\t\t\t\t\t\t\t<img fetchpriority=\"high\" decoding=\"async\" width=\"1280\" height=\"848\" src=\"http:\/\/www.safavifinancial.com\/wp-content\/uploads\/2024\/06\/25.jpg\" class=\"attachment-full size-full wp-image-1159\" alt=\"\" srcset=\"http:\/\/www.safavifinancial.com\/wp-content\/uploads\/2024\/06\/25.jpg 1280w, http:\/\/www.safavifinancial.com\/wp-content\/uploads\/2024\/06\/25-300x199.jpg 300w, http:\/\/www.safavifinancial.com\/wp-content\/uploads\/2024\/06\/25-1024x678.jpg 1024w, http:\/\/www.safavifinancial.com\/wp-content\/uploads\/2024\/06\/25-768x509.jpg 768w\" sizes=\"(max-width: 1280px) 100vw, 1280px\" \/>\t\t\t\t\t\t\t\t\t\t\t\t\t\t\t<\/div>\n\t\t\t\t<\/div>\n\t\t\t\t<\/div>\n\t\t\t\t\t<\/div>\n\t\t\t\t<\/div>\n\t\t\t\t<\/div>\n\t\t","protected":false},"excerpt":{"rendered":"<p>Planifier votre r\u00e9ussite, investir dans votre avenir Planification financi\u00e8re personnelle Planification financi\u00e8re personnelle Chez Safavi Financial Firm, nous comprenons que la planification financi\u00e8re personnelle est la pierre angulaire d&rsquo;un avenir s\u00fbr. Nos services sont con\u00e7us pour vous aider \u00e0 atteindre vos objectifs financiers, qu&rsquo;il s&rsquo;agisse d&rsquo;\u00e9pargner pour acheter la maison de vos r\u00eaves, d&rsquo;investir judicieusement [&hellip;]<\/p>\n","protected":false},"author":1,"featured_media":0,"parent":0,"menu_order":0,"comment_status":"closed","ping_status":"closed","template":"elementor_header_footer","meta":{"footnotes":""},"class_list":["post-1327","page","type-page","status-publish","hentry"],"_links":{"self":[{"href":"https:\/\/www.safavifinancial.com\/fr\/wp-json\/wp\/v2\/pages\/1327","targetHints":{"allow":["GET"]}}],"collection":[{"href":"https:\/\/www.safavifinancial.com\/fr\/wp-json\/wp\/v2\/pages"}],"about":[{"href":"https:\/\/www.safavifinancial.com\/fr\/wp-json\/wp\/v2\/types\/page"}],"author":[{"embeddable":true,"href":"https:\/\/www.safavifinancial.com\/fr\/wp-json\/wp\/v2\/users\/1"}],"replies":[{"embeddable":true,"href":"https:\/\/www.safavifinancial.com\/fr\/wp-json\/wp\/v2\/comments?post=1327"}],"version-history":[{"count":0,"href":"https:\/\/www.safavifinancial.com\/fr\/wp-json\/wp\/v2\/pages\/1327\/revisions"}],"wp:attachment":[{"href":"https:\/\/www.safavifinancial.com\/fr\/wp-json\/wp\/v2\/media?parent=1327"}],"curies":[{"name":"wp","href":"https:\/\/api.w.org\/{rel}","templated":true}]}}