{"id":1353,"date":"2024-06-21T09:31:23","date_gmt":"2024-06-21T09:31:23","guid":{"rendered":"https:\/\/www.safavifinancial.com\/gestion-de-la-confiance\/"},"modified":"2024-07-06T09:09:25","modified_gmt":"2024-07-06T09:09:25","slug":"gestion-de-la-confiance","status":"publish","type":"page","link":"https:\/\/www.safavifinancial.com\/fr\/gestion-de-la-confiance\/","title":{"rendered":"Gestion de la confiance"},"content":{"rendered":"\t\t<div data-elementor-type=\"wp-page\" data-elementor-id=\"1353\" class=\"elementor elementor-1353 elementor-204\" data-elementor-post-type=\"page\">\n\t\t\t\t<div class=\"elementor-element elementor-element-3f92bc40 e-flex e-con-boxed e-con e-parent\" data-id=\"3f92bc40\" data-element_type=\"container\" data-settings=\"{&quot;background_background&quot;:&quot;classic&quot;}\">\n\t\t\t\t\t<div class=\"e-con-inner\">\n\t\t<div class=\"elementor-element elementor-element-5991c978 e-flex e-con-boxed e-con e-child\" data-id=\"5991c978\" data-element_type=\"container\">\n\t\t\t\t\t<div class=\"e-con-inner\">\n\t\t\t\t<div class=\"elementor-element elementor-element-6c38061c elementor-widget elementor-widget-heading\" data-id=\"6c38061c\" data-element_type=\"widget\" data-widget_type=\"heading.default\">\n\t\t\t\t<div class=\"elementor-widget-container\">\n\t\t\t\t\t<h1 class=\"elementor-heading-title elementor-size-default\">Gestion de la confiance<\/h1>\t\t\t\t<\/div>\n\t\t\t\t<\/div>\n\t\t\t\t<div class=\"elementor-element elementor-element-31ff00e3 elementor-widget elementor-widget-heading\" data-id=\"31ff00e3\" data-element_type=\"widget\" data-widget_type=\"heading.default\">\n\t\t\t\t<div class=\"elementor-widget-container\">\n\t\t\t\t\t<h4 class=\"elementor-heading-title elementor-size-default\">Services de gestion fiduciaire Canada<\/h4>\t\t\t\t<\/div>\n\t\t\t\t<\/div>\n\t\t\t\t\t<\/div>\n\t\t\t\t<\/div>\n\t\t\t\t\t<\/div>\n\t\t\t\t<\/div>\n\t\t<div class=\"elementor-element elementor-element-451362ea e-flex e-con-boxed e-con e-parent\" data-id=\"451362ea\" data-element_type=\"container\" data-settings=\"{&quot;background_background&quot;:&quot;classic&quot;}\">\n\t\t\t\t\t<div class=\"e-con-inner\">\n\t\t<div class=\"elementor-element elementor-element-5dfa4049 e-con-full e-flex e-con e-child\" data-id=\"5dfa4049\" data-element_type=\"container\">\n\t\t\t\t<div class=\"elementor-element elementor-element-37c478bb elementor-widget elementor-widget-heading\" data-id=\"37c478bb\" data-element_type=\"widget\" data-widget_type=\"heading.default\">\n\t\t\t\t<div class=\"elementor-widget-container\">\n\t\t\t\t\t<h6 class=\"elementor-heading-title elementor-size-default\">services de gestion fiduciaire Canada<\/h6>\t\t\t\t<\/div>\n\t\t\t\t<\/div>\n\t\t\t\t<div class=\"elementor-element elementor-element-35e204e elementor-widget elementor-widget-heading\" data-id=\"35e204e\" data-element_type=\"widget\" data-widget_type=\"heading.default\">\n\t\t\t\t<div class=\"elementor-widget-container\">\n\t\t\t\t\t<h2 class=\"elementor-heading-title elementor-size-default\">Confiance, expertise, int\u00e9grit\u00e9 - la promesse Safavi<\/h2>\t\t\t\t<\/div>\n\t\t\t\t<\/div>\n\t\t\t\t<div class=\"elementor-element elementor-element-7d1466f4 elementor-widget elementor-widget-heading\" data-id=\"7d1466f4\" data-element_type=\"widget\" data-widget_type=\"heading.default\">\n\t\t\t\t<div class=\"elementor-widget-container\">\n\t\t\t\t\t<div class=\"elementor-heading-title elementor-size-default\">La gestion d'un trust peut constituer un \u00e9l\u00e9ment strat\u00e9gique de votre planification successorale, en vous permettant de contr\u00f4ler la distribution des actifs. Nos experts vous aident \u00e0 mettre en place et \u00e0 g\u00e9rer des trusts qui prot\u00e8gent vos actifs et garantissent qu'ils sont utilis\u00e9s comme pr\u00e9vu.<\/div>\t\t\t\t<\/div>\n\t\t\t\t<\/div>\n\t\t\t\t<div class=\"elementor-element elementor-element-5ba2118a elementor-widget elementor-widget-button\" data-id=\"5ba2118a\" data-element_type=\"widget\" data-widget_type=\"button.default\">\n\t\t\t\t<div class=\"elementor-widget-container\">\n\t\t\t\t\t\t\t\t\t<div class=\"elementor-button-wrapper\">\n\t\t\t\t\t<a class=\"elementor-button elementor-button-link elementor-size-md\" href=\"https:\/\/www.safavifinancial.com\/online-consultation-scheduling\/\">\n\t\t\t\t\t\t<span class=\"elementor-button-content-wrapper\">\n\t\t\t\t\t\t\t\t\t<span class=\"elementor-button-text\">D\u00e9couvrir plus<\/span>\n\t\t\t\t\t<\/span>\n\t\t\t\t\t<\/a>\n\t\t\t\t<\/div>\n\t\t\t\t\t\t\t\t<\/div>\n\t\t\t\t<\/div>\n\t\t\t\t<\/div>\n\t\t<div class=\"elementor-element elementor-element-1a713bb9 e-con-full e-flex e-con e-child\" data-id=\"1a713bb9\" data-element_type=\"container\">\n\t\t\t\t<div class=\"elementor-element elementor-element-19a6bc37 elementor-widget elementor-widget-image\" data-id=\"19a6bc37\" data-element_type=\"widget\" data-widget_type=\"image.default\">\n\t\t\t\t<div class=\"elementor-widget-container\">\n\t\t\t\t\t\t\t\t\t\t\t\t\t\t\t<img fetchpriority=\"high\" decoding=\"async\" width=\"1280\" height=\"848\" src=\"http:\/\/www.safavifinancial.com\/wp-content\/uploads\/2024\/06\/44.jpg\" class=\"attachment-full size-full wp-image-1183\" alt=\"\" srcset=\"http:\/\/www.safavifinancial.com\/wp-content\/uploads\/2024\/06\/44.jpg 1280w, http:\/\/www.safavifinancial.com\/wp-content\/uploads\/2024\/06\/44-300x199.jpg 300w, http:\/\/www.safavifinancial.com\/wp-content\/uploads\/2024\/06\/44-1024x678.jpg 1024w, http:\/\/www.safavifinancial.com\/wp-content\/uploads\/2024\/06\/44-768x509.jpg 768w\" sizes=\"(max-width: 1280px) 100vw, 1280px\" \/>\t\t\t\t\t\t\t\t\t\t\t\t\t\t\t<\/div>\n\t\t\t\t<\/div>\n\t\t\t\t<\/div>\n\t\t\t\t\t<\/div>\n\t\t\t\t<\/div>\n\t\t\t\t<\/div>\n\t\t","protected":false},"excerpt":{"rendered":"<p>Services de gestion fiduciaire Canada services de gestion fiduciaire Canada Confiance, expertise, int\u00e9grit\u00e9 &#8211; la promesse Safavi La gestion d&rsquo;un trust peut constituer un \u00e9l\u00e9ment strat\u00e9gique de votre planification successorale, en vous permettant de contr\u00f4ler la distribution des actifs. Nos experts vous aident \u00e0 mettre en place et \u00e0 g\u00e9rer des trusts qui prot\u00e8gent vos [&hellip;]<\/p>\n","protected":false},"author":1,"featured_media":0,"parent":0,"menu_order":0,"comment_status":"closed","ping_status":"closed","template":"elementor_header_footer","meta":{"footnotes":""},"class_list":["post-1353","page","type-page","status-publish","hentry"],"_links":{"self":[{"href":"https:\/\/www.safavifinancial.com\/fr\/wp-json\/wp\/v2\/pages\/1353","targetHints":{"allow":["GET"]}}],"collection":[{"href":"https:\/\/www.safavifinancial.com\/fr\/wp-json\/wp\/v2\/pages"}],"about":[{"href":"https:\/\/www.safavifinancial.com\/fr\/wp-json\/wp\/v2\/types\/page"}],"author":[{"embeddable":true,"href":"https:\/\/www.safavifinancial.com\/fr\/wp-json\/wp\/v2\/users\/1"}],"replies":[{"embeddable":true,"href":"https:\/\/www.safavifinancial.com\/fr\/wp-json\/wp\/v2\/comments?post=1353"}],"version-history":[{"count":0,"href":"https:\/\/www.safavifinancial.com\/fr\/wp-json\/wp\/v2\/pages\/1353\/revisions"}],"wp:attachment":[{"href":"https:\/\/www.safavifinancial.com\/fr\/wp-json\/wp\/v2\/media?parent=1353"}],"curies":[{"name":"wp","href":"https:\/\/api.w.org\/{rel}","templated":true}]}}