{"id":1355,"date":"2024-06-21T09:29:50","date_gmt":"2024-06-21T09:29:50","guid":{"rendered":"https:\/\/www.safavifinancial.com\/fonds-communs-de-placement-gestion-de-patrimoine\/"},"modified":"2024-07-06T09:09:25","modified_gmt":"2024-07-06T09:09:25","slug":"fonds-communs-de-placement-gestion-de-patrimoine","status":"publish","type":"page","link":"https:\/\/www.safavifinancial.com\/fr\/fonds-communs-de-placement-gestion-de-patrimoine\/","title":{"rendered":"Fonds communs de placement Gestion de patrimoine"},"content":{"rendered":"\t\t<div data-elementor-type=\"wp-page\" data-elementor-id=\"1355\" class=\"elementor elementor-1355 elementor-194\" data-elementor-post-type=\"page\">\n\t\t\t\t<div class=\"elementor-element elementor-element-43784d7c e-flex e-con-boxed e-con e-parent\" data-id=\"43784d7c\" data-element_type=\"container\" data-settings=\"{&quot;background_background&quot;:&quot;classic&quot;}\">\n\t\t\t\t\t<div class=\"e-con-inner\">\n\t\t<div class=\"elementor-element elementor-element-54f37019 e-flex e-con-boxed e-con e-child\" data-id=\"54f37019\" data-element_type=\"container\">\n\t\t\t\t\t<div class=\"e-con-inner\">\n\t\t\t\t<div class=\"elementor-element elementor-element-280a392c elementor-widget elementor-widget-heading\" data-id=\"280a392c\" data-element_type=\"widget\" data-widget_type=\"heading.default\">\n\t\t\t\t<div class=\"elementor-widget-container\">\n\t\t\t\t\t<h1 class=\"elementor-heading-title elementor-size-default\">Fonds communs de placement Gestion de patrimoine<\/h1>\t\t\t\t<\/div>\n\t\t\t\t<\/div>\n\t\t\t\t<div class=\"elementor-element elementor-element-6c88d0b6 elementor-widget elementor-widget-heading\" data-id=\"6c88d0b6\" data-element_type=\"widget\" data-widget_type=\"heading.default\">\n\t\t\t\t<div class=\"elementor-widget-container\">\n\t\t\t\t\t<h4 class=\"elementor-heading-title elementor-size-default\">Gestion de fonds communs de placement Canada<\/h4>\t\t\t\t<\/div>\n\t\t\t\t<\/div>\n\t\t\t\t\t<\/div>\n\t\t\t\t<\/div>\n\t\t\t\t\t<\/div>\n\t\t\t\t<\/div>\n\t\t<div class=\"elementor-element elementor-element-3fd01f64 e-flex e-con-boxed e-con e-parent\" data-id=\"3fd01f64\" data-element_type=\"container\" data-settings=\"{&quot;background_background&quot;:&quot;classic&quot;}\">\n\t\t\t\t\t<div class=\"e-con-inner\">\n\t\t<div class=\"elementor-element elementor-element-3dd3262b e-con-full e-flex e-con e-child\" data-id=\"3dd3262b\" data-element_type=\"container\">\n\t\t\t\t<div class=\"elementor-element elementor-element-4ee867dd elementor-widget elementor-widget-heading\" data-id=\"4ee867dd\" data-element_type=\"widget\" data-widget_type=\"heading.default\">\n\t\t\t\t<div class=\"elementor-widget-container\">\n\t\t\t\t\t<h6 class=\"elementor-heading-title elementor-size-default\">Gestion de fonds communs de placement Canada<\/h6>\t\t\t\t<\/div>\n\t\t\t\t<\/div>\n\t\t\t\t<div class=\"elementor-element elementor-element-41b438ce elementor-widget elementor-widget-heading\" data-id=\"41b438ce\" data-element_type=\"widget\" data-widget_type=\"heading.default\">\n\t\t\t\t<div class=\"elementor-widget-container\">\n\t\t\t\t\t<h2 class=\"elementor-heading-title elementor-size-default\">B\u00e2tir votre avenir financier au Canada<\/h2>\t\t\t\t<\/div>\n\t\t\t\t<\/div>\n\t\t\t\t<div class=\"elementor-element elementor-element-45ff8584 elementor-widget elementor-widget-heading\" data-id=\"45ff8584\" data-element_type=\"widget\" data-widget_type=\"heading.default\">\n\t\t\t\t<div class=\"elementor-widget-container\">\n\t\t\t\t\t<div class=\"elementor-heading-title elementor-size-default\">Les fonds communs de placement offrent un portefeuille diversifi\u00e9 en un seul investissement, id\u00e9al pour ceux qui recherchent une exposition \u00e9quilibr\u00e9e sur les march\u00e9s financiers. Les experts en gestion de patrimoine de Safavi Financial Firm aident les clients \u00e0 s\u00e9lectionner les fonds communs de placement qui correspondent \u00e0 leurs objectifs d'investissement et \u00e0 leur tol\u00e9rance au risque.<\/div>\t\t\t\t<\/div>\n\t\t\t\t<\/div>\n\t\t\t\t<\/div>\n\t\t<div class=\"elementor-element elementor-element-5fdd04ab e-con-full e-flex e-con e-child\" data-id=\"5fdd04ab\" data-element_type=\"container\">\n\t\t\t\t<div class=\"elementor-element elementor-element-59744f86 elementor-widget elementor-widget-image\" data-id=\"59744f86\" data-element_type=\"widget\" data-widget_type=\"image.default\">\n\t\t\t\t<div class=\"elementor-widget-container\">\n\t\t\t\t\t\t\t\t\t\t\t\t\t\t\t<img fetchpriority=\"high\" decoding=\"async\" width=\"1280\" height=\"848\" src=\"http:\/\/www.safavifinancial.com\/wp-content\/uploads\/2024\/06\/33-1.jpg\" class=\"attachment-full size-full wp-image-1167\" alt=\"\" srcset=\"http:\/\/www.safavifinancial.com\/wp-content\/uploads\/2024\/06\/33-1.jpg 1280w, http:\/\/www.safavifinancial.com\/wp-content\/uploads\/2024\/06\/33-1-300x199.jpg 300w, http:\/\/www.safavifinancial.com\/wp-content\/uploads\/2024\/06\/33-1-1024x678.jpg 1024w, http:\/\/www.safavifinancial.com\/wp-content\/uploads\/2024\/06\/33-1-768x509.jpg 768w\" sizes=\"(max-width: 1280px) 100vw, 1280px\" \/>\t\t\t\t\t\t\t\t\t\t\t\t\t\t\t<\/div>\n\t\t\t\t<\/div>\n\t\t\t\t<\/div>\n\t\t\t\t\t<\/div>\n\t\t\t\t<\/div>\n\t\t\t\t<\/div>\n\t\t","protected":false},"excerpt":{"rendered":"<p>Gestion de fonds communs de placement Canada Gestion de fonds communs de placement Canada B\u00e2tir votre avenir financier au Canada Les fonds communs de placement offrent un portefeuille diversifi\u00e9 en un seul investissement, id\u00e9al pour ceux qui recherchent une exposition \u00e9quilibr\u00e9e sur les march\u00e9s financiers. Les experts en gestion de patrimoine de Safavi Financial Firm [&hellip;]<\/p>\n","protected":false},"author":1,"featured_media":0,"parent":0,"menu_order":0,"comment_status":"closed","ping_status":"closed","template":"elementor_header_footer","meta":{"footnotes":""},"class_list":["post-1355","page","type-page","status-publish","hentry"],"_links":{"self":[{"href":"https:\/\/www.safavifinancial.com\/fr\/wp-json\/wp\/v2\/pages\/1355","targetHints":{"allow":["GET"]}}],"collection":[{"href":"https:\/\/www.safavifinancial.com\/fr\/wp-json\/wp\/v2\/pages"}],"about":[{"href":"https:\/\/www.safavifinancial.com\/fr\/wp-json\/wp\/v2\/types\/page"}],"author":[{"embeddable":true,"href":"https:\/\/www.safavifinancial.com\/fr\/wp-json\/wp\/v2\/users\/1"}],"replies":[{"embeddable":true,"href":"https:\/\/www.safavifinancial.com\/fr\/wp-json\/wp\/v2\/comments?post=1355"}],"version-history":[{"count":0,"href":"https:\/\/www.safavifinancial.com\/fr\/wp-json\/wp\/v2\/pages\/1355\/revisions"}],"wp:attachment":[{"href":"https:\/\/www.safavifinancial.com\/fr\/wp-json\/wp\/v2\/media?parent=1355"}],"curies":[{"name":"wp","href":"https:\/\/api.w.org\/{rel}","templated":true}]}}