{"id":1380,"date":"2024-06-21T09:38:47","date_gmt":"2024-06-21T09:38:47","guid":{"rendered":"https:\/\/www.safavifinancial.com\/strategies-fiscales-pour-les-entreprises\/"},"modified":"2024-07-06T09:11:27","modified_gmt":"2024-07-06T09:11:27","slug":"strategies-fiscales-pour-les-entreprises","status":"publish","type":"page","link":"https:\/\/www.safavifinancial.com\/fr\/strategies-fiscales-pour-les-entreprises\/","title":{"rendered":"Strat\u00e9gies fiscales pour les entreprises"},"content":{"rendered":"\t\t<div data-elementor-type=\"wp-page\" data-elementor-id=\"1380\" class=\"elementor elementor-1380 elementor-233\" data-elementor-post-type=\"page\">\n\t\t\t\t<div class=\"elementor-element elementor-element-442c0ba7 e-flex e-con-boxed e-con e-parent\" data-id=\"442c0ba7\" data-element_type=\"container\" data-settings=\"{&quot;background_background&quot;:&quot;classic&quot;}\">\n\t\t\t\t\t<div class=\"e-con-inner\">\n\t\t<div class=\"elementor-element elementor-element-5d163c00 e-flex e-con-boxed e-con e-child\" data-id=\"5d163c00\" data-element_type=\"container\">\n\t\t\t\t\t<div class=\"e-con-inner\">\n\t\t\t\t<div class=\"elementor-element elementor-element-48caafe3 elementor-widget elementor-widget-heading\" data-id=\"48caafe3\" data-element_type=\"widget\" data-widget_type=\"heading.default\">\n\t\t\t\t<div class=\"elementor-widget-container\">\n\t\t\t\t\t<h1 class=\"elementor-heading-title elementor-size-default\">Strat\u00e9gies fiscales pour les entreprises<\/h1>\t\t\t\t<\/div>\n\t\t\t\t<\/div>\n\t\t\t\t<div class=\"elementor-element elementor-element-154567a8 elementor-widget elementor-widget-heading\" data-id=\"154567a8\" data-element_type=\"widget\" data-widget_type=\"heading.default\">\n\t\t\t\t<div class=\"elementor-widget-container\">\n\t\t\t\t\t<h4 class=\"elementor-heading-title elementor-size-default\">nous reconnaissons l'impact significatif qu'une planification fiscale efficace peut avoir sur une entreprise.  <br>la sant\u00e9 financi\u00e8re d'un individu ou d'une soci\u00e9t\u00e9<\/h4>\t\t\t\t<\/div>\n\t\t\t\t<\/div>\n\t\t\t\t\t<\/div>\n\t\t\t\t<\/div>\n\t\t\t\t\t<\/div>\n\t\t\t\t<\/div>\n\t\t<div class=\"elementor-element elementor-element-5c4d791 e-flex e-con-boxed e-con e-parent\" data-id=\"5c4d791\" data-element_type=\"container\" data-settings=\"{&quot;background_background&quot;:&quot;classic&quot;}\">\n\t\t\t\t\t<div class=\"e-con-inner\">\n\t\t<div class=\"elementor-element elementor-element-12daf63b e-con-full e-flex e-con e-child\" data-id=\"12daf63b\" data-element_type=\"container\">\n\t\t\t\t<div class=\"elementor-element elementor-element-244197d5 elementor-widget elementor-widget-heading\" data-id=\"244197d5\" data-element_type=\"widget\" data-widget_type=\"heading.default\">\n\t\t\t\t<div class=\"elementor-widget-container\">\n\t\t\t\t\t<h6 class=\"elementor-heading-title elementor-size-default\">planification fiscale des entreprises Canada<\/h6>\t\t\t\t<\/div>\n\t\t\t\t<\/div>\n\t\t\t\t<div class=\"elementor-element elementor-element-5d0a12a7 elementor-widget elementor-widget-heading\" data-id=\"5d0a12a7\" data-element_type=\"widget\" data-widget_type=\"heading.default\">\n\t\t\t\t<div class=\"elementor-widget-container\">\n\t\t\t\t\t<h2 class=\"elementor-heading-title elementor-size-default\">De vos objectifs \u00e0 nos strat\u00e9gies - La planification financi\u00e8re pour un avenir meilleur<\/h2>\t\t\t\t<\/div>\n\t\t\t\t<\/div>\n\t\t\t\t<div class=\"elementor-element elementor-element-7a569851 elementor-widget elementor-widget-heading\" data-id=\"7a569851\" data-element_type=\"widget\" data-widget_type=\"heading.default\">\n\t\t\t\t<div class=\"elementor-widget-container\">\n\t\t\t\t\t<div class=\"elementor-heading-title elementor-size-default\">Nos strat\u00e9gies fiscales pour les entreprises sont con\u00e7ues pour aider votre entreprise \u00e0 minimiser ses obligations fiscales tout en respectant les lois fiscales canadiennes. Nous proposons une planification fiscale personnalis\u00e9e qui s'aligne sur les objectifs de votre entreprise et vos pratiques financi\u00e8res.<br>\nLes entreprises clientes sont confront\u00e9es \u00e0 des d\u00e9fis et \u00e0 des opportunit\u00e9s uniques lorsqu'il s'agit de g\u00e9rer les imp\u00f4ts. Safavi Financial Firm est sp\u00e9cialis\u00e9 dans la mise en place de strat\u00e9gies fiscales pour les entreprises qui am\u00e9liorent la rentabilit\u00e9 tout en garantissant la conformit\u00e9 avec des lois fiscales en constante \u00e9volution. Nous vous aidons dans tous les domaines, de la d\u00e9termination de la structure la plus avantageuse sur le plan fiscal pour votre entreprise \u00e0 la gestion de questions complexes telles que les prix de transfert et les r\u00e9organisations d'entreprises. Notre objectif est de vous aider \u00e0 obtenir un avantage concurrentiel en r\u00e9duisant au minimum vos obligations fiscales.<\/div>\t\t\t\t<\/div>\n\t\t\t\t<\/div>\n\t\t\t\t<div class=\"elementor-element elementor-element-5bdcf31f elementor-widget elementor-widget-button\" data-id=\"5bdcf31f\" data-element_type=\"widget\" data-widget_type=\"button.default\">\n\t\t\t\t<div class=\"elementor-widget-container\">\n\t\t\t\t\t\t\t\t\t<div class=\"elementor-button-wrapper\">\n\t\t\t\t\t<a class=\"elementor-button elementor-button-link elementor-size-md\" href=\"https:\/\/www.safavifinancial.com\/online-consultation-scheduling\/\">\n\t\t\t\t\t\t<span class=\"elementor-button-content-wrapper\">\n\t\t\t\t\t\t\t\t\t<span class=\"elementor-button-text\">D\u00e9couvrir plus<\/span>\n\t\t\t\t\t<\/span>\n\t\t\t\t\t<\/a>\n\t\t\t\t<\/div>\n\t\t\t\t\t\t\t\t<\/div>\n\t\t\t\t<\/div>\n\t\t\t\t<\/div>\n\t\t<div class=\"elementor-element elementor-element-3eaede05 e-con-full e-flex e-con e-child\" data-id=\"3eaede05\" data-element_type=\"container\">\n\t\t\t\t<div class=\"elementor-element elementor-element-6391835 elementor-widget elementor-widget-image\" data-id=\"6391835\" data-element_type=\"widget\" data-widget_type=\"image.default\">\n\t\t\t\t<div class=\"elementor-widget-container\">\n\t\t\t\t\t\t\t\t\t\t\t\t\t\t\t<img fetchpriority=\"high\" decoding=\"async\" width=\"1280\" height=\"848\" src=\"https:\/\/www.safavifinancial.com\/wp-content\/uploads\/2024\/06\/58.jpg\" class=\"attachment-full size-full wp-image-1196\" alt=\"\" srcset=\"https:\/\/www.safavifinancial.com\/wp-content\/uploads\/2024\/06\/58.jpg 1280w, https:\/\/www.safavifinancial.com\/wp-content\/uploads\/2024\/06\/58-300x199.jpg 300w, https:\/\/www.safavifinancial.com\/wp-content\/uploads\/2024\/06\/58-1024x678.jpg 1024w, https:\/\/www.safavifinancial.com\/wp-content\/uploads\/2024\/06\/58-768x509.jpg 768w\" sizes=\"(max-width: 1280px) 100vw, 1280px\" \/>\t\t\t\t\t\t\t\t\t\t\t\t\t\t\t<\/div>\n\t\t\t\t<\/div>\n\t\t\t\t<\/div>\n\t\t\t\t\t<\/div>\n\t\t\t\t<\/div>\n\t\t\t\t<\/div>\n\t\t","protected":false},"excerpt":{"rendered":"<p>nous reconnaissons l&rsquo;impact significatif qu&rsquo;une planification fiscale efficace peut avoir sur une entreprise. la sant\u00e9 financi\u00e8re d&rsquo;un individu ou d&rsquo;une soci\u00e9t\u00e9 planification fiscale des entreprises Canada De vos objectifs \u00e0 nos strat\u00e9gies &#8211; La planification financi\u00e8re pour un avenir meilleur Nos strat\u00e9gies fiscales pour les entreprises sont con\u00e7ues pour aider votre entreprise \u00e0 minimiser ses [&hellip;]<\/p>\n","protected":false},"author":1,"featured_media":0,"parent":0,"menu_order":0,"comment_status":"closed","ping_status":"closed","template":"elementor_header_footer","meta":{"footnotes":""},"class_list":["post-1380","page","type-page","status-publish","hentry"],"_links":{"self":[{"href":"https:\/\/www.safavifinancial.com\/fr\/wp-json\/wp\/v2\/pages\/1380","targetHints":{"allow":["GET"]}}],"collection":[{"href":"https:\/\/www.safavifinancial.com\/fr\/wp-json\/wp\/v2\/pages"}],"about":[{"href":"https:\/\/www.safavifinancial.com\/fr\/wp-json\/wp\/v2\/types\/page"}],"author":[{"embeddable":true,"href":"https:\/\/www.safavifinancial.com\/fr\/wp-json\/wp\/v2\/users\/1"}],"replies":[{"embeddable":true,"href":"https:\/\/www.safavifinancial.com\/fr\/wp-json\/wp\/v2\/comments?post=1380"}],"version-history":[{"count":0,"href":"https:\/\/www.safavifinancial.com\/fr\/wp-json\/wp\/v2\/pages\/1380\/revisions"}],"wp:attachment":[{"href":"https:\/\/www.safavifinancial.com\/fr\/wp-json\/wp\/v2\/media?parent=1380"}],"curies":[{"name":"wp","href":"https:\/\/api.w.org\/{rel}","templated":true}]}}