{"id":1381,"date":"2024-06-21T09:38:26","date_gmt":"2024-06-21T09:38:26","guid":{"rendered":"https:\/\/www.safavifinancial.com\/strategies-fiscales-pour-les-particuliers-et-les-entreprises\/"},"modified":"2024-07-06T09:11:27","modified_gmt":"2024-07-06T09:11:27","slug":"strategies-fiscales-pour-les-particuliers-et-les-entreprises","status":"publish","type":"page","link":"https:\/\/www.safavifinancial.com\/fr\/strategies-fiscales-pour-les-particuliers-et-les-entreprises\/","title":{"rendered":"Strat\u00e9gies fiscales pour les particuliers et les entreprises"},"content":{"rendered":"\t\t<div data-elementor-type=\"wp-page\" data-elementor-id=\"1381\" class=\"elementor elementor-1381 elementor-231\" data-elementor-post-type=\"page\">\n\t\t\t\t<div class=\"elementor-element elementor-element-4f18a4cc e-flex e-con-boxed e-con e-parent\" data-id=\"4f18a4cc\" data-element_type=\"container\" data-settings=\"{&quot;background_background&quot;:&quot;classic&quot;}\">\n\t\t\t\t\t<div class=\"e-con-inner\">\n\t\t<div class=\"elementor-element elementor-element-2a915e1 e-flex e-con-boxed e-con e-child\" data-id=\"2a915e1\" data-element_type=\"container\">\n\t\t\t\t\t<div class=\"e-con-inner\">\n\t\t\t\t<div class=\"elementor-element elementor-element-3f18d4fe elementor-widget elementor-widget-heading\" data-id=\"3f18d4fe\" data-element_type=\"widget\" data-widget_type=\"heading.default\">\n\t\t\t\t<div class=\"elementor-widget-container\">\n\t\t\t\t\t<h1 class=\"elementor-heading-title elementor-size-default\">Strat\u00e9gies fiscales pour les particuliers et les entreprises<\/h1>\t\t\t\t<\/div>\n\t\t\t\t<\/div>\n\t\t\t\t<div class=\"elementor-element elementor-element-39e2e71 elementor-widget elementor-widget-heading\" data-id=\"39e2e71\" data-element_type=\"widget\" data-widget_type=\"heading.default\">\n\t\t\t\t<div class=\"elementor-widget-container\">\n\t\t\t\t\t<h4 class=\"elementor-heading-title elementor-size-default\">Des strat\u00e9gies de planification fiscale efficaces sont essentielles pour maximiser votre croissance financi\u00e8re.<\/h4>\t\t\t\t<\/div>\n\t\t\t\t<\/div>\n\t\t\t\t\t<\/div>\n\t\t\t\t<\/div>\n\t\t\t\t\t<\/div>\n\t\t\t\t<\/div>\n\t\t<div class=\"elementor-element elementor-element-7191ae56 e-flex e-con-boxed e-con e-parent\" data-id=\"7191ae56\" data-element_type=\"container\" data-settings=\"{&quot;background_background&quot;:&quot;classic&quot;}\">\n\t\t\t\t\t<div class=\"e-con-inner\">\n\t\t<div class=\"elementor-element elementor-element-7131a52a e-con-full e-flex e-con e-child\" data-id=\"7131a52a\" data-element_type=\"container\">\n\t\t\t\t<div class=\"elementor-element elementor-element-2925f832 elementor-widget elementor-widget-heading\" data-id=\"2925f832\" data-element_type=\"widget\" data-widget_type=\"heading.default\">\n\t\t\t\t<div class=\"elementor-widget-container\">\n\t\t\t\t\t<h6 class=\"elementor-heading-title elementor-size-default\">Strat\u00e9gies fiscales pour les particuliers et les entreprises<\/h6>\t\t\t\t<\/div>\n\t\t\t\t<\/div>\n\t\t\t\t<div class=\"elementor-element elementor-element-1593df89 elementor-widget elementor-widget-heading\" data-id=\"1593df89\" data-element_type=\"widget\" data-widget_type=\"heading.default\">\n\t\t\t\t<div class=\"elementor-widget-container\">\n\t\t\t\t\t<h2 class=\"elementor-heading-title elementor-size-default\">Nous nous engageons \u00e0 assurer votre bien-\u00eatre financier<\/h2>\t\t\t\t<\/div>\n\t\t\t\t<\/div>\n\t\t\t\t<div class=\"elementor-element elementor-element-74476b99 elementor-widget elementor-widget-heading\" data-id=\"74476b99\" data-element_type=\"widget\" data-widget_type=\"heading.default\">\n\t\t\t\t<div class=\"elementor-widget-container\">\n\t\t\t\t\t<div class=\"elementor-heading-title elementor-size-default\">Des strat\u00e9gies de planification fiscale efficaces sont essentielles pour maximiser votre croissance financi\u00e8re. Que vous soyez un particulier cherchant \u00e0 minimiser ses obligations fiscales ou une soci\u00e9t\u00e9 cherchant \u00e0 optimiser ses r\u00e9sultats fiscaux, nos experts vous fournissent les conseils dont vous avez besoin.\n<br>Naviguer dans les m\u00e9andres de la r\u00e9glementation fiscale requiert une expertise approfondie et une planification strat\u00e9gique. Les professionnels de la fiscalit\u00e9 de Safavi Financial Firm sont \u00e9quip\u00e9s pour g\u00e9rer les sc\u00e9narios fiscaux des particuliers et des entreprises, en proposant des solutions personnalis\u00e9es qui r\u00e9pondent \u00e0 des besoins sp\u00e9cifiques. Pour les particuliers, nous nous attachons \u00e0 optimiser les d\u00e9ductions, \u00e0 tirer parti des cr\u00e9dits d'imp\u00f4t et \u00e0 planifier les \u00e9v\u00e9nements majeurs de la vie qui ont des cons\u00e9quences fiscales. Pour les entreprises, notre approche comprend la structuration des transactions commerciales, la gestion des d\u00e9clarations fiscales des entreprises et la mise en \u0153uvre de strat\u00e9gies visant \u00e0 r\u00e9duire les obligations fiscales de mani\u00e8re l\u00e9gale et efficace.<\/div>\t\t\t\t<\/div>\n\t\t\t\t<\/div>\n\t\t\t\t<div class=\"elementor-element elementor-element-3de9d88a elementor-widget elementor-widget-button\" data-id=\"3de9d88a\" data-element_type=\"widget\" data-widget_type=\"button.default\">\n\t\t\t\t<div class=\"elementor-widget-container\">\n\t\t\t\t\t\t\t\t\t<div class=\"elementor-button-wrapper\">\n\t\t\t\t\t<a class=\"elementor-button elementor-button-link elementor-size-md\" href=\"https:\/\/www.safavifinancial.com\/online-consultation-scheduling\/\">\n\t\t\t\t\t\t<span class=\"elementor-button-content-wrapper\">\n\t\t\t\t\t\t\t\t\t<span class=\"elementor-button-text\">D\u00e9couvrir plus<\/span>\n\t\t\t\t\t<\/span>\n\t\t\t\t\t<\/a>\n\t\t\t\t<\/div>\n\t\t\t\t\t\t\t\t<\/div>\n\t\t\t\t<\/div>\n\t\t\t\t<\/div>\n\t\t<div class=\"elementor-element elementor-element-2e4258e4 e-con-full e-flex e-con e-child\" data-id=\"2e4258e4\" data-element_type=\"container\">\n\t\t\t\t<div class=\"elementor-element elementor-element-7522a677 elementor-widget elementor-widget-image\" data-id=\"7522a677\" data-element_type=\"widget\" data-widget_type=\"image.default\">\n\t\t\t\t<div class=\"elementor-widget-container\">\n\t\t\t\t\t\t\t\t\t\t\t\t\t\t\t<img fetchpriority=\"high\" decoding=\"async\" width=\"1280\" height=\"848\" src=\"http:\/\/www.safavifinancial.com\/wp-content\/uploads\/2024\/06\/58.jpg\" class=\"attachment-full size-full wp-image-1196\" alt=\"\" srcset=\"http:\/\/www.safavifinancial.com\/wp-content\/uploads\/2024\/06\/58.jpg 1280w, http:\/\/www.safavifinancial.com\/wp-content\/uploads\/2024\/06\/58-300x199.jpg 300w, http:\/\/www.safavifinancial.com\/wp-content\/uploads\/2024\/06\/58-1024x678.jpg 1024w, http:\/\/www.safavifinancial.com\/wp-content\/uploads\/2024\/06\/58-768x509.jpg 768w\" sizes=\"(max-width: 1280px) 100vw, 1280px\" \/>\t\t\t\t\t\t\t\t\t\t\t\t\t\t\t<\/div>\n\t\t\t\t<\/div>\n\t\t\t\t<\/div>\n\t\t\t\t\t<\/div>\n\t\t\t\t<\/div>\n\t\t\t\t<\/div>\n\t\t","protected":false},"excerpt":{"rendered":"<p>Des strat\u00e9gies de planification fiscale efficaces sont essentielles pour maximiser votre croissance financi\u00e8re. Strat\u00e9gies fiscales pour les particuliers et les entreprises Nous nous engageons \u00e0 assurer votre bien-\u00eatre financier Des strat\u00e9gies de planification fiscale efficaces sont essentielles pour maximiser votre croissance financi\u00e8re. Que vous soyez un particulier cherchant \u00e0 minimiser ses obligations fiscales ou une [&hellip;]<\/p>\n","protected":false},"author":1,"featured_media":0,"parent":0,"menu_order":0,"comment_status":"closed","ping_status":"closed","template":"elementor_header_footer","meta":{"footnotes":""},"class_list":["post-1381","page","type-page","status-publish","hentry"],"_links":{"self":[{"href":"https:\/\/www.safavifinancial.com\/fr\/wp-json\/wp\/v2\/pages\/1381","targetHints":{"allow":["GET"]}}],"collection":[{"href":"https:\/\/www.safavifinancial.com\/fr\/wp-json\/wp\/v2\/pages"}],"about":[{"href":"https:\/\/www.safavifinancial.com\/fr\/wp-json\/wp\/v2\/types\/page"}],"author":[{"embeddable":true,"href":"https:\/\/www.safavifinancial.com\/fr\/wp-json\/wp\/v2\/users\/1"}],"replies":[{"embeddable":true,"href":"https:\/\/www.safavifinancial.com\/fr\/wp-json\/wp\/v2\/comments?post=1381"}],"version-history":[{"count":0,"href":"https:\/\/www.safavifinancial.com\/fr\/wp-json\/wp\/v2\/pages\/1381\/revisions"}],"wp:attachment":[{"href":"https:\/\/www.safavifinancial.com\/fr\/wp-json\/wp\/v2\/media?parent=1381"}],"curies":[{"name":"wp","href":"https:\/\/api.w.org\/{rel}","templated":true}]}}