{"id":1382,"date":"2024-06-21T09:36:05","date_gmt":"2024-06-21T09:36:05","guid":{"rendered":"https:\/\/www.safavifinancial.com\/solutions-dassurance\/"},"modified":"2024-07-06T09:11:27","modified_gmt":"2024-07-06T09:11:27","slug":"solutions-dassurance","status":"publish","type":"page","link":"https:\/\/www.safavifinancial.com\/fr\/solutions-dassurance\/","title":{"rendered":"Solutions d&rsquo;assurance"},"content":{"rendered":"\t\t<div data-elementor-type=\"wp-page\" data-elementor-id=\"1382\" class=\"elementor elementor-1382 elementor-217\" data-elementor-post-type=\"page\">\n\t\t\t\t<div class=\"elementor-element elementor-element-3269a655 e-flex e-con-boxed e-con e-parent\" data-id=\"3269a655\" data-element_type=\"container\" data-settings=\"{&quot;background_background&quot;:&quot;classic&quot;}\">\n\t\t\t\t\t<div class=\"e-con-inner\">\n\t\t<div class=\"elementor-element elementor-element-73852772 e-flex e-con-boxed e-con e-child\" data-id=\"73852772\" data-element_type=\"container\">\n\t\t\t\t\t<div class=\"e-con-inner\">\n\t\t\t\t<div class=\"elementor-element elementor-element-709fd521 elementor-widget elementor-widget-heading\" data-id=\"709fd521\" data-element_type=\"widget\" data-widget_type=\"heading.default\">\n\t\t\t\t<div class=\"elementor-widget-container\">\n\t\t\t\t\t<h1 class=\"elementor-heading-title elementor-size-default\">Solutions d&rsquo;assurance<\/h1>\t\t\t\t<\/div>\n\t\t\t\t<\/div>\n\t\t\t\t<div class=\"elementor-element elementor-element-36dfe68e elementor-widget elementor-widget-heading\" data-id=\"36dfe68e\" data-element_type=\"widget\" data-widget_type=\"heading.default\">\n\t\t\t\t<div class=\"elementor-widget-container\">\n\t\t\t\t\t<h4 class=\"elementor-heading-title elementor-size-default\">Prot\u00e9gez-vous et prot\u00e9gez vos biens gr\u00e2ce \u00e0 notre vaste gamme de solutions d'assurance<\/h4>\t\t\t\t<\/div>\n\t\t\t\t<\/div>\n\t\t\t\t\t<\/div>\n\t\t\t\t<\/div>\n\t\t\t\t\t<\/div>\n\t\t\t\t<\/div>\n\t\t<div class=\"elementor-element elementor-element-148c19a2 e-flex e-con-boxed e-con e-parent\" data-id=\"148c19a2\" data-element_type=\"container\" data-settings=\"{&quot;background_background&quot;:&quot;classic&quot;}\">\n\t\t\t\t\t<div class=\"e-con-inner\">\n\t\t<div class=\"elementor-element elementor-element-4ee02aaf e-con-full e-flex e-con e-child\" data-id=\"4ee02aaf\" data-element_type=\"container\">\n\t\t\t\t<div class=\"elementor-element elementor-element-66c936f elementor-widget elementor-widget-heading\" data-id=\"66c936f\" data-element_type=\"widget\" data-widget_type=\"heading.default\">\n\t\t\t\t<div class=\"elementor-widget-container\">\n\t\t\t\t\t<h6 class=\"elementor-heading-title elementor-size-default\">solutions d'assurance Canada<\/h6>\t\t\t\t<\/div>\n\t\t\t\t<\/div>\n\t\t\t\t<div class=\"elementor-element elementor-element-5dd771ac elementor-widget elementor-widget-heading\" data-id=\"5dd771ac\" data-element_type=\"widget\" data-widget_type=\"heading.default\">\n\t\t\t\t<div class=\"elementor-widget-container\">\n\t\t\t\t\t<h2 class=\"elementor-heading-title elementor-size-default\">Votre partenaire pour la croissance et la s\u00e9curit\u00e9 financi\u00e8res<\/h2>\t\t\t\t<\/div>\n\t\t\t\t<\/div>\n\t\t\t\t<div class=\"elementor-element elementor-element-7e9bbccc elementor-widget elementor-widget-heading\" data-id=\"7e9bbccc\" data-element_type=\"widget\" data-widget_type=\"heading.default\">\n\t\t\t\t<div class=\"elementor-widget-container\">\n\t\t\t\t\t<div class=\"elementor-heading-title elementor-size-default\">Prot\u00e9gez-vous et prot\u00e9gez vos biens gr\u00e2ce \u00e0 notre vaste gamme de solutions d'assurance. De l'assurance vie et sant\u00e9 \u00e0 la couverture sp\u00e9cialis\u00e9e pour les maladies graves et les invalidit\u00e9s, nous veillons \u00e0 ce que vous disposiez de la protection dont vous avez besoin en p\u00e9riode d'incertitude.<br>\nAssurer l'avenir de vos proches est une pr\u00e9occupation majeure pour beaucoup. Nos polices d'assurance vie sont con\u00e7ues pour offrir une s\u00e9curit\u00e9 financi\u00e8re \u00e0 votre famille en cas de d\u00e9c\u00e8s pr\u00e9matur\u00e9. Que vous optiez pour une assurance vie temporaire, qui offre une protection pendant une p\u00e9riode d\u00e9termin\u00e9e, ou pour une assurance vie enti\u00e8re, qui offre une couverture \u00e0 vie et une croissance des investissements, nous vous guidons dans le choix du bon plan qui correspond \u00e0 vos objectifs financiers et aux besoins de votre famille.<\/div>\t\t\t\t<\/div>\n\t\t\t\t<\/div>\n\t\t\t\t<\/div>\n\t\t<div class=\"elementor-element elementor-element-710fe0c8 e-con-full e-flex e-con e-child\" data-id=\"710fe0c8\" data-element_type=\"container\">\n\t\t\t\t<div class=\"elementor-element elementor-element-68fab5a9 elementor-widget elementor-widget-image\" data-id=\"68fab5a9\" data-element_type=\"widget\" data-widget_type=\"image.default\">\n\t\t\t\t<div class=\"elementor-widget-container\">\n\t\t\t\t\t\t\t\t\t\t\t\t\t\t\t<img fetchpriority=\"high\" decoding=\"async\" width=\"1280\" height=\"848\" src=\"http:\/\/www.safavifinancial.com\/wp-content\/uploads\/2024\/06\/48.jpg\" class=\"attachment-full size-full wp-image-1186\" alt=\"\" srcset=\"http:\/\/www.safavifinancial.com\/wp-content\/uploads\/2024\/06\/48.jpg 1280w, http:\/\/www.safavifinancial.com\/wp-content\/uploads\/2024\/06\/48-300x199.jpg 300w, http:\/\/www.safavifinancial.com\/wp-content\/uploads\/2024\/06\/48-1024x678.jpg 1024w, http:\/\/www.safavifinancial.com\/wp-content\/uploads\/2024\/06\/48-768x509.jpg 768w\" sizes=\"(max-width: 1280px) 100vw, 1280px\" \/>\t\t\t\t\t\t\t\t\t\t\t\t\t\t\t<\/div>\n\t\t\t\t<\/div>\n\t\t\t\t<\/div>\n\t\t\t\t\t<\/div>\n\t\t\t\t<\/div>\n\t\t\t\t<\/div>\n\t\t","protected":false},"excerpt":{"rendered":"<p>Prot\u00e9gez-vous et prot\u00e9gez vos biens gr\u00e2ce \u00e0 notre vaste gamme de solutions d&rsquo;assurance solutions d&rsquo;assurance Canada Votre partenaire pour la croissance et la s\u00e9curit\u00e9 financi\u00e8res Prot\u00e9gez-vous et prot\u00e9gez vos biens gr\u00e2ce \u00e0 notre vaste gamme de solutions d&rsquo;assurance. De l&rsquo;assurance vie et sant\u00e9 \u00e0 la couverture sp\u00e9cialis\u00e9e pour les maladies graves et les invalidit\u00e9s, nous [&hellip;]<\/p>\n","protected":false},"author":1,"featured_media":0,"parent":0,"menu_order":0,"comment_status":"closed","ping_status":"closed","template":"elementor_header_footer","meta":{"footnotes":""},"class_list":["post-1382","page","type-page","status-publish","hentry"],"_links":{"self":[{"href":"https:\/\/www.safavifinancial.com\/fr\/wp-json\/wp\/v2\/pages\/1382","targetHints":{"allow":["GET"]}}],"collection":[{"href":"https:\/\/www.safavifinancial.com\/fr\/wp-json\/wp\/v2\/pages"}],"about":[{"href":"https:\/\/www.safavifinancial.com\/fr\/wp-json\/wp\/v2\/types\/page"}],"author":[{"embeddable":true,"href":"https:\/\/www.safavifinancial.com\/fr\/wp-json\/wp\/v2\/users\/1"}],"replies":[{"embeddable":true,"href":"https:\/\/www.safavifinancial.com\/fr\/wp-json\/wp\/v2\/comments?post=1382"}],"version-history":[{"count":0,"href":"https:\/\/www.safavifinancial.com\/fr\/wp-json\/wp\/v2\/pages\/1382\/revisions"}],"wp:attachment":[{"href":"https:\/\/www.safavifinancial.com\/fr\/wp-json\/wp\/v2\/media?parent=1382"}],"curies":[{"name":"wp","href":"https:\/\/api.w.org\/{rel}","templated":true}]}}