{"id":1461,"date":"2024-06-21T09:40:10","date_gmt":"2024-06-21T09:40:10","guid":{"rendered":"https:\/\/www.safavifinancial.com\/rente-collective\/"},"modified":"2024-07-06T09:12:05","modified_gmt":"2024-07-06T09:12:05","slug":"rente-collective","status":"publish","type":"page","link":"https:\/\/www.safavifinancial.com\/fr\/rente-collective\/","title":{"rendered":"Rente collective"},"content":{"rendered":"\t\t<div data-elementor-type=\"wp-page\" data-elementor-id=\"1461\" class=\"elementor elementor-1461 elementor-243\" data-elementor-post-type=\"page\">\n\t\t\t\t<div class=\"elementor-element elementor-element-23c9d7e1 e-flex e-con-boxed e-con e-parent\" data-id=\"23c9d7e1\" data-element_type=\"container\" data-settings=\"{&quot;background_background&quot;:&quot;classic&quot;}\">\n\t\t\t\t\t<div class=\"e-con-inner\">\n\t\t<div class=\"elementor-element elementor-element-44eb1cec e-flex e-con-boxed e-con e-child\" data-id=\"44eb1cec\" data-element_type=\"container\">\n\t\t\t\t\t<div class=\"e-con-inner\">\n\t\t\t\t<div class=\"elementor-element elementor-element-279b1eb2 elementor-widget elementor-widget-heading\" data-id=\"279b1eb2\" data-element_type=\"widget\" data-widget_type=\"heading.default\">\n\t\t\t\t<div class=\"elementor-widget-container\">\n\t\t\t\t\t<h1 class=\"elementor-heading-title elementor-size-default\">Rente collective<\/h1>\t\t\t\t<\/div>\n\t\t\t\t<\/div>\n\t\t\t\t<div class=\"elementor-element elementor-element-1f00cb05 elementor-widget elementor-widget-heading\" data-id=\"1f00cb05\" data-element_type=\"widget\" data-widget_type=\"heading.default\">\n\t\t\t\t<div class=\"elementor-widget-container\">\n\t\t\t\t\t<h4 class=\"elementor-heading-title elementor-size-default\">S\u00e9curisez la retraite de vos employ\u00e9s avec  <br>nos r\u00e9gimes de rentes collectives<\/h4>\t\t\t\t<\/div>\n\t\t\t\t<\/div>\n\t\t\t\t\t<\/div>\n\t\t\t\t<\/div>\n\t\t\t\t\t<\/div>\n\t\t\t\t<\/div>\n\t\t<div class=\"elementor-element elementor-element-4a7153e3 e-flex e-con-boxed e-con e-parent\" data-id=\"4a7153e3\" data-element_type=\"container\" data-settings=\"{&quot;background_background&quot;:&quot;classic&quot;}\">\n\t\t\t\t\t<div class=\"e-con-inner\">\n\t\t<div class=\"elementor-element elementor-element-23c3dc92 e-con-full e-flex e-con e-child\" data-id=\"23c3dc92\" data-element_type=\"container\">\n\t\t\t\t<div class=\"elementor-element elementor-element-126cb111 elementor-widget elementor-widget-heading\" data-id=\"126cb111\" data-element_type=\"widget\" data-widget_type=\"heading.default\">\n\t\t\t\t<div class=\"elementor-widget-container\">\n\t\t\t\t\t<h6 class=\"elementor-heading-title elementor-size-default\">Rente collective<\/h6>\t\t\t\t<\/div>\n\t\t\t\t<\/div>\n\t\t\t\t<div class=\"elementor-element elementor-element-719bad6f elementor-widget elementor-widget-heading\" data-id=\"719bad6f\" data-element_type=\"widget\" data-widget_type=\"heading.default\">\n\t\t\t\t<div class=\"elementor-widget-container\">\n\t\t\t\t\t<h2 class=\"elementor-heading-title elementor-size-default\">Assurez la retraite de vos employ\u00e9s gr\u00e2ce \u00e0 nos plans de rentes collectives<\/h2>\t\t\t\t<\/div>\n\t\t\t\t<\/div>\n\t\t\t\t<div class=\"elementor-element elementor-element-5c76b9b6 elementor-widget elementor-widget-heading\" data-id=\"5c76b9b6\" data-element_type=\"widget\" data-widget_type=\"heading.default\">\n\t\t\t\t<div class=\"elementor-widget-container\">\n\t\t\t\t\t<div class=\"elementor-heading-title elementor-size-default\">Une rente collective est un excellent moyen pour les employeurs d'assurer \u00e0 leurs employ\u00e9s un revenu stable pendant la retraite. Nos r\u00e9gimes de rentes collectives sont structur\u00e9s de mani\u00e8re \u00e0 accumuler des fonds pendant les ann\u00e9es de travail des employ\u00e9s, puis \u00e0 distribuer des paiements au moment de la retraite, offrant ainsi une s\u00e9curit\u00e9 financi\u00e8re et une tranquillit\u00e9 d'esprit.  <br>Safavi Financial Firm est sp\u00e9cialis\u00e9 dans la mise en place et la gestion d'annuit\u00e9s collectives qui s'alignent sur les objectifs de votre entreprise en mati\u00e8re de pension, garantissant ainsi \u00e0 vos employ\u00e9s un avenir financier s\u00fbr.<\/div>\t\t\t\t<\/div>\n\t\t\t\t<\/div>\n\t\t\t\t<div class=\"elementor-element elementor-element-17af43a5 elementor-widget elementor-widget-button\" data-id=\"17af43a5\" data-element_type=\"widget\" data-widget_type=\"button.default\">\n\t\t\t\t<div class=\"elementor-widget-container\">\n\t\t\t\t\t\t\t\t\t<div class=\"elementor-button-wrapper\">\n\t\t\t\t\t<a class=\"elementor-button elementor-button-link elementor-size-md\" href=\"https:\/\/www.safavifinancial.com\/online-consultation-scheduling\/\">\n\t\t\t\t\t\t<span class=\"elementor-button-content-wrapper\">\n\t\t\t\t\t\t\t\t\t<span class=\"elementor-button-text\">D\u00e9couvrir plus<\/span>\n\t\t\t\t\t<\/span>\n\t\t\t\t\t<\/a>\n\t\t\t\t<\/div>\n\t\t\t\t\t\t\t\t<\/div>\n\t\t\t\t<\/div>\n\t\t\t\t<\/div>\n\t\t<div class=\"elementor-element elementor-element-64e9e74a e-con-full e-flex e-con e-child\" data-id=\"64e9e74a\" data-element_type=\"container\">\n\t\t\t\t<div class=\"elementor-element elementor-element-dd67d55 elementor-widget elementor-widget-image\" data-id=\"dd67d55\" data-element_type=\"widget\" data-widget_type=\"image.default\">\n\t\t\t\t<div class=\"elementor-widget-container\">\n\t\t\t\t\t\t\t\t\t\t\t\t\t\t\t<img fetchpriority=\"high\" decoding=\"async\" width=\"1280\" height=\"848\" src=\"http:\/\/www.safavifinancial.com\/wp-content\/uploads\/2024\/06\/66.jpg\" class=\"attachment-full size-full wp-image-1204\" alt=\"\" srcset=\"http:\/\/www.safavifinancial.com\/wp-content\/uploads\/2024\/06\/66.jpg 1280w, http:\/\/www.safavifinancial.com\/wp-content\/uploads\/2024\/06\/66-300x199.jpg 300w, http:\/\/www.safavifinancial.com\/wp-content\/uploads\/2024\/06\/66-1024x678.jpg 1024w, http:\/\/www.safavifinancial.com\/wp-content\/uploads\/2024\/06\/66-768x509.jpg 768w\" sizes=\"(max-width: 1280px) 100vw, 1280px\" \/>\t\t\t\t\t\t\t\t\t\t\t\t\t\t\t<\/div>\n\t\t\t\t<\/div>\n\t\t\t\t<\/div>\n\t\t\t\t\t<\/div>\n\t\t\t\t<\/div>\n\t\t\t\t<\/div>\n\t\t","protected":false},"excerpt":{"rendered":"<p>S\u00e9curisez la retraite de vos employ\u00e9s avec nos r\u00e9gimes de rentes collectives Rente collective Assurez la retraite de vos employ\u00e9s gr\u00e2ce \u00e0 nos plans de rentes collectives Une rente collective est un excellent moyen pour les employeurs d&rsquo;assurer \u00e0 leurs employ\u00e9s un revenu stable pendant la retraite. Nos r\u00e9gimes de rentes collectives sont structur\u00e9s de [&hellip;]<\/p>\n","protected":false},"author":1,"featured_media":0,"parent":0,"menu_order":0,"comment_status":"closed","ping_status":"closed","template":"elementor_header_footer","meta":{"footnotes":""},"class_list":["post-1461","page","type-page","status-publish","hentry"],"_links":{"self":[{"href":"https:\/\/www.safavifinancial.com\/fr\/wp-json\/wp\/v2\/pages\/1461","targetHints":{"allow":["GET"]}}],"collection":[{"href":"https:\/\/www.safavifinancial.com\/fr\/wp-json\/wp\/v2\/pages"}],"about":[{"href":"https:\/\/www.safavifinancial.com\/fr\/wp-json\/wp\/v2\/types\/page"}],"author":[{"embeddable":true,"href":"https:\/\/www.safavifinancial.com\/fr\/wp-json\/wp\/v2\/users\/1"}],"replies":[{"embeddable":true,"href":"https:\/\/www.safavifinancial.com\/fr\/wp-json\/wp\/v2\/comments?post=1461"}],"version-history":[{"count":0,"href":"https:\/\/www.safavifinancial.com\/fr\/wp-json\/wp\/v2\/pages\/1461\/revisions"}],"wp:attachment":[{"href":"https:\/\/www.safavifinancial.com\/fr\/wp-json\/wp\/v2\/media?parent=1461"}],"curies":[{"name":"wp","href":"https:\/\/api.w.org\/{rel}","templated":true}]}}