{"id":1467,"date":"2024-06-21T09:41:13","date_gmt":"2024-06-21T09:41:13","guid":{"rendered":"https:\/\/www.safavifinancial.com\/guides-telechargeables\/"},"modified":"2025-04-29T14:49:55","modified_gmt":"2025-04-29T14:49:55","slug":"guides-telechargeables","status":"publish","type":"page","link":"https:\/\/www.safavifinancial.com\/fr\/guides-telechargeables\/","title":{"rendered":"Guides t\u00e9l\u00e9chargeables"},"content":{"rendered":"\t\t<div data-elementor-type=\"wp-page\" data-elementor-id=\"1467\" class=\"elementor elementor-1467 elementor-251\" data-elementor-post-type=\"page\">\n\t\t\t\t<div class=\"elementor-element elementor-element-7e0e7c4 e-flex e-con-boxed e-con e-parent\" data-id=\"7e0e7c4\" data-element_type=\"container\" data-settings=\"{&quot;background_background&quot;:&quot;classic&quot;}\">\n\t\t\t\t\t<div class=\"e-con-inner\">\n\t\t<div class=\"elementor-element elementor-element-9f392f8 e-flex e-con-boxed e-con e-child\" data-id=\"9f392f8\" data-element_type=\"container\">\n\t\t\t\t\t<div class=\"e-con-inner\">\n\t\t\t\t<div class=\"elementor-element elementor-element-c2433f2 elementor-widget elementor-widget-heading\" data-id=\"c2433f2\" data-element_type=\"widget\" data-widget_type=\"heading.default\">\n\t\t\t\t<div class=\"elementor-widget-container\">\n\t\t\t\t\t<h4 class=\"elementor-heading-title elementor-size-default\">vos conseillers financiers de confiance au Canada<\/h4>\t\t\t\t<\/div>\n\t\t\t\t<\/div>\n\t\t\t\t\t<\/div>\n\t\t\t\t<\/div>\n\t\t\t\t\t<\/div>\n\t\t\t\t<\/div>\n\t\t<div class=\"elementor-element elementor-element-5204bd5 e-flex e-con-boxed e-con e-child\" data-id=\"5204bd5\" data-element_type=\"container\">\n\t\t\t\t\t<div class=\"e-con-inner\">\n\t\t<div class=\"elementor-element elementor-element-ab47cdd e-con-full e-flex e-con e-child\" data-id=\"ab47cdd\" data-element_type=\"container\" data-settings=\"{&quot;background_background&quot;:&quot;classic&quot;}\">\n\t\t\t\t<div class=\"elementor-element elementor-element-4bc76b6 elementor-widget elementor-widget-image\" data-id=\"4bc76b6\" data-element_type=\"widget\" data-widget_type=\"image.default\">\n\t\t\t\t<div class=\"elementor-widget-container\">\n\t\t\t\t\t\t\t\t\t\t\t\t\t\t\t\t<a href=\"https:\/\/www.safavifinancial.com\/wp-content\/uploads\/2025\/04\/Market_Vitality_Checklist_2025.pdf\">\n\t\t\t\t\t\t\t<img fetchpriority=\"high\" decoding=\"async\" width=\"1280\" height=\"848\" src=\"https:\/\/www.safavifinancial.com\/wp-content\/uploads\/2024\/09\/31.jpg\" class=\"elementor-animation-pulse-grow attachment-full size-full wp-image-3885\" alt=\"\" srcset=\"https:\/\/www.safavifinancial.com\/wp-content\/uploads\/2024\/09\/31.jpg 1280w, https:\/\/www.safavifinancial.com\/wp-content\/uploads\/2024\/09\/31-300x199.jpg 300w, https:\/\/www.safavifinancial.com\/wp-content\/uploads\/2024\/09\/31-1024x678.jpg 1024w, https:\/\/www.safavifinancial.com\/wp-content\/uploads\/2024\/09\/31-768x509.jpg 768w\" sizes=\"(max-width: 1280px) 100vw, 1280px\" \/>\t\t\t\t\t\t\t\t<\/a>\n\t\t\t\t\t\t\t\t\t\t\t\t\t\t\t<\/div>\n\t\t\t\t<\/div>\n\t\t\t\t<div class=\"elementor-element elementor-element-7648732 elementor-widget elementor-widget-heading\" data-id=\"7648732\" data-element_type=\"widget\" data-widget_type=\"heading.default\">\n\t\t\t\t<div class=\"elementor-widget-container\">\n\t\t\t\t\t<h4 class=\"elementor-heading-title elementor-size-default\"><a href=\"https:\/\/www.safavifinancial.com\/wp-content\/uploads\/2025\/04\/Market_Vitality_Checklist_2025.pdf\">Liste de contr\u00f4le de la vitalit\u00e9 des march\u00e9s 2025 : Un guide intelligent pour faire face \u00e0 l'incertitude financi\u00e8re au Canada<\/a><\/h4>\t\t\t\t<\/div>\n\t\t\t\t<\/div>\n\t\t<div class=\"elementor-element elementor-element-4310eef e-con-full e-flex e-con e-child\" data-id=\"4310eef\" data-element_type=\"container\">\n\t\t\t\t<div class=\"elementor-element elementor-element-3fab8c1 elementor-widget elementor-widget-text-editor\" data-id=\"3fab8c1\" data-element_type=\"widget\" data-widget_type=\"text-editor.default\">\n\t\t\t\t<div class=\"elementor-widget-container\">\n\t\t\t\t\t\t\t\t\t<p>Dans un paysage \u00e9conomique en constante \u00e9volution, il est plus important que jamais de comprendre comment prot\u00e9ger et faire fructifier votre patrimoine. Ce guide 2025 propose des outils pratiques, des strat\u00e9gies \u00e9prouv\u00e9es et des conseils d&rsquo;experts pour aider les Canadiens \u00e0 rester financi\u00e8rement solides en p\u00e9riode de volatilit\u00e9 des march\u00e9s. <\/p>\t\t\t\t\t\t\t\t<\/div>\n\t\t\t\t<\/div>\n\t\t\t\t<\/div>\n\t\t\t\t<\/div>\n\t\t<div class=\"elementor-element elementor-element-3838a08 e-con-full e-flex e-con e-child\" data-id=\"3838a08\" data-element_type=\"container\" data-settings=\"{&quot;background_background&quot;:&quot;classic&quot;}\">\n\t\t\t\t<div class=\"elementor-element elementor-element-6898dad elementor-widget elementor-widget-image\" data-id=\"6898dad\" data-element_type=\"widget\" data-widget_type=\"image.default\">\n\t\t\t\t<div class=\"elementor-widget-container\">\n\t\t\t\t\t\t\t\t\t\t\t\t\t\t\t\t<a href=\"http:\/\/As%20a%20small%20business%20owner,%20understanding%20the%20basics%20of%20investing%20is%20crucial%20for%20the%20growth%20and%20stability%20of%20your%20business.%20Investments%20can%20help%20you%20diversify%20your%20income,%20fund%20expansion%20projects,%20and%20secure%20your%20financial%20future.\">\n\t\t\t\t\t\t\t<img decoding=\"async\" width=\"1280\" height=\"948\" src=\"https:\/\/www.safavifinancial.com\/wp-content\/uploads\/2024\/06\/2.jpg\" class=\"elementor-animation-pulse-grow attachment-full size-full wp-image-1117\" alt=\"\" srcset=\"https:\/\/www.safavifinancial.com\/wp-content\/uploads\/2024\/06\/2.jpg 1280w, https:\/\/www.safavifinancial.com\/wp-content\/uploads\/2024\/06\/2-300x222.jpg 300w, https:\/\/www.safavifinancial.com\/wp-content\/uploads\/2024\/06\/2-1024x758.jpg 1024w, https:\/\/www.safavifinancial.com\/wp-content\/uploads\/2024\/06\/2-768x569.jpg 768w\" sizes=\"(max-width: 1280px) 100vw, 1280px\" \/>\t\t\t\t\t\t\t\t<\/a>\n\t\t\t\t\t\t\t\t\t\t\t\t\t\t\t<\/div>\n\t\t\t\t<\/div>\n\t\t\t\t<div class=\"elementor-element elementor-element-8b5147b elementor-widget elementor-widget-heading\" data-id=\"8b5147b\" data-element_type=\"widget\" data-widget_type=\"heading.default\">\n\t\t\t\t<div class=\"elementor-widget-container\">\n\t\t\t\t\t<h4 class=\"elementor-heading-title elementor-size-default\"><a href=\"http:\/\/En%20tant%20que%20propri\u00e9taire%20d&#039;une%20petite%20entreprise,%20il%20est%20essentiel%20de%20comprendre%20les%20principes%20de%20base%20de%20l&#039;investissement%20pour%20assurer%20la%20croissance%20et%20la%20stabilit\u00e9%20de%20votre%20entreprise.%20Les%20investissements%20peuvent%20vous%20aider%20\u00e0%20diversifier%20vos%20revenus,%20\u00e0%20financer%20des%20projets%20d&#039;expansion%20et%20\u00e0%20assurer%20votre%20avenir%20financier.%20\">Les bases de l'investissement pour les propri\u00e9taires de petites entreprises<\/a><\/h4>\t\t\t\t<\/div>\n\t\t\t\t<\/div>\n\t\t<div class=\"elementor-element elementor-element-226d8f8 e-con-full e-flex e-con e-child\" data-id=\"226d8f8\" data-element_type=\"container\">\n\t\t\t\t<div class=\"elementor-element elementor-element-0cfd334 elementor-widget elementor-widget-text-editor\" data-id=\"0cfd334\" data-element_type=\"widget\" data-widget_type=\"text-editor.default\">\n\t\t\t\t<div class=\"elementor-widget-container\">\n\t\t\t\t\t\t\t\t\t<p>En tant que propri\u00e9taire d&rsquo;une petite entreprise, il est essentiel de comprendre les principes de base de l&rsquo;investissement pour assurer la croissance et la stabilit\u00e9 de votre entreprise. Les investissements peuvent vous aider \u00e0 diversifier vos revenus, \u00e0 financer des projets d&rsquo;expansion et \u00e0 assurer votre avenir financier. <\/p>\t\t\t\t\t\t\t\t<\/div>\n\t\t\t\t<\/div>\n\t\t\t\t<\/div>\n\t\t\t\t<\/div>\n\t\t<div class=\"elementor-element elementor-element-cd6b61c e-con-full e-flex e-con e-child\" data-id=\"cd6b61c\" data-element_type=\"container\" data-settings=\"{&quot;background_background&quot;:&quot;classic&quot;}\">\n\t\t\t\t<div class=\"elementor-element elementor-element-b7c2e6e elementor-widget elementor-widget-image\" data-id=\"b7c2e6e\" data-element_type=\"widget\" data-widget_type=\"image.default\">\n\t\t\t\t<div class=\"elementor-widget-container\">\n\t\t\t\t\t\t\t\t\t\t\t\t\t\t\t\t<a href=\"http:\/\/www.safavifinancial.com\/wp-content\/uploads\/2024\/09\/Key-Steps-to-Effective-Retirement-Planning.pdf\">\n\t\t\t\t\t\t\t<img decoding=\"async\" width=\"1280\" height=\"948\" src=\"https:\/\/www.safavifinancial.com\/wp-content\/uploads\/2024\/06\/3.jpg\" class=\"elementor-animation-pulse-grow attachment-full size-full wp-image-1118\" alt=\"\" srcset=\"https:\/\/www.safavifinancial.com\/wp-content\/uploads\/2024\/06\/3.jpg 1280w, https:\/\/www.safavifinancial.com\/wp-content\/uploads\/2024\/06\/3-300x222.jpg 300w, https:\/\/www.safavifinancial.com\/wp-content\/uploads\/2024\/06\/3-1024x758.jpg 1024w, https:\/\/www.safavifinancial.com\/wp-content\/uploads\/2024\/06\/3-768x569.jpg 768w\" sizes=\"(max-width: 1280px) 100vw, 1280px\" \/>\t\t\t\t\t\t\t\t<\/a>\n\t\t\t\t\t\t\t\t\t\t\t\t\t\t\t<\/div>\n\t\t\t\t<\/div>\n\t\t\t\t<div class=\"elementor-element elementor-element-1d4b6cc elementor-widget elementor-widget-heading\" data-id=\"1d4b6cc\" data-element_type=\"widget\" data-widget_type=\"heading.default\">\n\t\t\t\t<div class=\"elementor-widget-container\">\n\t\t\t\t\t<h4 class=\"elementor-heading-title elementor-size-default\"><a href=\"http:\/\/www.safavifinancial.com\/wp-content\/uploads\/2024\/09\/Key-Steps-to-Effective-Retirement-Planning.pdf\">Les \u00e9tapes cl\u00e9s d'une planification efficace de la retraite<\/a><\/h4>\t\t\t\t<\/div>\n\t\t\t\t<\/div>\n\t\t<div class=\"elementor-element elementor-element-cea4a8c e-flex e-con-boxed e-con e-child\" data-id=\"cea4a8c\" data-element_type=\"container\">\n\t\t\t\t\t<div class=\"e-con-inner\">\n\t\t\t\t<div class=\"elementor-element elementor-element-5815a91 elementor-widget elementor-widget-text-editor\" data-id=\"5815a91\" data-element_type=\"widget\" data-widget_type=\"text-editor.default\">\n\t\t\t\t<div class=\"elementor-widget-container\">\n\t\t\t\t\t\t\t\t\t<p>La planification de la retraite est essentielle pour s&rsquo;assurer un avenir confortable et s\u00fbr. Pour quelqu&rsquo;un comme Reza, qui approche de la retraite, comprendre les \u00e9tapes cl\u00e9s peut faire une diff\u00e9rence significative. <\/p>\t\t\t\t\t\t\t\t<\/div>\n\t\t\t\t<\/div>\n\t\t\t\t\t<\/div>\n\t\t\t\t<\/div>\n\t\t\t\t<\/div>\n\t\t<div class=\"elementor-element elementor-element-d0de688 e-con-full e-flex e-con e-child\" data-id=\"d0de688\" data-element_type=\"container\" data-settings=\"{&quot;background_background&quot;:&quot;classic&quot;}\">\n\t\t\t\t<div class=\"elementor-element elementor-element-da6d9ca elementor-widget elementor-widget-image\" data-id=\"da6d9ca\" data-element_type=\"widget\" data-widget_type=\"image.default\">\n\t\t\t\t<div class=\"elementor-widget-container\">\n\t\t\t\t\t\t\t\t\t\t\t\t\t\t\t\t<a href=\"http:\/\/www.safavifinancial.com\/wp-content\/uploads\/2024\/09\/Understanding-Risk-Management-for-Business-Owners.pdf\">\n\t\t\t\t\t\t\t<img loading=\"lazy\" decoding=\"async\" width=\"1280\" height=\"948\" src=\"https:\/\/www.safavifinancial.com\/wp-content\/uploads\/2024\/06\/4.jpg\" class=\"elementor-animation-pulse-grow attachment-full size-full wp-image-1119\" alt=\"\" srcset=\"https:\/\/www.safavifinancial.com\/wp-content\/uploads\/2024\/06\/4.jpg 1280w, https:\/\/www.safavifinancial.com\/wp-content\/uploads\/2024\/06\/4-300x222.jpg 300w, https:\/\/www.safavifinancial.com\/wp-content\/uploads\/2024\/06\/4-1024x758.jpg 1024w, https:\/\/www.safavifinancial.com\/wp-content\/uploads\/2024\/06\/4-768x569.jpg 768w\" sizes=\"(max-width: 1280px) 100vw, 1280px\" \/>\t\t\t\t\t\t\t\t<\/a>\n\t\t\t\t\t\t\t\t\t\t\t\t\t\t\t<\/div>\n\t\t\t\t<\/div>\n\t\t\t\t<div class=\"elementor-element elementor-element-0488681 elementor-widget elementor-widget-heading\" data-id=\"0488681\" data-element_type=\"widget\" data-widget_type=\"heading.default\">\n\t\t\t\t<div class=\"elementor-widget-container\">\n\t\t\t\t\t<h4 class=\"elementor-heading-title elementor-size-default\"><a href=\"http:\/\/www.safavifinancial.com\/wp-content\/uploads\/2024\/09\/Understanding-Risk-Management-for-Business-Owners.pdf\">Comprendre la gestion des risques pour les chefs d'entreprise<\/a><\/h4>\t\t\t\t<\/div>\n\t\t\t\t<\/div>\n\t\t<div class=\"elementor-element elementor-element-fa5da44 e-flex e-con-boxed e-con e-child\" data-id=\"fa5da44\" data-element_type=\"container\">\n\t\t\t\t\t<div class=\"e-con-inner\">\n\t\t\t\t<div class=\"elementor-element elementor-element-7f43e10 elementor-widget elementor-widget-text-editor\" data-id=\"7f43e10\" data-element_type=\"widget\" data-widget_type=\"text-editor.default\">\n\t\t\t\t<div class=\"elementor-widget-container\">\n\t\t\t\t\t\t\t\t\t<p>Une gestion efficace des risques est essentielle pour prot\u00e9ger votre entreprise des menaces potentielles et assurer sa r\u00e9ussite \u00e0 long terme. L&rsquo;identification et l&rsquo;att\u00e9nuation des risques peuvent \u00e9viter \u00e0 votre entreprise d&rsquo;importantes pertes financi\u00e8res. <\/p>\t\t\t\t\t\t\t\t<\/div>\n\t\t\t\t<\/div>\n\t\t\t\t\t<\/div>\n\t\t\t\t<\/div>\n\t\t\t\t<\/div>\n\t\t<div class=\"elementor-element elementor-element-e97220d e-con-full e-flex e-con e-child\" data-id=\"e97220d\" data-element_type=\"container\" data-settings=\"{&quot;background_background&quot;:&quot;classic&quot;}\">\n\t\t\t\t<div class=\"elementor-element elementor-element-4ab005b elementor-widget elementor-widget-image\" data-id=\"4ab005b\" data-element_type=\"widget\" data-widget_type=\"image.default\">\n\t\t\t\t<div class=\"elementor-widget-container\">\n\t\t\t\t\t\t\t\t\t\t\t\t\t\t\t\t<a href=\"http:\/\/www.safavifinancial.com\/wp-content\/uploads\/2024\/09\/Tips-for-Building-a-Strong-Financial-Foundation.pdf\">\n\t\t\t\t\t\t\t<img fetchpriority=\"high\" decoding=\"async\" width=\"1280\" height=\"848\" src=\"https:\/\/www.safavifinancial.com\/wp-content\/uploads\/2024\/09\/31.jpg\" class=\"elementor-animation-pulse-grow attachment-full size-full wp-image-3885\" alt=\"\" srcset=\"https:\/\/www.safavifinancial.com\/wp-content\/uploads\/2024\/09\/31.jpg 1280w, https:\/\/www.safavifinancial.com\/wp-content\/uploads\/2024\/09\/31-300x199.jpg 300w, https:\/\/www.safavifinancial.com\/wp-content\/uploads\/2024\/09\/31-1024x678.jpg 1024w, https:\/\/www.safavifinancial.com\/wp-content\/uploads\/2024\/09\/31-768x509.jpg 768w\" sizes=\"(max-width: 1280px) 100vw, 1280px\" \/>\t\t\t\t\t\t\t\t<\/a>\n\t\t\t\t\t\t\t\t\t\t\t\t\t\t\t<\/div>\n\t\t\t\t<\/div>\n\t\t\t\t<div class=\"elementor-element elementor-element-d9cb38f elementor-widget elementor-widget-heading\" data-id=\"d9cb38f\" data-element_type=\"widget\" data-widget_type=\"heading.default\">\n\t\t\t\t<div class=\"elementor-widget-container\">\n\t\t\t\t\t<h4 class=\"elementor-heading-title elementor-size-default\"><a href=\"http:\/\/www.safavifinancial.com\/wp-content\/uploads\/2024\/09\/Tips-for-Building-a-Strong-Financial-Foundation.pdf\">Conseils pour construire une base financi\u00e8re solide<\/a><\/h4>\t\t\t\t<\/div>\n\t\t\t\t<\/div>\n\t\t<div class=\"elementor-element elementor-element-376b614 e-flex e-con-boxed e-con e-child\" data-id=\"376b614\" data-element_type=\"container\">\n\t\t\t\t\t<div class=\"e-con-inner\">\n\t\t\t\t<div class=\"elementor-element elementor-element-416da35 elementor-widget elementor-widget-text-editor\" data-id=\"416da35\" data-element_type=\"widget\" data-widget_type=\"text-editor.default\">\n\t\t\t\t<div class=\"elementor-widget-container\">\n\t\t\t\t\t\t\t\t\t<p>L&rsquo;\u00e9tablissement d&rsquo;une base financi\u00e8re solide est essentiel pour atteindre la stabilit\u00e9 financi\u00e8re et la r\u00e9ussite \u00e0 long terme. Cet article fournit des conseils pratiques pour vous aider \u00e0 \u00e9tablir et \u00e0 maintenir une base financi\u00e8re solide<a href=\"http:\/\/www.safavifinancial.com\/wp-content\/uploads\/2024\/09\/Tips-for-Building-a-Strong-Financial-Foundation.pdf\" data-wplink-edit=\"true\">.Conseils pour \u00e9tablir une base financi\u00e8re solide<\/a> <\/p>\t\t\t\t\t\t\t\t<\/div>\n\t\t\t\t<\/div>\n\t\t\t\t\t<\/div>\n\t\t\t\t<\/div>\n\t\t\t\t<\/div>\n\t\t<div class=\"elementor-element elementor-element-4a64d47 e-con-full e-flex e-con e-child\" data-id=\"4a64d47\" data-element_type=\"container\" data-settings=\"{&quot;background_background&quot;:&quot;classic&quot;}\">\n\t\t\t\t<div class=\"elementor-element elementor-element-5ac164a elementor-widget elementor-widget-image\" data-id=\"5ac164a\" data-element_type=\"widget\" data-widget_type=\"image.default\">\n\t\t\t\t<div class=\"elementor-widget-container\">\n\t\t\t\t\t\t\t\t\t\t\t\t\t\t\t\t<a href=\"http:\/\/www.safavifinancial.com\/wp-content\/uploads\/2024\/09\/Effective-Strategies-for-Short-Term-and-Long-Term-Savings-1.pdf\">\n\t\t\t\t\t\t\t<img loading=\"lazy\" decoding=\"async\" width=\"1280\" height=\"948\" src=\"https:\/\/www.safavifinancial.com\/wp-content\/uploads\/2024\/06\/6.jpg\" class=\"elementor-animation-pulse-grow attachment-full size-full wp-image-1121\" alt=\"\" srcset=\"https:\/\/www.safavifinancial.com\/wp-content\/uploads\/2024\/06\/6.jpg 1280w, https:\/\/www.safavifinancial.com\/wp-content\/uploads\/2024\/06\/6-300x222.jpg 300w, https:\/\/www.safavifinancial.com\/wp-content\/uploads\/2024\/06\/6-1024x758.jpg 1024w, https:\/\/www.safavifinancial.com\/wp-content\/uploads\/2024\/06\/6-768x569.jpg 768w\" sizes=\"(max-width: 1280px) 100vw, 1280px\" \/>\t\t\t\t\t\t\t\t<\/a>\n\t\t\t\t\t\t\t\t\t\t\t\t\t\t\t<\/div>\n\t\t\t\t<\/div>\n\t\t\t\t<div class=\"elementor-element elementor-element-455748a elementor-widget elementor-widget-heading\" data-id=\"455748a\" data-element_type=\"widget\" data-widget_type=\"heading.default\">\n\t\t\t\t<div class=\"elementor-widget-container\">\n\t\t\t\t\t<h4 class=\"elementor-heading-title elementor-size-default\"><a href=\"http:\/\/www.safavifinancial.com\/wp-content\/uploads\/2024\/09\/Effective-Strategies-for-Short-Term-and-Long-Term-Savings-1.pdf\">Des strat\u00e9gies efficaces pour l'\u00e9pargne \u00e0 court et \u00e0 long terme<\/a><\/h4>\t\t\t\t<\/div>\n\t\t\t\t<\/div>\n\t\t<div class=\"elementor-element elementor-element-2917186 e-flex e-con-boxed e-con e-child\" data-id=\"2917186\" data-element_type=\"container\">\n\t\t\t\t\t<div class=\"e-con-inner\">\n\t\t\t\t<div class=\"elementor-element elementor-element-cb0b354 elementor-widget elementor-widget-text-editor\" data-id=\"cb0b354\" data-element_type=\"widget\" data-widget_type=\"text-editor.default\">\n\t\t\t\t<div class=\"elementor-widget-container\">\n\t\t\t\t\t\t\t\t\t<p>L&rsquo;\u00e9quilibre entre l&rsquo;\u00e9pargne \u00e0 court terme et l&rsquo;\u00e9pargne \u00e0 long terme est essentiel \u00e0 la stabilit\u00e9 financi\u00e8re et \u00e0 la r\u00e9alisation de vos objectifs financiers. Cet article explore des strat\u00e9gies efficaces pour g\u00e9rer ces deux types d&rsquo;\u00e9pargne. <\/p>\t\t\t\t\t\t\t\t<\/div>\n\t\t\t\t<\/div>\n\t\t\t\t\t<\/div>\n\t\t\t\t<\/div>\n\t\t\t\t<\/div>\n\t\t\t\t\t<\/div>\n\t\t\t\t<\/div>\n\t\t<div class=\"elementor-element elementor-element-2ff625b e-flex e-con-boxed e-con e-child\" data-id=\"2ff625b\" data-element_type=\"container\">\n\t\t\t\t\t<div class=\"e-con-inner\">\n\t\t<div class=\"elementor-element elementor-element-8bf5e6d e-con-full e-flex e-con e-child\" data-id=\"8bf5e6d\" data-element_type=\"container\" data-settings=\"{&quot;background_background&quot;:&quot;classic&quot;}\">\n\t\t\t\t<div class=\"elementor-element elementor-element-6eddeb0 elementor-widget elementor-widget-image\" data-id=\"6eddeb0\" data-element_type=\"widget\" data-widget_type=\"image.default\">\n\t\t\t\t<div class=\"elementor-widget-container\">\n\t\t\t\t\t\t\t\t\t\t\t\t\t\t\t\t<a href=\"http:\/\/www.safavifinancial.com\/wp-content\/uploads\/2024\/09\/How-to-Create-a-Solid-Financial-Plan-for-Your-Business.pdf\">\n\t\t\t\t\t\t\t<img loading=\"lazy\" decoding=\"async\" width=\"1280\" height=\"948\" src=\"https:\/\/www.safavifinancial.com\/wp-content\/uploads\/2024\/06\/1.jpg\" class=\"elementor-animation-pulse-grow attachment-full size-full wp-image-1116\" alt=\"\" srcset=\"https:\/\/www.safavifinancial.com\/wp-content\/uploads\/2024\/06\/1.jpg 1280w, https:\/\/www.safavifinancial.com\/wp-content\/uploads\/2024\/06\/1-300x222.jpg 300w, https:\/\/www.safavifinancial.com\/wp-content\/uploads\/2024\/06\/1-1024x758.jpg 1024w, https:\/\/www.safavifinancial.com\/wp-content\/uploads\/2024\/06\/1-768x569.jpg 768w\" sizes=\"(max-width: 1280px) 100vw, 1280px\" \/>\t\t\t\t\t\t\t\t<\/a>\n\t\t\t\t\t\t\t\t\t\t\t\t\t\t\t<\/div>\n\t\t\t\t<\/div>\n\t\t\t\t<div class=\"elementor-element elementor-element-7f33e30 elementor-widget elementor-widget-heading\" data-id=\"7f33e30\" data-element_type=\"widget\" data-widget_type=\"heading.default\">\n\t\t\t\t<div class=\"elementor-widget-container\">\n\t\t\t\t\t<h4 class=\"elementor-heading-title elementor-size-default\"><a href=\"http:\/\/www.safavifinancial.com\/wp-content\/uploads\/2024\/09\/How-to-Create-a-Solid-Financial-Plan-for-Your-Business.pdf\">Comment cr\u00e9er un plan financier solide pour votre entreprise ?<\/a><\/h4>\t\t\t\t<\/div>\n\t\t\t\t<\/div>\n\t\t<div class=\"elementor-element elementor-element-57de028 e-con-full e-flex e-con e-child\" data-id=\"57de028\" data-element_type=\"container\">\n\t\t\t\t<div class=\"elementor-element elementor-element-75edc8b elementor-widget elementor-widget-text-editor\" data-id=\"75edc8b\" data-element_type=\"widget\" data-widget_type=\"text-editor.default\">\n\t\t\t\t<div class=\"elementor-widget-container\">\n\t\t\t\t\t\t\t\t\t<p><b>L&rsquo;\u00e9laboration d&rsquo;un plan financier solide est essentielle \u00e0 la r\u00e9ussite et \u00e0 la croissance de toute entreprise. Il vous aide \u00e0 fixer des objectifs clairs, \u00e0 g\u00e9rer efficacement vos finances et \u00e0 vous pr\u00e9parer aux incertitudes futures. <\/b><\/p><p> <\/p>\t\t\t\t\t\t\t\t<\/div>\n\t\t\t\t<\/div>\n\t\t\t\t<\/div>\n\t\t\t\t<\/div>\n\t\t\t\t\t<\/div>\n\t\t\t\t<\/div>\n\t\t\t\t<\/div>\n\t\t","protected":false},"excerpt":{"rendered":"<p>vos conseillers financiers de confiance au Canada Liste de contr\u00f4le de la vitalit\u00e9 des march\u00e9s 2025 : Un guide intelligent pour faire face \u00e0 l&rsquo;incertitude financi\u00e8re au Canada Dans un paysage \u00e9conomique en constante \u00e9volution, il est plus important que jamais de comprendre comment prot\u00e9ger et faire fructifier votre patrimoine. Ce guide 2025 propose des [&hellip;]<\/p>\n","protected":false},"author":1,"featured_media":0,"parent":0,"menu_order":0,"comment_status":"closed","ping_status":"closed","template":"elementor_header_footer","meta":{"footnotes":""},"class_list":["post-1467","page","type-page","status-publish","hentry"],"_links":{"self":[{"href":"https:\/\/www.safavifinancial.com\/fr\/wp-json\/wp\/v2\/pages\/1467","targetHints":{"allow":["GET"]}}],"collection":[{"href":"https:\/\/www.safavifinancial.com\/fr\/wp-json\/wp\/v2\/pages"}],"about":[{"href":"https:\/\/www.safavifinancial.com\/fr\/wp-json\/wp\/v2\/types\/page"}],"author":[{"embeddable":true,"href":"https:\/\/www.safavifinancial.com\/fr\/wp-json\/wp\/v2\/users\/1"}],"replies":[{"embeddable":true,"href":"https:\/\/www.safavifinancial.com\/fr\/wp-json\/wp\/v2\/comments?post=1467"}],"version-history":[{"count":2,"href":"https:\/\/www.safavifinancial.com\/fr\/wp-json\/wp\/v2\/pages\/1467\/revisions"}],"predecessor-version":[{"id":3906,"href":"https:\/\/www.safavifinancial.com\/fr\/wp-json\/wp\/v2\/pages\/1467\/revisions\/3906"}],"wp:attachment":[{"href":"https:\/\/www.safavifinancial.com\/fr\/wp-json\/wp\/v2\/media?parent=1467"}],"curies":[{"name":"wp","href":"https:\/\/api.w.org\/{rel}","templated":true}]}}