{"id":1473,"date":"2024-06-21T09:39:41","date_gmt":"2024-06-21T09:39:41","guid":{"rendered":"https:\/\/www.safavifinancial.com\/assurance-collective\/"},"modified":"2024-07-06T09:12:05","modified_gmt":"2024-07-06T09:12:05","slug":"assurance-collective","status":"publish","type":"page","link":"https:\/\/www.safavifinancial.com\/fr\/assurance-collective\/","title":{"rendered":"Assurance collective"},"content":{"rendered":"\t\t<div data-elementor-type=\"wp-page\" data-elementor-id=\"1473\" class=\"elementor elementor-1473 elementor-239\" data-elementor-post-type=\"page\">\n\t\t\t\t<div class=\"elementor-element elementor-element-1088fab7 e-flex e-con-boxed e-con e-parent\" data-id=\"1088fab7\" data-element_type=\"container\" data-settings=\"{&quot;background_background&quot;:&quot;classic&quot;}\">\n\t\t\t\t\t<div class=\"e-con-inner\">\n\t\t<div class=\"elementor-element elementor-element-24fe7caf e-flex e-con-boxed e-con e-child\" data-id=\"24fe7caf\" data-element_type=\"container\">\n\t\t\t\t\t<div class=\"e-con-inner\">\n\t\t\t\t<div class=\"elementor-element elementor-element-40f29a06 elementor-widget elementor-widget-heading\" data-id=\"40f29a06\" data-element_type=\"widget\" data-widget_type=\"heading.default\">\n\t\t\t\t<div class=\"elementor-widget-container\">\n\t\t\t\t\t<h1 class=\"elementor-heading-title elementor-size-default\">Assurance collective<\/h1>\t\t\t\t<\/div>\n\t\t\t\t<\/div>\n\t\t\t\t<div class=\"elementor-element elementor-element-15d7be08 elementor-widget elementor-widget-heading\" data-id=\"15d7be08\" data-element_type=\"widget\" data-widget_type=\"heading.default\">\n\t\t\t\t<div class=\"elementor-widget-container\">\n\t\t\t\t\t<h4 class=\"elementor-heading-title elementor-size-default\">Chez Safavi Financial Firm, nous comprenons l'importance d'offrir des avantages complets aux employ\u00e9s<\/h4>\t\t\t\t<\/div>\n\t\t\t\t<\/div>\n\t\t\t\t\t<\/div>\n\t\t\t\t<\/div>\n\t\t\t\t\t<\/div>\n\t\t\t\t<\/div>\n\t\t<div class=\"elementor-element elementor-element-4ffcbd19 e-flex e-con-boxed e-con e-parent\" data-id=\"4ffcbd19\" data-element_type=\"container\" data-settings=\"{&quot;background_background&quot;:&quot;classic&quot;}\">\n\t\t\t\t\t<div class=\"e-con-inner\">\n\t\t<div class=\"elementor-element elementor-element-4f8aa867 e-con-full e-flex e-con e-child\" data-id=\"4f8aa867\" data-element_type=\"container\">\n\t\t\t\t<div class=\"elementor-element elementor-element-481c4cc7 elementor-widget elementor-widget-heading\" data-id=\"481c4cc7\" data-element_type=\"widget\" data-widget_type=\"heading.default\">\n\t\t\t\t<div class=\"elementor-widget-container\">\n\t\t\t\t\t<h6 class=\"elementor-heading-title elementor-size-default\">Assurance collective<\/h6>\t\t\t\t<\/div>\n\t\t\t\t<\/div>\n\t\t\t\t<div class=\"elementor-element elementor-element-648cdeaf elementor-widget elementor-widget-heading\" data-id=\"648cdeaf\" data-element_type=\"widget\" data-widget_type=\"heading.default\">\n\t\t\t\t<div class=\"elementor-widget-container\">\n\t\t\t\t\t<h2 class=\"elementor-heading-title elementor-size-default\">Votre partenaire pour la croissance et la s\u00e9curit\u00e9 financi\u00e8res<\/h2>\t\t\t\t<\/div>\n\t\t\t\t<\/div>\n\t\t\t\t<div class=\"elementor-element elementor-element-7bf0fca7 elementor-widget elementor-widget-heading\" data-id=\"7bf0fca7\" data-element_type=\"widget\" data-widget_type=\"heading.default\">\n\t\t\t\t<div class=\"elementor-widget-container\">\n\t\t\t\t\t<div class=\"elementor-heading-title elementor-size-default\">Nos r\u00e9gimes d'assurance collective offrent une gamme d'options de couverture qui garantissent le bien-\u00eatre de vos employ\u00e9s et de leurs familles. Nous proposons des solutions personnalis\u00e9es qui peuvent inclure l'assurance maladie, l'assurance dentaire, l'assurance vie et l'assurance invalidit\u00e9.  <br>Gr\u00e2ce \u00e0 l'assurance collective de Safavi Cabinet Financier, les employeurs peuvent cr\u00e9er un ensemble d'avantages sociaux qui non seulement prot\u00e8gent leur main-d'\u0153uvre, mais favorisent \u00e9galement la r\u00e9tention et la satisfaction des employ\u00e9s en d\u00e9montrant un engagement envers leur bien-\u00eatre g\u00e9n\u00e9ral.<\/div>\t\t\t\t<\/div>\n\t\t\t\t<\/div>\n\t\t\t\t<div class=\"elementor-element elementor-element-7cb6d60b elementor-widget elementor-widget-button\" data-id=\"7cb6d60b\" data-element_type=\"widget\" data-widget_type=\"button.default\">\n\t\t\t\t<div class=\"elementor-widget-container\">\n\t\t\t\t\t\t\t\t\t<div class=\"elementor-button-wrapper\">\n\t\t\t\t\t<a class=\"elementor-button elementor-button-link elementor-size-md\" href=\"https:\/\/www.safavifinancial.com\/online-consultation-scheduling\/\">\n\t\t\t\t\t\t<span class=\"elementor-button-content-wrapper\">\n\t\t\t\t\t\t\t\t\t<span class=\"elementor-button-text\">D\u00e9couvrir plus<\/span>\n\t\t\t\t\t<\/span>\n\t\t\t\t\t<\/a>\n\t\t\t\t<\/div>\n\t\t\t\t\t\t\t\t<\/div>\n\t\t\t\t<\/div>\n\t\t\t\t<\/div>\n\t\t<div class=\"elementor-element elementor-element-69967bad e-con-full e-flex e-con e-child\" data-id=\"69967bad\" data-element_type=\"container\">\n\t\t\t\t<div class=\"elementor-element elementor-element-dcbd2a1 elementor-widget elementor-widget-image\" data-id=\"dcbd2a1\" data-element_type=\"widget\" data-widget_type=\"image.default\">\n\t\t\t\t<div class=\"elementor-widget-container\">\n\t\t\t\t\t\t\t\t\t\t\t\t\t\t\t<img fetchpriority=\"high\" decoding=\"async\" width=\"1280\" height=\"848\" src=\"https:\/\/www.safavifinancial.com\/wp-content\/uploads\/2024\/06\/63-1.jpg\" class=\"attachment-full size-full wp-image-1202\" alt=\"\" srcset=\"https:\/\/www.safavifinancial.com\/wp-content\/uploads\/2024\/06\/63-1.jpg 1280w, https:\/\/www.safavifinancial.com\/wp-content\/uploads\/2024\/06\/63-1-300x199.jpg 300w, https:\/\/www.safavifinancial.com\/wp-content\/uploads\/2024\/06\/63-1-1024x678.jpg 1024w, https:\/\/www.safavifinancial.com\/wp-content\/uploads\/2024\/06\/63-1-768x509.jpg 768w\" sizes=\"(max-width: 1280px) 100vw, 1280px\" \/>\t\t\t\t\t\t\t\t\t\t\t\t\t\t\t<\/div>\n\t\t\t\t<\/div>\n\t\t\t\t<\/div>\n\t\t\t\t\t<\/div>\n\t\t\t\t<\/div>\n\t\t\t\t<\/div>\n\t\t","protected":false},"excerpt":{"rendered":"<p>Chez Safavi Financial Firm, nous comprenons l&rsquo;importance d&rsquo;offrir des avantages complets aux employ\u00e9s Assurance collective Votre partenaire pour la croissance et la s\u00e9curit\u00e9 financi\u00e8res Nos r\u00e9gimes d&rsquo;assurance collective offrent une gamme d&rsquo;options de couverture qui garantissent le bien-\u00eatre de vos employ\u00e9s et de leurs familles. Nous proposons des solutions personnalis\u00e9es qui peuvent inclure l&rsquo;assurance maladie, [&hellip;]<\/p>\n","protected":false},"author":1,"featured_media":0,"parent":0,"menu_order":0,"comment_status":"closed","ping_status":"closed","template":"elementor_header_footer","meta":{"footnotes":""},"class_list":["post-1473","page","type-page","status-publish","hentry"],"_links":{"self":[{"href":"https:\/\/www.safavifinancial.com\/fr\/wp-json\/wp\/v2\/pages\/1473","targetHints":{"allow":["GET"]}}],"collection":[{"href":"https:\/\/www.safavifinancial.com\/fr\/wp-json\/wp\/v2\/pages"}],"about":[{"href":"https:\/\/www.safavifinancial.com\/fr\/wp-json\/wp\/v2\/types\/page"}],"author":[{"embeddable":true,"href":"https:\/\/www.safavifinancial.com\/fr\/wp-json\/wp\/v2\/users\/1"}],"replies":[{"embeddable":true,"href":"https:\/\/www.safavifinancial.com\/fr\/wp-json\/wp\/v2\/comments?post=1473"}],"version-history":[{"count":0,"href":"https:\/\/www.safavifinancial.com\/fr\/wp-json\/wp\/v2\/pages\/1473\/revisions"}],"wp:attachment":[{"href":"https:\/\/www.safavifinancial.com\/fr\/wp-json\/wp\/v2\/media?parent=1473"}],"curies":[{"name":"wp","href":"https:\/\/api.w.org\/{rel}","templated":true}]}}