{"id":1481,"date":"2024-06-21T09:40:43","date_gmt":"2024-06-21T09:40:43","guid":{"rendered":"https:\/\/www.safavifinancial.com\/blog-sur-leducation-financiere\/"},"modified":"2025-04-29T14:49:56","modified_gmt":"2025-04-29T14:49:56","slug":"blog-sur-leducation-financiere","status":"publish","type":"page","link":"https:\/\/www.safavifinancial.com\/fr\/blog-sur-leducation-financiere\/","title":{"rendered":"Blog sur l&rsquo;\u00e9ducation financi\u00e8re"},"content":{"rendered":"\t\t<div data-elementor-type=\"wp-page\" data-elementor-id=\"1481\" class=\"elementor elementor-1481 elementor-247\" data-elementor-post-type=\"page\">\n\t\t\t\t<div class=\"elementor-element elementor-element-9730da6 e-flex e-con-boxed e-con e-parent\" data-id=\"9730da6\" data-element_type=\"container\" data-settings=\"{&quot;background_background&quot;:&quot;classic&quot;}\">\n\t\t\t\t\t<div class=\"e-con-inner\">\n\t\t<div class=\"elementor-element elementor-element-fe79c2c e-flex e-con-boxed e-con e-child\" data-id=\"fe79c2c\" data-element_type=\"container\">\n\t\t\t\t\t<div class=\"e-con-inner\">\n\t\t\t\t<div class=\"elementor-element elementor-element-dafbb99 elementor-widget elementor-widget-heading\" data-id=\"dafbb99\" data-element_type=\"widget\" data-widget_type=\"heading.default\">\n\t\t\t\t<div class=\"elementor-widget-container\">\n\t\t\t\t\t<h4 class=\"elementor-heading-title elementor-size-default\">vos conseillers financiers de confiance au Canada<\/h4>\t\t\t\t<\/div>\n\t\t\t\t<\/div>\n\t\t\t\t\t<\/div>\n\t\t\t\t<\/div>\n\t\t\t\t\t<\/div>\n\t\t\t\t<\/div>\n\t\t<div class=\"elementor-element elementor-element-3878de9 e-flex e-con-boxed e-con e-child\" data-id=\"3878de9\" data-element_type=\"container\">\n\t\t\t\t\t<div class=\"e-con-inner\">\n\t\t<div class=\"elementor-element elementor-element-ee01788 e-con-full e-flex e-con e-child\" data-id=\"ee01788\" data-element_type=\"container\" data-settings=\"{&quot;background_background&quot;:&quot;classic&quot;}\">\n\t\t\t\t<div class=\"elementor-element elementor-element-3f1022c elementor-widget elementor-widget-video\" data-id=\"3f1022c\" data-element_type=\"widget\" data-settings=\"{&quot;youtube_url&quot;:&quot;https:\\\/\\\/youtu.be\\\/2vGUkcJH__4&quot;,&quot;video_type&quot;:&quot;youtube&quot;,&quot;controls&quot;:&quot;yes&quot;}\" data-widget_type=\"video.default\">\n\t\t\t\t<div class=\"elementor-widget-container\">\n\t\t\t\t\t\t\t<div class=\"elementor-wrapper elementor-open-inline\">\n\t\t\t<div class=\"elementor-video\"><\/div>\t\t<\/div>\n\t\t\t\t\t\t<\/div>\n\t\t\t\t<\/div>\n\t\t\t\t<div class=\"elementor-element elementor-element-8bf65c1 elementor-widget elementor-widget-heading\" data-id=\"8bf65c1\" data-element_type=\"widget\" data-widget_type=\"heading.default\">\n\t\t\t\t<div class=\"elementor-widget-container\">\n\t\t\t\t\t<h4 class=\"elementor-heading-title elementor-size-default\"><a href=\"https:\/\/www.safavifinancial.com\/wp-content\/uploads\/2025\/04\/Market_Vitality_Checklist_2025.pdf\">Conversation avec Abdollah - De la lutte contre le cancer au conseil financier au Canada<\/a><\/h4>\t\t\t\t<\/div>\n\t\t\t\t<\/div>\n\t\t<div class=\"elementor-element elementor-element-4dc25d5 e-con-full e-flex e-con e-child\" data-id=\"4dc25d5\" data-element_type=\"container\">\n\t\t\t\t<div class=\"elementor-element elementor-element-67de2d4 elementor-widget elementor-widget-text-editor\" data-id=\"67de2d4\" data-element_type=\"widget\" data-widget_type=\"text-editor.default\">\n\t\t\t\t<div class=\"elementor-widget-container\">\n\t\t\t\t\t\t\t\t\t<p>Dans un paysage \u00e9conomique en constante \u00e9volution, il est plus important que jamais de comprendre comment prot\u00e9ger et faire fructifier votre patrimoine. Ce guide 2025 propose des outils pratiques, des strat\u00e9gies \u00e9prouv\u00e9es et des conseils d&rsquo;experts pour aider les Canadiens \u00e0 rester financi\u00e8rement solides en p\u00e9riode de volatilit\u00e9 des march\u00e9s. <\/p>\t\t\t\t\t\t\t\t<\/div>\n\t\t\t\t<\/div>\n\t\t\t\t<\/div>\n\t\t\t\t<\/div>\n\t\t<div class=\"elementor-element elementor-element-02f5325 e-con-full e-flex e-con e-child\" data-id=\"02f5325\" data-element_type=\"container\" data-settings=\"{&quot;background_background&quot;:&quot;classic&quot;}\">\n\t\t\t\t<div class=\"elementor-element elementor-element-2e1a3c5 elementor-widget elementor-widget-video\" data-id=\"2e1a3c5\" data-element_type=\"widget\" data-settings=\"{&quot;youtube_url&quot;:&quot;https:\\\/\\\/youtu.be\\\/AIiLv36-b4U&quot;,&quot;video_type&quot;:&quot;youtube&quot;,&quot;controls&quot;:&quot;yes&quot;}\" data-widget_type=\"video.default\">\n\t\t\t\t<div class=\"elementor-widget-container\">\n\t\t\t\t\t\t\t<div class=\"elementor-wrapper elementor-open-inline\">\n\t\t\t<div class=\"elementor-video\"><\/div>\t\t<\/div>\n\t\t\t\t\t\t<\/div>\n\t\t\t\t<\/div>\n\t\t\t\t<div class=\"elementor-element elementor-element-d801832 elementor-widget elementor-widget-heading\" data-id=\"d801832\" data-element_type=\"widget\" data-widget_type=\"heading.default\">\n\t\t\t\t<div class=\"elementor-widget-container\">\n\t\t\t\t\t<h4 class=\"elementor-heading-title elementor-size-default\"><a href=\"http:\/\/En%20tant%20que%20propri\u00e9taire%20d&#039;une%20petite%20entreprise,%20il%20est%20essentiel%20de%20comprendre%20les%20principes%20de%20base%20de%20l&#039;investissement%20pour%20assurer%20la%20croissance%20et%20la%20stabilit\u00e9%20de%20votre%20entreprise.%20Les%20investissements%20peuvent%20vous%20aider%20\u00e0%20diversifier%20vos%20revenus,%20\u00e0%20financer%20des%20projets%20d&#039;expansion%20et%20\u00e0%20assurer%20votre%20avenir%20financier.%20\">Premier panel sp\u00e9cialis\u00e9 sur l'immobilier, l'assurance et l'inspection des b\u00e2timents au Qu\u00e9bec !  \n<\/a><\/h4>\t\t\t\t<\/div>\n\t\t\t\t<\/div>\n\t\t<div class=\"elementor-element elementor-element-f77cfac e-con-full e-flex e-con e-child\" data-id=\"f77cfac\" data-element_type=\"container\">\n\t\t\t\t<div class=\"elementor-element elementor-element-5ea54ee elementor-widget elementor-widget-text-editor\" data-id=\"5ea54ee\" data-element_type=\"widget\" data-widget_type=\"text-editor.default\">\n\t\t\t\t<div class=\"elementor-widget-container\">\n\t\t\t\t\t\t\t\t\t<p>En tant que propri\u00e9taire d&rsquo;une petite entreprise, il est essentiel de comprendre les principes de base de l&rsquo;investissement pour assurer la croissance et la stabilit\u00e9 de votre entreprise. Les investissements peuvent vous aider \u00e0 diversifier vos revenus, \u00e0 financer des projets d&rsquo;expansion et \u00e0 assurer votre avenir financier. <\/p>\t\t\t\t\t\t\t\t<\/div>\n\t\t\t\t<\/div>\n\t\t\t\t<\/div>\n\t\t\t\t<\/div>\n\t\t<div class=\"elementor-element elementor-element-68bd1f8 e-con-full e-flex e-con e-child\" data-id=\"68bd1f8\" data-element_type=\"container\" data-settings=\"{&quot;background_background&quot;:&quot;classic&quot;}\">\n\t\t\t\t<div class=\"elementor-element elementor-element-34a76f5 elementor-widget elementor-widget-video\" data-id=\"34a76f5\" data-element_type=\"widget\" data-settings=\"{&quot;youtube_url&quot;:&quot;https:\\\/\\\/youtu.be\\\/gUiHsYsPlcc&quot;,&quot;video_type&quot;:&quot;youtube&quot;,&quot;controls&quot;:&quot;yes&quot;}\" data-widget_type=\"video.default\">\n\t\t\t\t<div class=\"elementor-widget-container\">\n\t\t\t\t\t\t\t<div class=\"elementor-wrapper elementor-open-inline\">\n\t\t\t<div class=\"elementor-video\"><\/div>\t\t<\/div>\n\t\t\t\t\t\t<\/div>\n\t\t\t\t<\/div>\n\t\t\t\t<div class=\"elementor-element elementor-element-14be771 elementor-widget elementor-widget-heading\" data-id=\"14be771\" data-element_type=\"widget\" data-widget_type=\"heading.default\">\n\t\t\t\t<div class=\"elementor-widget-container\">\n\t\t\t\t\t<h4 class=\"elementor-heading-title elementor-size-default\"><a href=\"http:\/\/www.safavifinancial.com\/wp-content\/uploads\/2024\/09\/Key-Steps-to-Effective-Retirement-Planning.pdf\">Saviez-vous que les banques ne peuvent pas ouvrir des fonds communs de placement ou des fonds distincts pour votre REER ?<\/a><\/h4>\t\t\t\t<\/div>\n\t\t\t\t<\/div>\n\t\t<div class=\"elementor-element elementor-element-b8682ab e-flex e-con-boxed e-con e-child\" data-id=\"b8682ab\" data-element_type=\"container\">\n\t\t\t\t\t<div class=\"e-con-inner\">\n\t\t\t\t<div class=\"elementor-element elementor-element-e0e7bc9 elementor-widget elementor-widget-text-editor\" data-id=\"e0e7bc9\" data-element_type=\"widget\" data-widget_type=\"text-editor.default\">\n\t\t\t\t<div class=\"elementor-widget-container\">\n\t\t\t\t\t\t\t\t\t<p>La planification de la retraite est essentielle pour s&rsquo;assurer un avenir confortable et s\u00fbr. Pour quelqu&rsquo;un comme Reza, qui approche de la retraite, comprendre les \u00e9tapes cl\u00e9s peut faire une diff\u00e9rence significative. <\/p>\t\t\t\t\t\t\t\t<\/div>\n\t\t\t\t<\/div>\n\t\t\t\t\t<\/div>\n\t\t\t\t<\/div>\n\t\t\t\t<\/div>\n\t\t<div class=\"elementor-element elementor-element-fed2a94 e-con-full e-flex e-con e-child\" data-id=\"fed2a94\" data-element_type=\"container\" data-settings=\"{&quot;background_background&quot;:&quot;classic&quot;}\">\n\t\t\t\t<div class=\"elementor-element elementor-element-21a5d7b elementor-widget elementor-widget-video\" data-id=\"21a5d7b\" data-element_type=\"widget\" data-settings=\"{&quot;youtube_url&quot;:&quot;https:\\\/\\\/youtu.be\\\/QWgYezpudLA&quot;,&quot;video_type&quot;:&quot;youtube&quot;,&quot;controls&quot;:&quot;yes&quot;}\" data-widget_type=\"video.default\">\n\t\t\t\t<div class=\"elementor-widget-container\">\n\t\t\t\t\t\t\t<div class=\"elementor-wrapper elementor-open-inline\">\n\t\t\t<div class=\"elementor-video\"><\/div>\t\t<\/div>\n\t\t\t\t\t\t<\/div>\n\t\t\t\t<\/div>\n\t\t\t\t<div class=\"elementor-element elementor-element-46b0bc8 elementor-widget elementor-widget-heading\" data-id=\"46b0bc8\" data-element_type=\"widget\" data-widget_type=\"heading.default\">\n\t\t\t\t<div class=\"elementor-widget-container\">\n\t\t\t\t\t<h4 class=\"elementor-heading-title elementor-size-default\"><a href=\"https:\/\/youtu.be\/QWgYezpudLA\">Saviez-vous que nos services en mati\u00e8re de REER vont au-del\u00e0 de ce qu'offrent les banques ?<\/a><\/h4>\t\t\t\t<\/div>\n\t\t\t\t<\/div>\n\t\t<div class=\"elementor-element elementor-element-c27a5ef e-flex e-con-boxed e-con e-child\" data-id=\"c27a5ef\" data-element_type=\"container\">\n\t\t\t\t\t<div class=\"e-con-inner\">\n\t\t\t\t<div class=\"elementor-element elementor-element-38b7cb7 elementor-widget elementor-widget-text-editor\" data-id=\"38b7cb7\" data-element_type=\"widget\" data-widget_type=\"text-editor.default\">\n\t\t\t\t<div class=\"elementor-widget-container\">\n\t\t\t\t\t\t\t\t\t<p>Une gestion efficace des risques est essentielle pour prot\u00e9ger votre entreprise des menaces potentielles et assurer sa r\u00e9ussite \u00e0 long terme. L&rsquo;identification et l&rsquo;att\u00e9nuation des risques peuvent \u00e9viter \u00e0 votre entreprise d&rsquo;importantes pertes financi\u00e8res. <\/p>\t\t\t\t\t\t\t\t<\/div>\n\t\t\t\t<\/div>\n\t\t\t\t\t<\/div>\n\t\t\t\t<\/div>\n\t\t\t\t<\/div>\n\t\t<div class=\"elementor-element elementor-element-db1daa4 e-con-full e-flex e-con e-child\" data-id=\"db1daa4\" data-element_type=\"container\" data-settings=\"{&quot;background_background&quot;:&quot;classic&quot;}\">\n\t\t\t\t<div class=\"elementor-element elementor-element-fb59ecb elementor-widget elementor-widget-video\" data-id=\"fb59ecb\" data-element_type=\"widget\" data-settings=\"{&quot;youtube_url&quot;:&quot;https:\\\/\\\/youtu.be\\\/Yd9vQXIMbgU&quot;,&quot;video_type&quot;:&quot;youtube&quot;,&quot;controls&quot;:&quot;yes&quot;}\" data-widget_type=\"video.default\">\n\t\t\t\t<div class=\"elementor-widget-container\">\n\t\t\t\t\t\t\t<div class=\"elementor-wrapper elementor-open-inline\">\n\t\t\t<div class=\"elementor-video\"><\/div>\t\t<\/div>\n\t\t\t\t\t\t<\/div>\n\t\t\t\t<\/div>\n\t\t\t\t<div class=\"elementor-element elementor-element-a7e1c57 elementor-widget elementor-widget-heading\" data-id=\"a7e1c57\" data-element_type=\"widget\" data-widget_type=\"heading.default\">\n\t\t\t\t<div class=\"elementor-widget-container\">\n\t\t\t\t\t<h4 class=\"elementor-heading-title elementor-size-default\"><a href=\"http:\/\/www.safavifinancial.com\/wp-content\/uploads\/2024\/09\/Tips-for-Building-a-Strong-Financial-Foundation.pdf\">D\u00e9passez les limites de votre REER gr\u00e2ce \u00e0 des strat\u00e9gies personnalis\u00e9es !<\/a><\/h4>\t\t\t\t<\/div>\n\t\t\t\t<\/div>\n\t\t<div class=\"elementor-element elementor-element-2bd4c69 e-flex e-con-boxed e-con e-child\" data-id=\"2bd4c69\" data-element_type=\"container\">\n\t\t\t\t\t<div class=\"e-con-inner\">\n\t\t\t\t<div class=\"elementor-element elementor-element-7e3af3e elementor-widget elementor-widget-text-editor\" data-id=\"7e3af3e\" data-element_type=\"widget\" data-widget_type=\"text-editor.default\">\n\t\t\t\t<div class=\"elementor-widget-container\">\n\t\t\t\t\t\t\t\t\t<p>L&rsquo;\u00e9tablissement d&rsquo;une base financi\u00e8re solide est essentiel pour atteindre la stabilit\u00e9 financi\u00e8re et la r\u00e9ussite \u00e0 long terme. Cet article fournit des conseils pratiques pour vous aider \u00e0 \u00e9tablir et \u00e0 maintenir une base financi\u00e8re solide<a href=\"http:\/\/www.safavifinancial.com\/wp-content\/uploads\/2024\/09\/Tips-for-Building-a-Strong-Financial-Foundation.pdf\" data-wplink-edit=\"true\">.Conseils pour \u00e9tablir une base financi\u00e8re solide<\/a> <\/p>\t\t\t\t\t\t\t\t<\/div>\n\t\t\t\t<\/div>\n\t\t\t\t\t<\/div>\n\t\t\t\t<\/div>\n\t\t\t\t<\/div>\n\t\t<div class=\"elementor-element elementor-element-d4f490e e-con-full e-flex e-con e-child\" data-id=\"d4f490e\" data-element_type=\"container\" data-settings=\"{&quot;background_background&quot;:&quot;classic&quot;}\">\n\t\t\t\t<div class=\"elementor-element elementor-element-dc74276 elementor-widget elementor-widget-video\" data-id=\"dc74276\" data-element_type=\"widget\" data-settings=\"{&quot;youtube_url&quot;:&quot;https:\\\/\\\/youtu.be\\\/DgOD1DEQdQA&quot;,&quot;video_type&quot;:&quot;youtube&quot;,&quot;controls&quot;:&quot;yes&quot;}\" data-widget_type=\"video.default\">\n\t\t\t\t<div class=\"elementor-widget-container\">\n\t\t\t\t\t\t\t<div class=\"elementor-wrapper elementor-open-inline\">\n\t\t\t<div class=\"elementor-video\"><\/div>\t\t<\/div>\n\t\t\t\t\t\t<\/div>\n\t\t\t\t<\/div>\n\t\t\t\t<div class=\"elementor-element elementor-element-a436ccf elementor-widget elementor-widget-heading\" data-id=\"a436ccf\" data-element_type=\"widget\" data-widget_type=\"heading.default\">\n\t\t\t\t<div class=\"elementor-widget-container\">\n\t\t\t\t\t<h4 class=\"elementor-heading-title elementor-size-default\"><a href=\"http:\/\/www.safavifinancial.com\/wp-content\/uploads\/2024\/09\/Effective-Strategies-for-Short-Term-and-Long-Term-Savings-1.pdf\">Une annonce passionnante d'Abdollah Safavi !<\/a><\/h4>\t\t\t\t<\/div>\n\t\t\t\t<\/div>\n\t\t<div class=\"elementor-element elementor-element-2ce6510 e-flex e-con-boxed e-con e-child\" data-id=\"2ce6510\" data-element_type=\"container\">\n\t\t\t\t\t<div class=\"e-con-inner\">\n\t\t\t\t<div class=\"elementor-element elementor-element-e9e14ec elementor-widget elementor-widget-text-editor\" data-id=\"e9e14ec\" data-element_type=\"widget\" data-widget_type=\"text-editor.default\">\n\t\t\t\t<div class=\"elementor-widget-container\">\n\t\t\t\t\t\t\t\t\t<p>L&rsquo;\u00e9quilibre entre l&rsquo;\u00e9pargne \u00e0 court terme et l&rsquo;\u00e9pargne \u00e0 long terme est essentiel \u00e0 la stabilit\u00e9 financi\u00e8re et \u00e0 la r\u00e9alisation de vos objectifs financiers. Cet article explore des strat\u00e9gies efficaces pour g\u00e9rer ces deux types d&rsquo;\u00e9pargne. <\/p>\t\t\t\t\t\t\t\t<\/div>\n\t\t\t\t<\/div>\n\t\t\t\t\t<\/div>\n\t\t\t\t<\/div>\n\t\t\t\t<\/div>\n\t\t<div class=\"elementor-element elementor-element-0a6e1f5 e-con-full e-flex e-con e-child\" data-id=\"0a6e1f5\" data-element_type=\"container\" data-settings=\"{&quot;background_background&quot;:&quot;classic&quot;}\">\n\t\t\t\t<div class=\"elementor-element elementor-element-9f09ee8 elementor-widget elementor-widget-video\" data-id=\"9f09ee8\" data-element_type=\"widget\" data-settings=\"{&quot;youtube_url&quot;:&quot;https:\\\/\\\/youtu.be\\\/7jivoGZeIZ0&quot;,&quot;video_type&quot;:&quot;youtube&quot;,&quot;controls&quot;:&quot;yes&quot;}\" data-widget_type=\"video.default\">\n\t\t\t\t<div class=\"elementor-widget-container\">\n\t\t\t\t\t\t\t<div class=\"elementor-wrapper elementor-open-inline\">\n\t\t\t<div class=\"elementor-video\"><\/div>\t\t<\/div>\n\t\t\t\t\t\t<\/div>\n\t\t\t\t<\/div>\n\t\t\t\t<div class=\"elementor-element elementor-element-7b0c20e elementor-widget elementor-widget-heading\" data-id=\"7b0c20e\" data-element_type=\"widget\" data-widget_type=\"heading.default\">\n\t\t\t\t<div class=\"elementor-widget-container\">\n\t\t\t\t\t<h4 class=\"elementor-heading-title elementor-size-default\"><a href=\"http:\/\/www.safavifinancial.com\/wp-content\/uploads\/2024\/09\/Effective-Strategies-for-Short-Term-and-Long-Term-Savings-1.pdf\">D\u00e9couvrez les services complets de Safavi Financial Firm !  <\/a><\/h4>\t\t\t\t<\/div>\n\t\t\t\t<\/div>\n\t\t<div class=\"elementor-element elementor-element-5df9044 e-flex e-con-boxed e-con e-child\" data-id=\"5df9044\" data-element_type=\"container\">\n\t\t\t\t\t<div class=\"e-con-inner\">\n\t\t\t\t<div class=\"elementor-element elementor-element-04e0444 elementor-widget elementor-widget-text-editor\" data-id=\"04e0444\" data-element_type=\"widget\" data-widget_type=\"text-editor.default\">\n\t\t\t\t<div class=\"elementor-widget-container\">\n\t\t\t\t\t\t\t\t\t<p>L&rsquo;\u00e9quilibre entre l&rsquo;\u00e9pargne \u00e0 court terme et l&rsquo;\u00e9pargne \u00e0 long terme est essentiel \u00e0 la stabilit\u00e9 financi\u00e8re et \u00e0 la r\u00e9alisation de vos objectifs financiers. Cet article explore des strat\u00e9gies efficaces pour g\u00e9rer ces deux types d&rsquo;\u00e9pargne. <\/p>\t\t\t\t\t\t\t\t<\/div>\n\t\t\t\t<\/div>\n\t\t\t\t\t<\/div>\n\t\t\t\t<\/div>\n\t\t\t\t<\/div>\n\t\t<div class=\"elementor-element elementor-element-d0c912e e-con-full e-flex e-con e-child\" data-id=\"d0c912e\" data-element_type=\"container\" data-settings=\"{&quot;background_background&quot;:&quot;classic&quot;}\">\n\t\t\t\t<div class=\"elementor-element elementor-element-988f09e elementor-widget elementor-widget-video\" data-id=\"988f09e\" data-element_type=\"widget\" data-settings=\"{&quot;youtube_url&quot;:&quot;https:\\\/\\\/youtu.be\\\/1OBipx7MTYo&quot;,&quot;video_type&quot;:&quot;youtube&quot;,&quot;controls&quot;:&quot;yes&quot;}\" data-widget_type=\"video.default\">\n\t\t\t\t<div class=\"elementor-widget-container\">\n\t\t\t\t\t\t\t<div class=\"elementor-wrapper elementor-open-inline\">\n\t\t\t<div class=\"elementor-video\"><\/div>\t\t<\/div>\n\t\t\t\t\t\t<\/div>\n\t\t\t\t<\/div>\n\t\t\t\t<div class=\"elementor-element elementor-element-f44c6b7 elementor-widget elementor-widget-heading\" data-id=\"f44c6b7\" data-element_type=\"widget\" data-widget_type=\"heading.default\">\n\t\t\t\t<div class=\"elementor-widget-container\">\n\t\t\t\t\t<h4 class=\"elementor-heading-title elementor-size-default\"><a href=\"http:\/\/www.safavifinancial.com\/wp-content\/uploads\/2024\/09\/Effective-Strategies-for-Short-Term-and-Long-Term-Savings-1.pdf\">Bienvenue sur la cha\u00eene YouTube officielle de Safavi Financial Firm  <\/a><\/h4>\t\t\t\t<\/div>\n\t\t\t\t<\/div>\n\t\t<div class=\"elementor-element elementor-element-bb09eba e-flex e-con-boxed e-con e-child\" data-id=\"bb09eba\" data-element_type=\"container\">\n\t\t\t\t\t<div class=\"e-con-inner\">\n\t\t\t\t<div class=\"elementor-element elementor-element-a684a7d elementor-widget elementor-widget-text-editor\" data-id=\"a684a7d\" data-element_type=\"widget\" data-widget_type=\"text-editor.default\">\n\t\t\t\t<div class=\"elementor-widget-container\">\n\t\t\t\t\t\t\t\t\t<p>\ud83d\ude80 Exciting Announcement from Abdollah Safavi! \ud83d\ude80 Welcome to the official YouTube channel of Safavi Financial Firm! I\u2019m thrilled to share with you the launch of our financial services firm, dedicated to helping you achieve your financial goals with personalized and comprehensive solutions. At Safavi Financial Firm, we believe that every individual\u2019s financial journey is unique, and we\u2019re here to tailor our services to meet your specific needs. Whether it\u2019s personal financial planning, investment management, retirement planning, or risk management, our experienced team is committed to guiding you every step of the way. I invite you to join us on this exciting journey. Visit our website to learn more about how we can help you secure your financial future with confidence.<\/p>\t\t\t\t\t\t\t\t<\/div>\n\t\t\t\t<\/div>\n\t\t\t\t\t<\/div>\n\t\t\t\t<\/div>\n\t\t\t\t<\/div>\n\t\t\t\t\t<\/div>\n\t\t\t\t<\/div>\n\t\t\t\t<\/div>\n\t\t","protected":false},"excerpt":{"rendered":"<p>vos conseillers financiers de confiance au Canada Conversation avec Abdollah &#8211; De la lutte contre le cancer au conseil financier au Canada Dans un paysage \u00e9conomique en constante \u00e9volution, il est plus important que jamais de comprendre comment prot\u00e9ger et faire fructifier votre patrimoine. Ce guide 2025 propose des outils pratiques, des strat\u00e9gies \u00e9prouv\u00e9es et [&hellip;]<\/p>\n","protected":false},"author":1,"featured_media":0,"parent":0,"menu_order":0,"comment_status":"closed","ping_status":"closed","template":"elementor_header_footer","meta":{"footnotes":""},"class_list":["post-1481","page","type-page","status-publish","hentry"],"_links":{"self":[{"href":"https:\/\/www.safavifinancial.com\/fr\/wp-json\/wp\/v2\/pages\/1481","targetHints":{"allow":["GET"]}}],"collection":[{"href":"https:\/\/www.safavifinancial.com\/fr\/wp-json\/wp\/v2\/pages"}],"about":[{"href":"https:\/\/www.safavifinancial.com\/fr\/wp-json\/wp\/v2\/types\/page"}],"author":[{"embeddable":true,"href":"https:\/\/www.safavifinancial.com\/fr\/wp-json\/wp\/v2\/users\/1"}],"replies":[{"embeddable":true,"href":"https:\/\/www.safavifinancial.com\/fr\/wp-json\/wp\/v2\/comments?post=1481"}],"version-history":[{"count":2,"href":"https:\/\/www.safavifinancial.com\/fr\/wp-json\/wp\/v2\/pages\/1481\/revisions"}],"predecessor-version":[{"id":3916,"href":"https:\/\/www.safavifinancial.com\/fr\/wp-json\/wp\/v2\/pages\/1481\/revisions\/3916"}],"wp:attachment":[{"href":"https:\/\/www.safavifinancial.com\/fr\/wp-json\/wp\/v2\/media?parent=1481"}],"curies":[{"name":"wp","href":"https:\/\/api.w.org\/{rel}","templated":true}]}}