{"id":1492,"date":"2024-06-21T09:37:07","date_gmt":"2024-06-21T09:37:07","guid":{"rendered":"https:\/\/www.safavifinancial.com\/assurance-maladie-grave\/"},"modified":"2024-07-06T09:12:11","modified_gmt":"2024-07-06T09:12:11","slug":"assurance-maladie-grave","status":"publish","type":"page","link":"https:\/\/www.safavifinancial.com\/fr\/assurance-maladie-grave\/","title":{"rendered":"Assurance maladie grave"},"content":{"rendered":"\t\t<div data-elementor-type=\"wp-page\" data-elementor-id=\"1492\" class=\"elementor elementor-1492 elementor-225\" data-elementor-post-type=\"page\">\n\t\t\t\t<div class=\"elementor-element elementor-element-2be1f321 e-flex e-con-boxed e-con e-parent\" data-id=\"2be1f321\" data-element_type=\"container\" data-settings=\"{&quot;background_background&quot;:&quot;classic&quot;}\">\n\t\t\t\t\t<div class=\"e-con-inner\">\n\t\t<div class=\"elementor-element elementor-element-3284d97f e-flex e-con-boxed e-con e-child\" data-id=\"3284d97f\" data-element_type=\"container\">\n\t\t\t\t\t<div class=\"e-con-inner\">\n\t\t\t\t<div class=\"elementor-element elementor-element-32efe3fd elementor-widget elementor-widget-heading\" data-id=\"32efe3fd\" data-element_type=\"widget\" data-widget_type=\"heading.default\">\n\t\t\t\t<div class=\"elementor-widget-container\">\n\t\t\t\t\t<h1 class=\"elementor-heading-title elementor-size-default\">Assurance maladie grave<\/h1>\t\t\t\t<\/div>\n\t\t\t\t<\/div>\n\t\t\t\t<div class=\"elementor-element elementor-element-7de6af3 elementor-widget elementor-widget-heading\" data-id=\"7de6af3\" data-element_type=\"widget\" data-widget_type=\"heading.default\">\n\t\t\t\t<div class=\"elementor-widget-container\">\n\t\t\t\t\t<h4 class=\"elementor-heading-title elementor-size-default\">Faire face \u00e0 une maladie grave peut \u00eatre une source de stress, non seulement sur le plan \u00e9motionnel et physique, mais aussi sur le plan financier<\/h4>\t\t\t\t<\/div>\n\t\t\t\t<\/div>\n\t\t\t\t\t<\/div>\n\t\t\t\t<\/div>\n\t\t\t\t\t<\/div>\n\t\t\t\t<\/div>\n\t\t<div class=\"elementor-element elementor-element-4a5854c0 e-flex e-con-boxed e-con e-parent\" data-id=\"4a5854c0\" data-element_type=\"container\" data-settings=\"{&quot;background_background&quot;:&quot;classic&quot;}\">\n\t\t\t\t\t<div class=\"e-con-inner\">\n\t\t<div class=\"elementor-element elementor-element-6510dc79 e-con-full e-flex e-con e-child\" data-id=\"6510dc79\" data-element_type=\"container\">\n\t\t\t\t<div class=\"elementor-element elementor-element-7c50b76b elementor-widget elementor-widget-heading\" data-id=\"7c50b76b\" data-element_type=\"widget\" data-widget_type=\"heading.default\">\n\t\t\t\t<div class=\"elementor-widget-container\">\n\t\t\t\t\t<h6 class=\"elementor-heading-title elementor-size-default\">Assurance maladie grave<\/h6>\t\t\t\t<\/div>\n\t\t\t\t<\/div>\n\t\t\t\t<div class=\"elementor-element elementor-element-6c6ccf1b elementor-widget elementor-widget-heading\" data-id=\"6c6ccf1b\" data-element_type=\"widget\" data-widget_type=\"heading.default\">\n\t\t\t\t<div class=\"elementor-widget-container\">\n\t\t\t\t\t<h2 class=\"elementor-heading-title elementor-size-default\">Assurance maladies graves Canada<\/h2>\t\t\t\t<\/div>\n\t\t\t\t<\/div>\n\t\t\t\t<div class=\"elementor-element elementor-element-7c05e31f elementor-widget elementor-widget-heading\" data-id=\"7c05e31f\" data-element_type=\"widget\" data-widget_type=\"heading.default\">\n\t\t\t\t<div class=\"elementor-widget-container\">\n\t\t\t\t\t<div class=\"elementor-heading-title elementor-size-default\">Faire face \u00e0 une maladie grave peut \u00eatre une source de stress, non seulement sur le plan \u00e9motionnel et physique, mais aussi sur le plan financier. L'assurance contre les maladies graves de Safavi Financial Firm pr\u00e9voit le versement d'une somme forfaitaire en cas de diagnostic d'une des maladies graves couvertes par la police.  <br>Ce soutien financier peut s'av\u00e9rer essentiel pour vous permettre de vous concentrer sur votre r\u00e9tablissement sans le stress suppl\u00e9mentaire des charges financi\u00e8res, couvrant des co\u00fbts tels que la perte de revenus, les traitements m\u00e9dicaux non couverts par l'assurance maladie et les modifications n\u00e9cessaires \u00e0 votre domicile.<\/div>\t\t\t\t<\/div>\n\t\t\t\t<\/div>\n\t\t\t\t<div class=\"elementor-element elementor-element-5a99f773 elementor-widget elementor-widget-button\" data-id=\"5a99f773\" data-element_type=\"widget\" data-widget_type=\"button.default\">\n\t\t\t\t<div class=\"elementor-widget-container\">\n\t\t\t\t\t\t\t\t\t<div class=\"elementor-button-wrapper\">\n\t\t\t\t\t<a class=\"elementor-button elementor-button-link elementor-size-md\" href=\"https:\/\/www.safavifinancial.com\/online-consultation-scheduling\/\">\n\t\t\t\t\t\t<span class=\"elementor-button-content-wrapper\">\n\t\t\t\t\t\t\t\t\t<span class=\"elementor-button-text\">D\u00e9couvrir plus<\/span>\n\t\t\t\t\t<\/span>\n\t\t\t\t\t<\/a>\n\t\t\t\t<\/div>\n\t\t\t\t\t\t\t\t<\/div>\n\t\t\t\t<\/div>\n\t\t\t\t<\/div>\n\t\t<div class=\"elementor-element elementor-element-a796491 e-con-full e-flex e-con e-child\" data-id=\"a796491\" data-element_type=\"container\">\n\t\t\t\t<div class=\"elementor-element elementor-element-31a59fc6 elementor-widget elementor-widget-image\" data-id=\"31a59fc6\" data-element_type=\"widget\" data-widget_type=\"image.default\">\n\t\t\t\t<div class=\"elementor-widget-container\">\n\t\t\t\t\t\t\t\t\t\t\t\t\t\t\t<img fetchpriority=\"high\" decoding=\"async\" width=\"1280\" height=\"848\" src=\"https:\/\/www.safavifinancial.com\/wp-content\/uploads\/2024\/06\/53.jpg\" class=\"attachment-full size-full wp-image-1191\" alt=\"\" srcset=\"https:\/\/www.safavifinancial.com\/wp-content\/uploads\/2024\/06\/53.jpg 1280w, https:\/\/www.safavifinancial.com\/wp-content\/uploads\/2024\/06\/53-300x199.jpg 300w, https:\/\/www.safavifinancial.com\/wp-content\/uploads\/2024\/06\/53-1024x678.jpg 1024w, https:\/\/www.safavifinancial.com\/wp-content\/uploads\/2024\/06\/53-768x509.jpg 768w\" sizes=\"(max-width: 1280px) 100vw, 1280px\" \/>\t\t\t\t\t\t\t\t\t\t\t\t\t\t\t<\/div>\n\t\t\t\t<\/div>\n\t\t\t\t<\/div>\n\t\t\t\t\t<\/div>\n\t\t\t\t<\/div>\n\t\t\t\t<\/div>\n\t\t","protected":false},"excerpt":{"rendered":"<p>Faire face \u00e0 une maladie grave peut \u00eatre une source de stress, non seulement sur le plan \u00e9motionnel et physique, mais aussi sur le plan financier Assurance maladie grave Assurance maladies graves Canada Faire face \u00e0 une maladie grave peut \u00eatre une source de stress, non seulement sur le plan \u00e9motionnel et physique, mais aussi [&hellip;]<\/p>\n","protected":false},"author":1,"featured_media":0,"parent":0,"menu_order":0,"comment_status":"closed","ping_status":"closed","template":"elementor_header_footer","meta":{"footnotes":""},"class_list":["post-1492","page","type-page","status-publish","hentry"],"_links":{"self":[{"href":"https:\/\/www.safavifinancial.com\/fr\/wp-json\/wp\/v2\/pages\/1492","targetHints":{"allow":["GET"]}}],"collection":[{"href":"https:\/\/www.safavifinancial.com\/fr\/wp-json\/wp\/v2\/pages"}],"about":[{"href":"https:\/\/www.safavifinancial.com\/fr\/wp-json\/wp\/v2\/types\/page"}],"author":[{"embeddable":true,"href":"https:\/\/www.safavifinancial.com\/fr\/wp-json\/wp\/v2\/users\/1"}],"replies":[{"embeddable":true,"href":"https:\/\/www.safavifinancial.com\/fr\/wp-json\/wp\/v2\/comments?post=1492"}],"version-history":[{"count":0,"href":"https:\/\/www.safavifinancial.com\/fr\/wp-json\/wp\/v2\/pages\/1492\/revisions"}],"wp:attachment":[{"href":"https:\/\/www.safavifinancial.com\/fr\/wp-json\/wp\/v2\/media?parent=1492"}],"curies":[{"name":"wp","href":"https:\/\/api.w.org\/{rel}","templated":true}]}}