{"id":1499,"date":"2024-06-21T09:36:35","date_gmt":"2024-06-21T09:36:35","guid":{"rendered":"https:\/\/www.safavifinancial.com\/assurance-vie\/"},"modified":"2024-07-06T09:12:11","modified_gmt":"2024-07-06T09:12:11","slug":"assurance-vie","status":"publish","type":"page","link":"https:\/\/www.safavifinancial.com\/fr\/assurance-vie\/","title":{"rendered":"Assurance vie"},"content":{"rendered":"\t\t<div data-elementor-type=\"wp-page\" data-elementor-id=\"1499\" class=\"elementor elementor-1499 elementor-221\" data-elementor-post-type=\"page\">\n\t\t\t\t<div class=\"elementor-element elementor-element-2518b0ee e-flex e-con-boxed e-con e-parent\" data-id=\"2518b0ee\" data-element_type=\"container\" data-settings=\"{&quot;background_background&quot;:&quot;classic&quot;}\">\n\t\t\t\t\t<div class=\"e-con-inner\">\n\t\t<div class=\"elementor-element elementor-element-1fcb3cce e-flex e-con-boxed e-con e-child\" data-id=\"1fcb3cce\" data-element_type=\"container\">\n\t\t\t\t\t<div class=\"e-con-inner\">\n\t\t\t\t<div class=\"elementor-element elementor-element-7307a20a elementor-widget elementor-widget-heading\" data-id=\"7307a20a\" data-element_type=\"widget\" data-widget_type=\"heading.default\">\n\t\t\t\t<div class=\"elementor-widget-container\">\n\t\t\t\t\t<h1 class=\"elementor-heading-title elementor-size-default\">Assurance vie<\/h1>\t\t\t\t<\/div>\n\t\t\t\t<\/div>\n\t\t\t\t<div class=\"elementor-element elementor-element-55ac6ca5 elementor-widget elementor-widget-heading\" data-id=\"55ac6ca5\" data-element_type=\"widget\" data-widget_type=\"heading.default\">\n\t\t\t\t<div class=\"elementor-widget-container\">\n\t\t\t\t\t<h4 class=\"elementor-heading-title elementor-size-default\">Assurer l'avenir de vos proches est une priorit\u00e9.  <br>une pr\u00e9occupation pour beaucoup<\/h4>\t\t\t\t<\/div>\n\t\t\t\t<\/div>\n\t\t\t\t\t<\/div>\n\t\t\t\t<\/div>\n\t\t\t\t\t<\/div>\n\t\t\t\t<\/div>\n\t\t<div class=\"elementor-element elementor-element-72cde954 e-flex e-con-boxed e-con e-parent\" data-id=\"72cde954\" data-element_type=\"container\" data-settings=\"{&quot;background_background&quot;:&quot;classic&quot;}\">\n\t\t\t\t\t<div class=\"e-con-inner\">\n\t\t<div class=\"elementor-element elementor-element-62fc81cd e-con-full e-flex e-con e-child\" data-id=\"62fc81cd\" data-element_type=\"container\">\n\t\t\t\t<div class=\"elementor-element elementor-element-7b64c910 elementor-widget elementor-widget-heading\" data-id=\"7b64c910\" data-element_type=\"widget\" data-widget_type=\"heading.default\">\n\t\t\t\t<div class=\"elementor-widget-container\">\n\t\t\t\t\t<h6 class=\"elementor-heading-title elementor-size-default\">Assurance vie<\/h6>\t\t\t\t<\/div>\n\t\t\t\t<\/div>\n\t\t\t\t<div class=\"elementor-element elementor-element-17271f23 elementor-widget elementor-widget-heading\" data-id=\"17271f23\" data-element_type=\"widget\" data-widget_type=\"heading.default\">\n\t\t\t\t<div class=\"elementor-widget-container\">\n\t\t\t\t\t<h2 class=\"elementor-heading-title elementor-size-default\">Assurer l'avenir de vos proches est une pr\u00e9occupation majeure pour de nombreuses personnes.<\/h2>\t\t\t\t<\/div>\n\t\t\t\t<\/div>\n\t\t\t\t<div class=\"elementor-element elementor-element-6e1afa16 elementor-widget elementor-widget-heading\" data-id=\"6e1afa16\" data-element_type=\"widget\" data-widget_type=\"heading.default\">\n\t\t\t\t<div class=\"elementor-widget-container\">\n\t\t\t\t\t<div class=\"elementor-heading-title elementor-size-default\">Assurer l'avenir de vos proches est une pr\u00e9occupation majeure pour beaucoup. Nos polices d'assurance vie sont con\u00e7ues pour offrir une s\u00e9curit\u00e9 financi\u00e8re \u00e0 votre famille en cas de d\u00e9c\u00e8s pr\u00e9matur\u00e9. Que vous optiez pour une assurance vie temporaire, qui offre une protection pendant une p\u00e9riode d\u00e9termin\u00e9e, ou pour une assurance vie enti\u00e8re, qui offre une couverture \u00e0 vie et une croissance des investissements, nous vous guidons dans le choix du bon plan qui correspond \u00e0 vos objectifs financiers et aux besoins de votre famille.<\/div>\t\t\t\t<\/div>\n\t\t\t\t<\/div>\n\t\t\t\t<div class=\"elementor-element elementor-element-aff883d elementor-widget elementor-widget-button\" data-id=\"aff883d\" data-element_type=\"widget\" data-widget_type=\"button.default\">\n\t\t\t\t<div class=\"elementor-widget-container\">\n\t\t\t\t\t\t\t\t\t<div class=\"elementor-button-wrapper\">\n\t\t\t\t\t<a class=\"elementor-button elementor-button-link elementor-size-md\" href=\"https:\/\/www.safavifinancial.com\/online-consultation-scheduling\/\">\n\t\t\t\t\t\t<span class=\"elementor-button-content-wrapper\">\n\t\t\t\t\t\t\t\t\t<span class=\"elementor-button-text\">D\u00e9couvrir plus<\/span>\n\t\t\t\t\t<\/span>\n\t\t\t\t\t<\/a>\n\t\t\t\t<\/div>\n\t\t\t\t\t\t\t\t<\/div>\n\t\t\t\t<\/div>\n\t\t\t\t<\/div>\n\t\t<div class=\"elementor-element elementor-element-1fb2dc2d e-con-full e-flex e-con e-child\" data-id=\"1fb2dc2d\" data-element_type=\"container\">\n\t\t\t\t<div class=\"elementor-element elementor-element-18c0b900 elementor-widget elementor-widget-image\" data-id=\"18c0b900\" data-element_type=\"widget\" data-widget_type=\"image.default\">\n\t\t\t\t<div class=\"elementor-widget-container\">\n\t\t\t\t\t\t\t\t\t\t\t\t\t\t\t<img fetchpriority=\"high\" decoding=\"async\" width=\"1280\" height=\"848\" src=\"http:\/\/www.safavifinancial.com\/wp-content\/uploads\/2024\/06\/49.jpg\" class=\"attachment-full size-full wp-image-1187\" alt=\"\" srcset=\"http:\/\/www.safavifinancial.com\/wp-content\/uploads\/2024\/06\/49.jpg 1280w, http:\/\/www.safavifinancial.com\/wp-content\/uploads\/2024\/06\/49-300x199.jpg 300w, http:\/\/www.safavifinancial.com\/wp-content\/uploads\/2024\/06\/49-1024x678.jpg 1024w, http:\/\/www.safavifinancial.com\/wp-content\/uploads\/2024\/06\/49-768x509.jpg 768w\" sizes=\"(max-width: 1280px) 100vw, 1280px\" \/>\t\t\t\t\t\t\t\t\t\t\t\t\t\t\t<\/div>\n\t\t\t\t<\/div>\n\t\t\t\t<\/div>\n\t\t\t\t\t<\/div>\n\t\t\t\t<\/div>\n\t\t\t\t<\/div>\n\t\t","protected":false},"excerpt":{"rendered":"<p>Assurer l&rsquo;avenir de vos proches est une priorit\u00e9. une pr\u00e9occupation pour beaucoup Assurance vie Assurer l&rsquo;avenir de vos proches est une pr\u00e9occupation majeure pour de nombreuses personnes. Assurer l&rsquo;avenir de vos proches est une pr\u00e9occupation majeure pour beaucoup. Nos polices d&rsquo;assurance vie sont con\u00e7ues pour offrir une s\u00e9curit\u00e9 financi\u00e8re \u00e0 votre famille en cas de [&hellip;]<\/p>\n","protected":false},"author":1,"featured_media":0,"parent":0,"menu_order":0,"comment_status":"closed","ping_status":"closed","template":"elementor_header_footer","meta":{"footnotes":""},"class_list":["post-1499","page","type-page","status-publish","hentry"],"_links":{"self":[{"href":"https:\/\/www.safavifinancial.com\/fr\/wp-json\/wp\/v2\/pages\/1499","targetHints":{"allow":["GET"]}}],"collection":[{"href":"https:\/\/www.safavifinancial.com\/fr\/wp-json\/wp\/v2\/pages"}],"about":[{"href":"https:\/\/www.safavifinancial.com\/fr\/wp-json\/wp\/v2\/types\/page"}],"author":[{"embeddable":true,"href":"https:\/\/www.safavifinancial.com\/fr\/wp-json\/wp\/v2\/users\/1"}],"replies":[{"embeddable":true,"href":"https:\/\/www.safavifinancial.com\/fr\/wp-json\/wp\/v2\/comments?post=1499"}],"version-history":[{"count":0,"href":"https:\/\/www.safavifinancial.com\/fr\/wp-json\/wp\/v2\/pages\/1499\/revisions"}],"wp:attachment":[{"href":"https:\/\/www.safavifinancial.com\/fr\/wp-json\/wp\/v2\/media?parent=1499"}],"curies":[{"name":"wp","href":"https:\/\/api.w.org\/{rel}","templated":true}]}}