{"id":4158,"date":"2025-11-03T17:52:41","date_gmt":"2025-11-03T17:52:41","guid":{"rendered":"https:\/\/www.safavifinancial.com\/roy-michel-sabbagh\/"},"modified":"2025-11-12T19:27:47","modified_gmt":"2025-11-12T19:27:47","slug":"roy-michel-sabbagh","status":"publish","type":"page","link":"https:\/\/www.safavifinancial.com\/fr\/roy-michel-sabbagh\/","title":{"rendered":"Roy Michel Sabbagh"},"content":{"rendered":"\t\t<div data-elementor-type=\"wp-page\" data-elementor-id=\"4158\" class=\"elementor elementor-4158 elementor-4135\" data-elementor-post-type=\"page\">\n\t\t\t\t<div class=\"elementor-element elementor-element-d327959 e-flex e-con-boxed e-con e-parent\" data-id=\"d327959\" data-element_type=\"container\" data-settings=\"{&quot;background_background&quot;:&quot;classic&quot;}\">\n\t\t\t\t\t<div class=\"e-con-inner\">\n\t\t<div class=\"elementor-element elementor-element-2f05f9a e-flex e-con-boxed e-con e-child\" data-id=\"2f05f9a\" data-element_type=\"container\">\n\t\t\t\t\t<div class=\"e-con-inner\">\n\t\t\t\t<div class=\"elementor-element elementor-element-34ad239 elementor-widget elementor-widget-heading\" data-id=\"34ad239\" data-element_type=\"widget\" data-widget_type=\"heading.default\">\n\t\t\t\t<div class=\"elementor-widget-container\">\n\t\t\t\t\t<h1 class=\"elementor-heading-title elementor-size-default\">Roy Michel Sabbagh<\/h1>\t\t\t\t<\/div>\n\t\t\t\t<\/div>\n\t\t\t\t<div class=\"elementor-element elementor-element-5364ea9 elementor-widget elementor-widget-heading\" data-id=\"5364ea9\" data-element_type=\"widget\" data-widget_type=\"heading.default\">\n\t\t\t\t<div class=\"elementor-widget-container\">\n\t\t\t\t\t<h4 class=\"elementor-heading-title elementor-size-default\">\u00c0 propos de Roy Michel Sabbagh<\/h4>\t\t\t\t<\/div>\n\t\t\t\t<\/div>\n\t\t\t\t\t<\/div>\n\t\t\t\t<\/div>\n\t\t\t\t\t<\/div>\n\t\t\t\t<\/div>\n\t\t<div class=\"elementor-element elementor-element-0b73ca2 e-flex e-con-boxed e-con e-parent\" data-id=\"0b73ca2\" data-element_type=\"container\" data-settings=\"{&quot;background_background&quot;:&quot;classic&quot;}\">\n\t\t\t\t\t<div class=\"e-con-inner\">\n\t\t<div class=\"elementor-element elementor-element-55bc4bc e-con-full e-flex e-con e-child\" data-id=\"55bc4bc\" data-element_type=\"container\">\n\t\t\t\t<div class=\"elementor-element elementor-element-5f6b520 elementor-widget elementor-widget-heading\" data-id=\"5f6b520\" data-element_type=\"widget\" data-widget_type=\"heading.default\">\n\t\t\t\t<div class=\"elementor-widget-container\">\n\t\t\t\t\t<h6 class=\"elementor-heading-title elementor-size-default\">\u00c0 propos de Roy Michel Sabbagh<\/h6>\t\t\t\t<\/div>\n\t\t\t\t<\/div>\n\t\t\t\t<div class=\"elementor-element elementor-element-5830621 elementor-widget__width-initial elementor-widget elementor-widget-heading\" data-id=\"5830621\" data-element_type=\"widget\" data-widget_type=\"heading.default\">\n\t\t\t\t<div class=\"elementor-widget-container\">\n\t\t\t\t\t<div class=\"elementor-heading-title elementor-size-default\">Roy Michel Sabbagh\n\nAvec plus de 20 ans d'exp\u00e9rience en comptabilit\u00e9, Roy Michel est un expert-comptable qui a occup\u00e9 des postes financiers cl\u00e9s dans divers secteurs d'activit\u00e9, fournissant constamment un soutien pr\u00e9cis, perspicace et strat\u00e9gique aux entreprises. Son expertise couvre la tenue de livres, les rapports financiers, la paie, l'imp\u00f4t sur le revenu des particuliers et des soci\u00e9t\u00e9s (T2\/CO17). Parfaitement bilingue en anglais et en fran\u00e7ais, il est fier de fournir un service \u00e0 la client\u00e8le de haute qualit\u00e9 avec pr\u00e9cision, int\u00e9grit\u00e9 et une approche personnalis\u00e9e pour chaque client. Roy Michel apporte clart\u00e9 et confiance \u00e0 chaque interaction avec le client, assurant une communication sans faille et des r\u00e9sultats fiables.   \n\n<\/div>\t\t\t\t<\/div>\n\t\t\t\t<\/div>\n\t\t\t\t<div class=\"elementor-element elementor-element-4101f42 elementor-widget elementor-widget-text-editor\" data-id=\"4101f42\" data-element_type=\"widget\" data-widget_type=\"text-editor.default\">\n\t\t\t\t<div class=\"elementor-widget-container\">\n\t\t\t\t\t\t\t\t\t<p>Mobile : 514-575-9699<br><br><\/p>\t\t\t\t\t\t\t\t<\/div>\n\t\t\t\t<\/div>\n\t\t\t\t<div class=\"elementor-element elementor-element-4598ecb elementor-shape-rounded elementor-grid-0 e-grid-align-center elementor-widget elementor-widget-social-icons\" data-id=\"4598ecb\" data-element_type=\"widget\" data-widget_type=\"social-icons.default\">\n\t\t\t\t<div class=\"elementor-widget-container\">\n\t\t\t\t\t\t\t<div class=\"elementor-social-icons-wrapper elementor-grid\">\n\t\t\t\t\t\t\t<span class=\"elementor-grid-item\">\n\t\t\t\t\t<a class=\"elementor-icon elementor-social-icon elementor-social-icon-linkedin elementor-repeater-item-1a0e865\" href=\"https:\/\/www.linkedin.com\/in\/roy-sabbagh\/\" target=\"_blank\">\n\t\t\t\t\t\t<span class=\"elementor-screen-only\">Linkedin<\/span>\n\t\t\t\t\t\t<svg class=\"e-font-icon-svg e-fab-linkedin\" viewBox=\"0 0 448 512\" xmlns=\"http:\/\/www.w3.org\/2000\/svg\"><path d=\"M416 32H31.9C14.3 32 0 46.5 0 64.3v383.4C0 465.5 14.3 480 31.9 480H416c17.6 0 32-14.5 32-32.3V64.3c0-17.8-14.4-32.3-32-32.3zM135.4 416H69V202.2h66.5V416zm-33.2-243c-21.3 0-38.5-17.3-38.5-38.5S80.9 96 102.2 96c21.2 0 38.5 17.3 38.5 38.5 0 21.3-17.2 38.5-38.5 38.5zm282.1 243h-66.4V312c0-24.8-.5-56.7-34.5-56.7-34.6 0-39.9 27-39.9 54.9V416h-66.4V202.2h63.7v29.2h.9c8.9-16.8 30.6-34.5 62.9-34.5 67.2 0 79.7 44.3 79.7 101.9V416z\"><\/path><\/svg>\t\t\t\t\t<\/a>\n\t\t\t\t<\/span>\n\t\t\t\t\t<\/div>\n\t\t\t\t\t\t<\/div>\n\t\t\t\t<\/div>\n\t\t\t\t<\/div>\n\t\t<div class=\"elementor-element elementor-element-6a1470d e-con-full e-flex e-con e-child\" data-id=\"6a1470d\" data-element_type=\"container\">\n\t\t\t\t<div class=\"elementor-element elementor-element-e792779 elementor-widget__width-auto elementor-widget elementor-widget-image\" data-id=\"e792779\" data-element_type=\"widget\" data-widget_type=\"image.default\">\n\t\t\t\t<div class=\"elementor-widget-container\">\n\t\t\t\t\t\t\t\t\t\t\t\t\t\t\t<img fetchpriority=\"high\" decoding=\"async\" width=\"499\" height=\"499\" src=\"https:\/\/www.safavifinancial.com\/wp-content\/uploads\/2025\/11\/Team-2.png\" class=\"attachment-full size-full wp-image-4150\" alt=\"\" srcset=\"https:\/\/www.safavifinancial.com\/wp-content\/uploads\/2025\/11\/Team-2.png 499w, https:\/\/www.safavifinancial.com\/wp-content\/uploads\/2025\/11\/Team-2-300x300.png 300w, https:\/\/www.safavifinancial.com\/wp-content\/uploads\/2025\/11\/Team-2-150x150.png 150w\" sizes=\"(max-width: 499px) 100vw, 499px\" \/>\t\t\t\t\t\t\t\t\t\t\t\t\t\t\t<\/div>\n\t\t\t\t<\/div>\n\t\t\t\t<\/div>\n\t\t\t\t\t<\/div>\n\t\t\t\t<\/div>\n\t\t\t\t<\/div>\n\t\t","protected":false},"excerpt":{"rendered":"<p>\u00c0 propos de Roy Michel Sabbagh \u00c0 propos de Roy Michel Sabbagh Roy Michel Sabbagh Avec plus de 20 ans d&rsquo;exp\u00e9rience en comptabilit\u00e9, Roy Michel est un expert-comptable qui a occup\u00e9 des postes financiers cl\u00e9s dans divers secteurs d&rsquo;activit\u00e9, fournissant constamment un soutien pr\u00e9cis, perspicace et strat\u00e9gique aux entreprises. Son expertise couvre la tenue de [&hellip;]<\/p>\n","protected":false},"author":2,"featured_media":0,"parent":0,"menu_order":0,"comment_status":"closed","ping_status":"closed","template":"elementor_header_footer","meta":{"footnotes":""},"class_list":["post-4158","page","type-page","status-publish","hentry"],"_links":{"self":[{"href":"https:\/\/www.safavifinancial.com\/fr\/wp-json\/wp\/v2\/pages\/4158","targetHints":{"allow":["GET"]}}],"collection":[{"href":"https:\/\/www.safavifinancial.com\/fr\/wp-json\/wp\/v2\/pages"}],"about":[{"href":"https:\/\/www.safavifinancial.com\/fr\/wp-json\/wp\/v2\/types\/page"}],"author":[{"embeddable":true,"href":"https:\/\/www.safavifinancial.com\/fr\/wp-json\/wp\/v2\/users\/2"}],"replies":[{"embeddable":true,"href":"https:\/\/www.safavifinancial.com\/fr\/wp-json\/wp\/v2\/comments?post=4158"}],"version-history":[{"count":1,"href":"https:\/\/www.safavifinancial.com\/fr\/wp-json\/wp\/v2\/pages\/4158\/revisions"}],"predecessor-version":[{"id":4159,"href":"https:\/\/www.safavifinancial.com\/fr\/wp-json\/wp\/v2\/pages\/4158\/revisions\/4159"}],"wp:attachment":[{"href":"https:\/\/www.safavifinancial.com\/fr\/wp-json\/wp\/v2\/media?parent=4158"}],"curies":[{"name":"wp","href":"https:\/\/api.w.org\/{rel}","templated":true}]}}